{"id":53954,"date":"2025-12-19T19:29:02","date_gmt":"2025-12-19T19:29:02","guid":{"rendered":"https:\/\/magasingeneralterrebonne.com\/le-marche\/"},"modified":"2026-03-05T15:45:46","modified_gmt":"2026-03-05T15:45:46","slug":"le-marche","status":"publish","type":"page","link":"https:\/\/magasingeneralterrebonne.com\/fr\/le-marche\/","title":{"rendered":"Le March\u00e9"},"content":{"rendered":"\t\t<div data-elementor-type=\"wp-page\" data-elementor-id=\"53954\" class=\"elementor elementor-53954 elementor-51451\">\n\t\t\t\t\t\t<section class=\"elementor-section elementor-top-section elementor-element elementor-element-0c248c8 elementor-section-boxed elementor-section-height-default elementor-section-height-default sc_fly_static\" data-id=\"0c248c8\" data-element_type=\"section\" data-e-type=\"section\">\n\t\t\t\t\t\t<div class=\"elementor-container elementor-column-gap-extended\">\n\t\t\t\t\t<div class=\"elementor-column elementor-col-100 elementor-top-column elementor-element elementor-element-8a7b92e sc_content_align_inherit sc_layouts_column_icons_position_left sc_fly_static\" data-id=\"8a7b92e\" data-element_type=\"column\" data-e-type=\"column\">\n\t\t\t<div class=\"elementor-widget-wrap elementor-element-populated\">\n\t\t\t\t\t\t<div class=\"elementor-element elementor-element-16e0784 sc_height_huge sc_fly_static elementor-widget elementor-widget-spacer\" data-id=\"16e0784\" data-element_type=\"widget\" data-e-type=\"widget\" data-widget_type=\"spacer.default\">\n\t\t\t\t<div class=\"elementor-widget-container\">\n\t\t\t\t\t\t\t<div class=\"elementor-spacer\">\n\t\t\t<div class=\"elementor-spacer-inner\"><\/div>\n\t\t<\/div>\n\t\t\t\t\t\t<\/div>\n\t\t\t\t<\/div>\n\t\t\t\t\t<\/div>\n\t\t<\/div>\n\t\t\t\t\t<\/div>\n\t\t<\/section>\n\t\t\t\t<section class=\"elementor-section elementor-top-section elementor-element elementor-element-57df5c30 elementor-section-boxed elementor-section-height-default elementor-section-height-default sc_fly_static\" data-id=\"57df5c30\" data-element_type=\"section\" data-e-type=\"section\">\n\t\t\t\t\t\t<div class=\"elementor-container elementor-column-gap-extended\">\n\t\t\t\t\t<div class=\"elementor-column elementor-col-50 elementor-top-column elementor-element elementor-element-5c6a6f7e sc_content_align_inherit sc_layouts_column_icons_position_left sc_fly_static\" data-id=\"5c6a6f7e\" data-element_type=\"column\" data-e-type=\"column\">\n\t\t\t<div class=\"elementor-widget-wrap elementor-element-populated\">\n\t\t\t\t\t\t<div class=\"elementor-element elementor-element-7393ad71 sc_fly_static elementor-widget elementor-widget-trx_sc_title\" data-id=\"7393ad71\" data-element_type=\"widget\" data-e-type=\"widget\" data-widget_type=\"trx_sc_title.default\">\n\t\t\t\t<div class=\"elementor-widget-container\">\n\t\t\t\t\t<div\t\tclass=\"sc_title sc_title_default\" ><span class=\"sc_item_subtitle sc_title_subtitle sc_item_subtitle_above sc_item_title_style_default\">Le March\u00e9<\/span><h1 class=\"sc_item_title sc_title_title sc_item_title_style_default sc_item_title_tag\"\n\t\t\t><span class=\"sc_item_title_text\">Apportez les saveurs \u00e0 la maison avec notre collection de produits fins et d'essentiels pour le garde-manger.<\/span><\/h1><\/div>\t\t\t\t<\/div>\n\t\t\t\t<\/div>\n\t\t\t\t<div class=\"elementor-element elementor-element-6976b20f sc_fly_static elementor-widget elementor-widget-spacer\" data-id=\"6976b20f\" data-element_type=\"widget\" data-e-type=\"widget\" data-widget_type=\"spacer.default\">\n\t\t\t\t<div class=\"elementor-widget-container\">\n\t\t\t\t\t\t\t<div class=\"elementor-spacer\">\n\t\t\t<div class=\"elementor-spacer-inner\"><\/div>\n\t\t<\/div>\n\t\t\t\t\t\t<\/div>\n\t\t\t\t<\/div>\n\t\t\t\t<div class=\"elementor-element elementor-element-089d1ca sc_fly_static elementor-widget elementor-widget-text-editor\" data-id=\"089d1ca\" data-element_type=\"widget\" data-e-type=\"widget\" data-widget_type=\"text-editor.default\">\n\t\t\t\t<div class=\"elementor-widget-container\">\n\t\t\t\t\t\t\t\t\t<h3 data-path-to-node=\"2\">Le paradis des gourmets<\/h3><p>Chez nous, l&rsquo;exp\u00e9rience d\u00e9passe largement nos r\u00e9put\u00e9s Mr. Pretzels et notre caf\u00e9 italien moderne. Nous avons garni nos tablettes d&rsquo;une s\u00e9lection rigoureuse de produits fins, choisis pour inspirer et transformer votre cuisine au quotidien. <\/p><p>Venez d\u00e9couvrir notre collection sans cesse grandissante ! Vous y trouverez une gamme d\u00e9licieuse de confitures artisanales, de sauces de qualit\u00e9 sup\u00e9rieure, de collations savoureuses et de douceurs sucr\u00e9es. Nous sommes fiers de soutenir les artisans d&rsquo;ici tout en vous offrant les meilleures sp\u00e9cialit\u00e9s des quatre coins du monde.  <\/p><p>Parce qu&rsquo;un bon plat commence par des ingr\u00e9dients exceptionnels, notre march\u00e9 s&rsquo;engage \u00e0 ne vous offrir que le meilleur des produits locaux et internationaux. Passez nous voir dans le d\u00e9cor historique du Vieux-Terrebonne, savourez un caf\u00e9 et d\u00e9couvrez notre choix unique de produits fins et de trouvailles antiques. <\/p>\t\t\t\t\t\t\t\t<\/div>\n\t\t\t\t<\/div>\n\t\t\t\t\t<\/div>\n\t\t<\/div>\n\t\t\t\t<div class=\"elementor-column elementor-col-50 elementor-top-column elementor-element elementor-element-6f320012 sc_content_align_inherit sc_layouts_column_icons_position_left sc_fly_static\" data-id=\"6f320012\" data-element_type=\"column\" data-e-type=\"column\">\n\t\t\t<div class=\"elementor-widget-wrap elementor-element-populated\">\n\t\t\t\t\t\t<div class=\"elementor-element elementor-element-d720fe7 sc_fly_static elementor-widget elementor-widget-image\" data-id=\"d720fe7\" data-element_type=\"widget\" data-e-type=\"widget\" data-widget_type=\"image.default\">\n\t\t\t\t<div class=\"elementor-widget-container\">\n\t\t\t\t\t\t\t\t\t\t\t\t\t\t\t<img fetchpriority=\"high\" decoding=\"async\" width=\"490\" height=\"653\" src=\"https:\/\/magasingeneralterrebonne.com\/wp-content\/uploads\/2026\/01\/Magasin-general-vieux-terrebonne-epicerie-gourmet.jpg\" class=\"attachment-full size-full wp-image-53955\" alt=\"\" srcset=\"https:\/\/magasingeneralterrebonne.com\/wp-content\/uploads\/2026\/01\/Magasin-general-vieux-terrebonne-epicerie-gourmet.jpg 490w, https:\/\/magasingeneralterrebonne.com\/wp-content\/uploads\/2026\/01\/Magasin-general-vieux-terrebonne-epicerie-gourmet-225x300.jpg 225w, https:\/\/magasingeneralterrebonne.com\/wp-content\/uploads\/2026\/01\/Magasin-general-vieux-terrebonne-epicerie-gourmet-370x493.jpg 370w, https:\/\/magasingeneralterrebonne.com\/wp-content\/uploads\/2026\/01\/Magasin-general-vieux-terrebonne-epicerie-gourmet-410x546.jpg 410w, https:\/\/magasingeneralterrebonne.com\/wp-content\/uploads\/2026\/01\/Magasin-general-vieux-terrebonne-epicerie-gourmet-375x500.jpg 375w, https:\/\/magasingeneralterrebonne.com\/wp-content\/uploads\/2026\/01\/Magasin-general-vieux-terrebonne-epicerie-gourmet-300x400.jpg 300w\" sizes=\"(max-width: 600px) 100vw, 490px\" \/>\t\t\t\t\t\t\t\t\t\t\t\t\t\t\t<\/div>\n\t\t\t\t<\/div>\n\t\t\t\t<div class=\"elementor-element elementor-element-7d3a20ca sc_fly_static elementor-widget elementor-widget-spacer\" data-id=\"7d3a20ca\" data-element_type=\"widget\" data-e-type=\"widget\" data-widget_type=\"spacer.default\">\n\t\t\t\t<div class=\"elementor-widget-container\">\n\t\t\t\t\t\t\t<div class=\"elementor-spacer\">\n\t\t\t<div class=\"elementor-spacer-inner\"><\/div>\n\t\t<\/div>\n\t\t\t\t\t\t<\/div>\n\t\t\t\t<\/div>\n\t\t\t\t<div class=\"elementor-element elementor-element-40f93894 sc_fly_static elementor-widget elementor-widget-text-editor\" data-id=\"40f93894\" data-element_type=\"widget\" data-e-type=\"widget\" data-widget_type=\"text-editor.default\">\n\t\t\t\t<div class=\"elementor-widget-container\">\n\t\t\t\t\t\t\t\t\t<h3 data-path-to-node=\"10\"><b data-path-to-node=\"6,0\" data-index-in-node=\"0\">De notre table \u00e0 la v\u00f4tre<\/b><\/h3><p data-path-to-node=\"6,1\">Bienvenue au March\u00e9. Je crois que chaque produit doit raconter une histoire. C&rsquo;est pourquoi nous ne nous contentons pas de remplir des \u00e9tag\u00e8res; nous choisissons nos coups de c\u0153ur \u00e0 la main. Mon \u00e9quipe et moi avons go\u00fbt\u00e9 et approuv\u00e9 chaque article, garantissant que la qualit\u00e9 n&rsquo;est jamais compromise. Soutenir les entreprises locales est au c\u0153ur m\u00eame de ce que nous faisons. Si ce n&rsquo;est pas assez bon pour ma famille, ce n&rsquo;est pas assez bon pour la v\u00f4tre.     <\/p>\t\t\t\t\t\t\t\t<\/div>\n\t\t\t\t<\/div>\n\t\t\t\t\t<\/div>\n\t\t<\/div>\n\t\t\t\t\t<\/div>\n\t\t<\/section>\n\t\t\t\t<section class=\"elementor-section elementor-top-section elementor-element elementor-element-a00e869 elementor-section-boxed elementor-section-height-default elementor-section-height-default sc_fly_static\" data-id=\"a00e869\" data-element_type=\"section\" data-e-type=\"section\">\n\t\t\t\t\t\t<div class=\"elementor-container elementor-column-gap-extended\">\n\t\t\t\t\t<div class=\"elementor-column elementor-col-100 elementor-top-column elementor-element elementor-element-b0c4d9a sc_content_align_inherit sc_layouts_column_icons_position_left sc_fly_static\" data-id=\"b0c4d9a\" data-element_type=\"column\" data-e-type=\"column\">\n\t\t\t<div class=\"elementor-widget-wrap elementor-element-populated\">\n\t\t\t\t\t\t<div class=\"elementor-element elementor-element-659aaad sc_height_medium sc_fly_static elementor-widget elementor-widget-spacer\" data-id=\"659aaad\" data-element_type=\"widget\" data-e-type=\"widget\" data-widget_type=\"spacer.default\">\n\t\t\t\t<div class=\"elementor-widget-container\">\n\t\t\t\t\t\t\t<div class=\"elementor-spacer\">\n\t\t\t<div class=\"elementor-spacer-inner\"><\/div>\n\t\t<\/div>\n\t\t\t\t\t\t<\/div>\n\t\t\t\t<\/div>\n\t\t\t\t\t<\/div>\n\t\t<\/div>\n\t\t\t\t\t<\/div>\n\t\t<\/section>\n\t\t\t\t<section class=\"elementor-section elementor-top-section elementor-element elementor-element-593f59e2 scheme_light elementor-section-boxed elementor-section-height-default elementor-section-height-default sc_fly_static\" data-id=\"593f59e2\" data-element_type=\"section\" data-e-type=\"section\" data-settings=\"{&quot;background_background&quot;:&quot;classic&quot;}\">\n\t\t\t\t\t\t<div class=\"elementor-container elementor-column-gap-extended\">\n\t\t\t\t\t<div class=\"elementor-column elementor-col-100 elementor-top-column elementor-element elementor-element-3d298161 sc_content_align_inherit sc_layouts_column_icons_position_left sc_fly_static\" data-id=\"3d298161\" data-element_type=\"column\" data-e-type=\"column\">\n\t\t\t<div class=\"elementor-widget-wrap elementor-element-populated\">\n\t\t\t\t\t\t<div class=\"elementor-element elementor-element-07c0dd7 sc_height_medium sc_fly_static elementor-widget elementor-widget-spacer\" data-id=\"07c0dd7\" data-element_type=\"widget\" data-e-type=\"widget\" data-widget_type=\"spacer.default\">\n\t\t\t\t<div class=\"elementor-widget-container\">\n\t\t\t\t\t\t\t<div class=\"elementor-spacer\">\n\t\t\t<div class=\"elementor-spacer-inner\"><\/div>\n\t\t<\/div>\n\t\t\t\t\t\t<\/div>\n\t\t\t\t<\/div>\n\t\t\t\t<div class=\"elementor-element elementor-element-d145c3a sc_fly_static elementor-widget elementor-widget-accordion\" data-id=\"d145c3a\" data-element_type=\"widget\" data-e-type=\"widget\" data-widget_type=\"accordion.default\">\n\t\t\t\t<div class=\"elementor-widget-container\">\n\t\t\t\t\t\t\t<div class=\"elementor-accordion\">\n\t\t\t\t\t\t\t<div class=\"elementor-accordion-item\">\n\t\t\t\t\t<div id=\"elementor-tab-title-2191\" class=\"elementor-tab-title\" data-tab=\"1\" role=\"button\" aria-controls=\"elementor-tab-content-2191\" aria-expanded=\"false\">\n\t\t\t\t\t\t\t\t\t\t\t\t\t<span class=\"elementor-accordion-icon elementor-accordion-icon-left\" aria-hidden=\"true\">\n\t\t\t\t\t\t\t\t\t\t\t\t\t\t\t<span class=\"elementor-accordion-icon-closed\"><i class=\"fas fa-plus\"><\/i><\/span>\n\t\t\t\t\t\t\t\t<span class=\"elementor-accordion-icon-opened\"><i class=\"fas fa-minus\"><\/i><\/span>\n\t\t\t\t\t\t\t\t\t\t\t\t\t\t<\/span>\n\t\t\t\t\t\t\t\t\t\t\t\t<a class=\"elementor-accordion-title\" tabindex=\"0\">L'\u00e9picerie du magasin g\u00e9n\u00e9ral<\/a>\n\t\t\t\t\t<\/div>\n\t\t\t\t\t<div id=\"elementor-tab-content-2191\" class=\"elementor-tab-content elementor-clearfix\" data-tab=\"1\" role=\"region\" aria-labelledby=\"elementor-tab-title-2191\"><\/div>\n\t\t\t\t<\/div>\n\t\t\t\t\t\t\t<div class=\"elementor-accordion-item\">\n\t\t\t\t\t<div id=\"elementor-tab-title-2192\" class=\"elementor-tab-title\" data-tab=\"2\" role=\"button\" aria-controls=\"elementor-tab-content-2192\" aria-expanded=\"false\">\n\t\t\t\t\t\t\t\t\t\t\t\t\t<span class=\"elementor-accordion-icon elementor-accordion-icon-left\" aria-hidden=\"true\">\n\t\t\t\t\t\t\t\t\t\t\t\t\t\t\t<span class=\"elementor-accordion-icon-closed\"><i class=\"fas fa-plus\"><\/i><\/span>\n\t\t\t\t\t\t\t\t<span class=\"elementor-accordion-icon-opened\"><i class=\"fas fa-minus\"><\/i><\/span>\n\t\t\t\t\t\t\t\t\t\t\t\t\t\t<\/span>\n\t\t\t\t\t\t\t\t\t\t\t\t<a class=\"elementor-accordion-title\" tabindex=\"0\">Les p\u00e2tes<\/a>\n\t\t\t\t\t<\/div>\n\t\t\t\t\t<div id=\"elementor-tab-content-2192\" class=\"elementor-tab-content elementor-clearfix\" data-tab=\"2\" role=\"region\" aria-labelledby=\"elementor-tab-title-2192\"><\/div>\n\t\t\t\t<\/div>\n\t\t\t\t\t\t\t<div class=\"elementor-accordion-item\">\n\t\t\t\t\t<div id=\"elementor-tab-title-2193\" class=\"elementor-tab-title\" data-tab=\"3\" role=\"button\" aria-controls=\"elementor-tab-content-2193\" aria-expanded=\"false\">\n\t\t\t\t\t\t\t\t\t\t\t\t\t<span class=\"elementor-accordion-icon elementor-accordion-icon-left\" aria-hidden=\"true\">\n\t\t\t\t\t\t\t\t\t\t\t\t\t\t\t<span class=\"elementor-accordion-icon-closed\"><i class=\"fas fa-plus\"><\/i><\/span>\n\t\t\t\t\t\t\t\t<span class=\"elementor-accordion-icon-opened\"><i class=\"fas fa-minus\"><\/i><\/span>\n\t\t\t\t\t\t\t\t\t\t\t\t\t\t<\/span>\n\t\t\t\t\t\t\t\t\t\t\t\t<a class=\"elementor-accordion-title\" tabindex=\"0\">Les confitures<\/a>\n\t\t\t\t\t<\/div>\n\t\t\t\t\t<div id=\"elementor-tab-content-2193\" class=\"elementor-tab-content elementor-clearfix\" data-tab=\"3\" role=\"region\" aria-labelledby=\"elementor-tab-title-2193\"><\/div>\n\t\t\t\t<\/div>\n\t\t\t\t\t\t\t<div class=\"elementor-accordion-item\">\n\t\t\t\t\t<div id=\"elementor-tab-title-2194\" class=\"elementor-tab-title\" data-tab=\"4\" role=\"button\" aria-controls=\"elementor-tab-content-2194\" aria-expanded=\"false\">\n\t\t\t\t\t\t\t\t\t\t\t\t\t<span class=\"elementor-accordion-icon elementor-accordion-icon-left\" aria-hidden=\"true\">\n\t\t\t\t\t\t\t\t\t\t\t\t\t\t\t<span class=\"elementor-accordion-icon-closed\"><i class=\"fas fa-plus\"><\/i><\/span>\n\t\t\t\t\t\t\t\t<span class=\"elementor-accordion-icon-opened\"><i class=\"fas fa-minus\"><\/i><\/span>\n\t\t\t\t\t\t\t\t\t\t\t\t\t\t<\/span>\n\t\t\t\t\t\t\t\t\t\t\t\t<a class=\"elementor-accordion-title\" tabindex=\"0\">Collations<\/a>\n\t\t\t\t\t<\/div>\n\t\t\t\t\t<div id=\"elementor-tab-content-2194\" class=\"elementor-tab-content elementor-clearfix\" data-tab=\"4\" role=\"region\" aria-labelledby=\"elementor-tab-title-2194\"><p><img decoding=\"async\" class=\"alignnone size-full wp-image-53117\" src=\"http:\/\/magasingeneralterrebonne.com\/wp-content\/uploads\/2026\/02\/IMG_3908.jpg\" alt=\"\" width=\"150\" height=\"200\"><img decoding=\"async\" class=\"alignnone size-full wp-image-53118\" src=\"http:\/\/magasingeneralterrebonne.com\/wp-content\/uploads\/2026\/02\/IMG_3910.jpg\" alt=\"\" width=\"150\" height=\"112\"><\/p>\n<\/div>\n\t\t\t\t<\/div>\n\t\t\t\t\t\t\t<div class=\"elementor-accordion-item\">\n\t\t\t\t\t<div id=\"elementor-tab-title-2195\" class=\"elementor-tab-title\" data-tab=\"5\" role=\"button\" aria-controls=\"elementor-tab-content-2195\" aria-expanded=\"false\">\n\t\t\t\t\t\t\t\t\t\t\t\t\t<span class=\"elementor-accordion-icon elementor-accordion-icon-left\" aria-hidden=\"true\">\n\t\t\t\t\t\t\t\t\t\t\t\t\t\t\t<span class=\"elementor-accordion-icon-closed\"><i class=\"fas fa-plus\"><\/i><\/span>\n\t\t\t\t\t\t\t\t<span class=\"elementor-accordion-icon-opened\"><i class=\"fas fa-minus\"><\/i><\/span>\n\t\t\t\t\t\t\t\t\t\t\t\t\t\t<\/span>\n\t\t\t\t\t\t\t\t\t\t\t\t<a class=\"elementor-accordion-title\" tabindex=\"0\">Produits europ\u00e9ens<\/a>\n\t\t\t\t\t<\/div>\n\t\t\t\t\t<div id=\"elementor-tab-content-2195\" class=\"elementor-tab-content elementor-clearfix\" data-tab=\"5\" role=\"region\" aria-labelledby=\"elementor-tab-title-2195\"><p><img loading=\"lazy\" decoding=\"async\" class=\"alignnone size-full wp-image-53103\" src=\"http:\/\/magasingeneralterrebonne.com\/wp-content\/uploads\/2026\/02\/IMG_3885.webp\" alt=\"\" width=\"150\" height=\"200\"><img loading=\"lazy\" decoding=\"async\" class=\"alignnone size-full wp-image-53114\" src=\"http:\/\/magasingeneralterrebonne.com\/wp-content\/uploads\/2026\/02\/IMG_3883.webp\" alt=\"\" width=\"150\" height=\"200\"><img loading=\"lazy\" decoding=\"async\" class=\"alignnone size-full wp-image-53116\" src=\"http:\/\/magasingeneralterrebonne.com\/wp-content\/uploads\/2026\/02\/IMG_3889.webp\" alt=\"\" width=\"150\" height=\"200\"><img loading=\"lazy\" decoding=\"async\" class=\"alignnone size-full wp-image-53110\" src=\"http:\/\/magasingeneralterrebonne.com\/wp-content\/uploads\/2026\/02\/IMG_3884-1.webp\" alt=\"\" width=\"150\" height=\"200\"><img loading=\"lazy\" decoding=\"async\" class=\"alignnone size-full wp-image-53104\" src=\"http:\/\/magasingeneralterrebonne.com\/wp-content\/uploads\/2026\/02\/IMG_3886.webp\" alt=\"\" width=\"150\" height=\"200\"><\/p>\n<\/div>\n\t\t\t\t<\/div>\n\t\t\t\t\t\t\t<div class=\"elementor-accordion-item\">\n\t\t\t\t\t<div id=\"elementor-tab-title-2196\" class=\"elementor-tab-title\" data-tab=\"6\" role=\"button\" aria-controls=\"elementor-tab-content-2196\" aria-expanded=\"false\">\n\t\t\t\t\t\t\t\t\t\t\t\t\t<span class=\"elementor-accordion-icon elementor-accordion-icon-left\" aria-hidden=\"true\">\n\t\t\t\t\t\t\t\t\t\t\t\t\t\t\t<span class=\"elementor-accordion-icon-closed\"><i class=\"fas fa-plus\"><\/i><\/span>\n\t\t\t\t\t\t\t\t<span class=\"elementor-accordion-icon-opened\"><i class=\"fas fa-minus\"><\/i><\/span>\n\t\t\t\t\t\t\t\t\t\t\t\t\t\t<\/span>\n\t\t\t\t\t\t\t\t\t\t\t\t<a class=\"elementor-accordion-title\" tabindex=\"0\">Produits locaux<\/a>\n\t\t\t\t\t<\/div>\n\t\t\t\t\t<div id=\"elementor-tab-content-2196\" class=\"elementor-tab-content elementor-clearfix\" data-tab=\"6\" role=\"region\" aria-labelledby=\"elementor-tab-title-2196\"><p>Les \u00e9pices<\/p>\n<\/div>\n\t\t\t\t<\/div>\n\t\t\t\t\t\t\t<div class=\"elementor-accordion-item\">\n\t\t\t\t\t<div id=\"elementor-tab-title-2197\" class=\"elementor-tab-title\" data-tab=\"7\" role=\"button\" aria-controls=\"elementor-tab-content-2197\" aria-expanded=\"false\">\n\t\t\t\t\t\t\t\t\t\t\t\t\t<span class=\"elementor-accordion-icon elementor-accordion-icon-left\" aria-hidden=\"true\">\n\t\t\t\t\t\t\t\t\t\t\t\t\t\t\t<span class=\"elementor-accordion-icon-closed\"><i class=\"fas fa-plus\"><\/i><\/span>\n\t\t\t\t\t\t\t\t<span class=\"elementor-accordion-icon-opened\"><i class=\"fas fa-minus\"><\/i><\/span>\n\t\t\t\t\t\t\t\t\t\t\t\t\t\t<\/span>\n\t\t\t\t\t\t\t\t\t\t\t\t<a class=\"elementor-accordion-title\" tabindex=\"0\">Antiques<\/a>\n\t\t\t\t\t<\/div>\n\t\t\t\t\t<div id=\"elementor-tab-content-2197\" class=\"elementor-tab-content elementor-clearfix\" data-tab=\"7\" role=\"region\" aria-labelledby=\"elementor-tab-title-2197\"><\/div>\n\t\t\t\t<\/div>\n\t\t\t\t\t\t\t\t<\/div>\n\t\t\t\t\t\t<\/div>\n\t\t\t\t<\/div>\n\t\t\t\t<div class=\"elementor-element elementor-element-b5c74d4 sc_height_medium sc_fly_static elementor-widget elementor-widget-spacer\" data-id=\"b5c74d4\" data-element_type=\"widget\" data-e-type=\"widget\" data-widget_type=\"spacer.default\">\n\t\t\t\t<div class=\"elementor-widget-container\">\n\t\t\t\t\t\t\t<div class=\"elementor-spacer\">\n\t\t\t<div class=\"elementor-spacer-inner\"><\/div>\n\t\t<\/div>\n\t\t\t\t\t\t<\/div>\n\t\t\t\t<\/div>\n\t\t\t\t\t<\/div>\n\t\t<\/div>\n\t\t\t\t\t<\/div>\n\t\t<\/section>\n\t\t\t\t<\/div>\n\t\t","protected":false},"excerpt":{"rendered":"<p>Le March\u00e9 Apportez les saveurs \u00e0 la maison avec notre collection de produits fins et d&rsquo;essentiels pour le garde-manger. Le paradis des gourmets Chez nous, l&rsquo;exp\u00e9rience d\u00e9passe largement nos&hellip;<\/p>\n","protected":false},"author":1,"featured_media":0,"parent":0,"menu_order":0,"comment_status":"closed","ping_status":"closed","template":"","meta":{"footnotes":""},"class_list":["post-53954","page","type-page","status-publish","hentry"],"_links":{"self":[{"href":"https:\/\/magasingeneralterrebonne.com\/fr\/wp-json\/wp\/v2\/pages\/53954","targetHints":{"allow":["GET"]}}],"collection":[{"href":"https:\/\/magasingeneralterrebonne.com\/fr\/wp-json\/wp\/v2\/pages"}],"about":[{"href":"https:\/\/magasingeneralterrebonne.com\/fr\/wp-json\/wp\/v2\/types\/page"}],"author":[{"embeddable":true,"href":"https:\/\/magasingeneralterrebonne.com\/fr\/wp-json\/wp\/v2\/users\/1"}],"replies":[{"embeddable":true,"href":"https:\/\/magasingeneralterrebonne.com\/fr\/wp-json\/wp\/v2\/comments?post=53954"}],"version-history":[{"count":6,"href":"https:\/\/magasingeneralterrebonne.com\/fr\/wp-json\/wp\/v2\/pages\/53954\/revisions"}],"predecessor-version":[{"id":53975,"href":"https:\/\/magasingeneralterrebonne.com\/fr\/wp-json\/wp\/v2\/pages\/53954\/revisions\/53975"}],"wp:attachment":[{"href":"https:\/\/magasingeneralterrebonne.com\/fr\/wp-json\/wp\/v2\/media?parent=53954"}],"curies":[{"name":"wp","href":"https:\/\/api.w.org\/{rel}","templated":true}]}}