{"id":53998,"date":"2025-12-17T20:46:11","date_gmt":"2025-12-17T20:46:11","guid":{"rendered":"https:\/\/magasingeneralterrebonne.com\/lhistoire-mr-pretzels\/"},"modified":"2026-04-06T15:48:03","modified_gmt":"2026-04-06T15:48:03","slug":"a-propos-mr-pretzels","status":"publish","type":"page","link":"https:\/\/magasingeneralterrebonne.com\/fr\/a-propos-mr-pretzels\/","title":{"rendered":"A propos"},"content":{"rendered":"\t\t<div data-elementor-type=\"wp-page\" data-elementor-id=\"53998\" class=\"elementor elementor-53998 elementor-51238\">\n\t\t\t\t\t\t<section class=\"elementor-section elementor-top-section elementor-element elementor-element-0c248c8 elementor-section-boxed elementor-section-height-default elementor-section-height-default sc_fly_static\" data-id=\"0c248c8\" data-element_type=\"section\" data-e-type=\"section\">\n\t\t\t\t\t\t<div class=\"elementor-container elementor-column-gap-extended\">\n\t\t\t\t\t<div class=\"elementor-column elementor-col-100 elementor-top-column elementor-element elementor-element-8a7b92e sc_content_align_inherit sc_layouts_column_icons_position_left sc_fly_static\" data-id=\"8a7b92e\" data-element_type=\"column\" data-e-type=\"column\">\n\t\t\t<div class=\"elementor-widget-wrap elementor-element-populated\">\n\t\t\t\t\t\t<div class=\"elementor-element elementor-element-16e0784 sc_height_large sc_fly_static elementor-widget elementor-widget-spacer\" data-id=\"16e0784\" data-element_type=\"widget\" data-e-type=\"widget\" data-widget_type=\"spacer.default\">\n\t\t\t\t<div class=\"elementor-widget-container\">\n\t\t\t\t\t\t\t<div class=\"elementor-spacer\">\n\t\t\t<div class=\"elementor-spacer-inner\"><\/div>\n\t\t<\/div>\n\t\t\t\t\t\t<\/div>\n\t\t\t\t<\/div>\n\t\t\t\t\t<\/div>\n\t\t<\/div>\n\t\t\t\t\t<\/div>\n\t\t<\/section>\n\t\t\t\t<section class=\"elementor-section elementor-top-section elementor-element elementor-element-57df5c30 elementor-section-boxed elementor-section-height-default elementor-section-height-default sc_fly_static\" data-id=\"57df5c30\" data-element_type=\"section\" data-e-type=\"section\">\n\t\t\t\t\t\t<div class=\"elementor-container elementor-column-gap-extended\">\n\t\t\t\t\t<div class=\"elementor-column elementor-col-50 elementor-top-column elementor-element elementor-element-5c6a6f7e sc_content_align_inherit sc_layouts_column_icons_position_left sc_fly_static\" data-id=\"5c6a6f7e\" data-element_type=\"column\" data-e-type=\"column\">\n\t\t\t<div class=\"elementor-widget-wrap elementor-element-populated\">\n\t\t\t\t\t\t<div class=\"elementor-element elementor-element-7393ad71 sc_fly_static elementor-widget elementor-widget-trx_sc_title\" data-id=\"7393ad71\" data-element_type=\"widget\" data-e-type=\"widget\" data-widget_type=\"trx_sc_title.default\">\n\t\t\t\t<div class=\"elementor-widget-container\">\n\t\t\t\t\t<div\t\tclass=\"sc_title sc_title_default\" ><span class=\"sc_item_subtitle sc_title_subtitle sc_item_subtitle_above sc_item_title_style_default\">Des bretzels de renomm\u00e9e mondiale, servis avec une touche locale \u00e0 Vieux-Terrebonne<\/span><h1 class=\"sc_item_title sc_title_title sc_item_title_style_default sc_item_title_tag\"\n\t\t\t><span class=\"sc_item_title_text\">A propos Mr Pretzels<\/span><\/h1><\/div>\t\t\t\t<\/div>\n\t\t\t\t<\/div>\n\t\t\t\t<div class=\"elementor-element elementor-element-089d1ca sc_fly_static elementor-widget elementor-widget-text-editor\" data-id=\"089d1ca\" data-element_type=\"widget\" data-e-type=\"widget\" data-widget_type=\"text-editor.default\">\n\t\t\t\t<div class=\"elementor-widget-container\">\n\t\t\t\t\t\t\t\t\t<h3 data-path-to-node=\"2\">La l\u00e9gende du bretzel parfait<\/h3><p data-path-to-node=\"6\">L&rsquo;aventure Mr. Pretzels a commenc\u00e9 en 1994, et depuis, la marque s&rsquo;est \u00e9tendue \u00e0 plus de 300 emplacements dans 20 pays. Au Canada, la tradition de rouler des bretzels frais et moelleux a d\u00e9but\u00e9 \u00e0 Montr\u00e9al en 2013 et ravit les fans d&rsquo;un oc\u00e9an \u00e0 l&rsquo;autre depuis. <\/p><p data-path-to-node=\"7\">Le secret ? La simplicit\u00e9 et la qualit\u00e9. Nous utilisons uniquement les meilleurs ingr\u00e9dients naturels pour cr\u00e9er notre p\u00e2te signature. Elle est pr\u00e9par\u00e9e fra\u00eeche tout au long de la journ\u00e9e et roul\u00e9e \u00e0 la main sous tes yeux. Que tu pr\u00e9f\u00e8res les garnitures sucr\u00e9es ou sal\u00e9es, le r\u00e9sultat est un bretzel chaud et moelleux auquel il est impossible de r\u00e9sister.    <\/p><h3 data-path-to-node=\"4\">La diff\u00e9rence Magasin G\u00e9n\u00e9ral<\/h3><p data-path-to-node=\"5\">Bien que Mr. Pretzels soit un favori mondial, notre emplacement au 191 Rue St Andr\u00e9 est vraiment unique en son genre. Nous avons cr\u00e9\u00e9 un foyer pour Mr. Pretzels \u00e0 l&rsquo;int\u00e9rieur du Magasin G\u00e9n\u00e9ral, transformant une simple collation en une exp\u00e9rience gastronomique compl\u00e8te. <\/p><p data-path-to-node=\"9\">Ici, tu ne te contentes pas de prendre un bretzel ; tu l&rsquo;associes aux meilleures saveurs que Vieux-Terrebonne a \u00e0 offrir :<\/p><ul data-path-to-node=\"10\"><li><p data-path-to-node=\"10,0,0\">Boissons : Accompagne ton bretzel d&rsquo;un caf\u00e9 italien sp\u00e9cialis\u00e9, comme un Espresso ou un Latt\u00e9.<\/p><\/li><li><p data-path-to-node=\"10,1,0\">Savoure : Compl\u00e8te ta visite en essayant nos nouveaux sandwichs, compos\u00e9s d&rsquo;ingr\u00e9dients finement hach\u00e9s pour une bouch\u00e9e parfaite.<\/p><\/li><li><p data-path-to-node=\"10,2,0\">Ach\u00e8te : Parcoure nos \u00e9tag\u00e8res de produits d&rsquo;\u00e9picerie fine et d&rsquo;antiquit\u00e9s uniques pendant que tu attends.<\/p><\/li><\/ul>\t\t\t\t\t\t\t\t<\/div>\n\t\t\t\t<\/div>\n\t\t\t\t\t<\/div>\n\t\t<\/div>\n\t\t\t\t<div class=\"elementor-column elementor-col-50 elementor-top-column elementor-element elementor-element-6f320012 sc_content_align_inherit sc_layouts_column_icons_position_left sc_fly_static\" data-id=\"6f320012\" data-element_type=\"column\" data-e-type=\"column\">\n\t\t\t<div class=\"elementor-widget-wrap elementor-element-populated\">\n\t\t\t\t\t\t<div class=\"elementor-element elementor-element-531cc92 sc_fly_static elementor-widget elementor-widget-image\" data-id=\"531cc92\" data-element_type=\"widget\" data-e-type=\"widget\" data-widget_type=\"image.default\">\n\t\t\t\t<div class=\"elementor-widget-container\">\n\t\t\t\t\t\t\t\t\t\t\t\t\t\t\t<img fetchpriority=\"high\" decoding=\"async\" width=\"600\" height=\"600\" src=\"https:\/\/magasingeneralterrebonne.com\/wp-content\/uploads\/2026\/01\/Gemini_Generated_Image_d1il37d1il37d1il.jpg\" class=\"attachment-full size-full wp-image-53999\" alt=\"\" srcset=\"https:\/\/magasingeneralterrebonne.com\/wp-content\/uploads\/2026\/01\/Gemini_Generated_Image_d1il37d1il37d1il.jpg 600w, https:\/\/magasingeneralterrebonne.com\/wp-content\/uploads\/2026\/01\/Gemini_Generated_Image_d1il37d1il37d1il-300x300.jpg 300w, https:\/\/magasingeneralterrebonne.com\/wp-content\/uploads\/2026\/01\/Gemini_Generated_Image_d1il37d1il37d1il-150x150.jpg 150w, https:\/\/magasingeneralterrebonne.com\/wp-content\/uploads\/2026\/01\/Gemini_Generated_Image_d1il37d1il37d1il-370x370.jpg 370w, https:\/\/magasingeneralterrebonne.com\/wp-content\/uploads\/2026\/01\/Gemini_Generated_Image_d1il37d1il37d1il-120x120.jpg 120w, https:\/\/magasingeneralterrebonne.com\/wp-content\/uploads\/2026\/01\/Gemini_Generated_Image_d1il37d1il37d1il-410x410.jpg 410w, https:\/\/magasingeneralterrebonne.com\/wp-content\/uploads\/2026\/01\/Gemini_Generated_Image_d1il37d1il37d1il-500x500.jpg 500w, https:\/\/magasingeneralterrebonne.com\/wp-content\/uploads\/2026\/01\/Gemini_Generated_Image_d1il37d1il37d1il-400x400.jpg 400w\" sizes=\"(max-width: 600px) 100vw, 600px\" \/>\t\t\t\t\t\t\t\t\t\t\t\t\t\t\t<\/div>\n\t\t\t\t<\/div>\n\t\t\t\t<div class=\"elementor-element elementor-element-7d3a20ca sc_fly_static elementor-widget elementor-widget-spacer\" data-id=\"7d3a20ca\" data-element_type=\"widget\" data-e-type=\"widget\" data-widget_type=\"spacer.default\">\n\t\t\t\t<div class=\"elementor-widget-container\">\n\t\t\t\t\t\t\t<div class=\"elementor-spacer\">\n\t\t\t<div class=\"elementor-spacer-inner\"><\/div>\n\t\t<\/div>\n\t\t\t\t\t\t<\/div>\n\t\t\t\t<\/div>\n\t\t\t\t<div class=\"elementor-element elementor-element-40f93894 sc_fly_static elementor-widget elementor-widget-text-editor\" data-id=\"40f93894\" data-element_type=\"widget\" data-e-type=\"widget\" data-widget_type=\"text-editor.default\">\n\t\t\t\t<div class=\"elementor-widget-container\">\n\t\t\t\t\t\t\t\t\t<h3 data-path-to-node=\"10\">Profite \u00e0 ta fa\u00e7on<\/h3><p data-path-to-node=\"11\">Sur place ou livr\u00e9. C&rsquo;est toujours un plaisir de vous recevoir dans notre d\u00e9cor historique, mais pour les moments o\u00f9 vous pr\u00e9f\u00e9rez rester chez vous, nous offrons la livraison avec <a href=\"https:\/\/www.ubereats.com\/ca\/store\/mr-pretzels-terrebonne\/uzK2qzszXTaGK2oWNcMOCQ?diningMode=PICKUP&amp;pl=JTdCJTIyYWRkcmVzcyUyMiUzQSUyMjExOSUyMFJ1ZSUyMFN0JTIwQW5kciVDMyVBOSUyMiUyQyUyMnJlZmVyZW5jZSUyMiUzQSUyMkVqRXhNVGtnVW5WbElGTjBJRUZ1WkhMRHFTd2dWR1Z5Y21WaWIyNXVaU3dnVVVNZ1NqWlhJRE5ETWl3Z1EyRnVZV1JoSWpBU0xnb1VDaElKclp3RVkwYmV5RXdSWGFoR2pJSkplMG9RZHlvVUNoSUpMd3NwblViZXlFd1JrV2VqdWx4LVU5RSUyMiUyQyUyMnJlZmVyZW5jZVR5cGUlMjIlM0ElMjJnb29nbGVfcGxhY2VzJTIyJTJDJTIybGF0aXR1ZGUlMjIlM0E0NS42OTIxMDM0JTJDJTIybG9uZ2l0dWRlJTIyJTNBLTczLjYzMzc4NTYlN0Q%3D\" target=\"_blank\" rel=\"noopener\">Uber Eats<\/a>. Que ce soit \u00e0 notre comptoir ou dans votre salon, nos saveurs fra\u00eeches sont \u00e0 une commande de distance.  <\/p>\t\t\t\t\t\t\t\t<\/div>\n\t\t\t\t<\/div>\n\t\t\t\t\t<\/div>\n\t\t<\/div>\n\t\t\t\t\t<\/div>\n\t\t<\/section>\n\t\t\t\t<section class=\"elementor-section elementor-top-section elementor-element elementor-element-a00e869 elementor-section-boxed elementor-section-height-default elementor-section-height-default sc_fly_static\" data-id=\"a00e869\" data-element_type=\"section\" data-e-type=\"section\">\n\t\t\t\t\t\t<div class=\"elementor-container elementor-column-gap-extended\">\n\t\t\t\t\t<div class=\"elementor-column elementor-col-100 elementor-top-column elementor-element elementor-element-b0c4d9a sc_content_align_inherit sc_layouts_column_icons_position_left sc_fly_static\" data-id=\"b0c4d9a\" data-element_type=\"column\" data-e-type=\"column\">\n\t\t\t<div class=\"elementor-widget-wrap elementor-element-populated\">\n\t\t\t\t\t\t<div class=\"elementor-element elementor-element-659aaad sc_height_medium sc_fly_static elementor-widget elementor-widget-spacer\" data-id=\"659aaad\" data-element_type=\"widget\" data-e-type=\"widget\" data-widget_type=\"spacer.default\">\n\t\t\t\t<div class=\"elementor-widget-container\">\n\t\t\t\t\t\t\t<div class=\"elementor-spacer\">\n\t\t\t<div class=\"elementor-spacer-inner\"><\/div>\n\t\t<\/div>\n\t\t\t\t\t\t<\/div>\n\t\t\t\t<\/div>\n\t\t\t\t\t<\/div>\n\t\t<\/div>\n\t\t\t\t\t<\/div>\n\t\t<\/section>\n\t\t\t\t<section class=\"elementor-section elementor-top-section elementor-element elementor-element-593f59e2 scheme_light elementor-section-boxed elementor-section-height-default elementor-section-height-default sc_fly_static\" data-id=\"593f59e2\" data-element_type=\"section\" data-e-type=\"section\" data-settings=\"{&quot;background_background&quot;:&quot;classic&quot;}\">\n\t\t\t\t\t\t<div class=\"elementor-container elementor-column-gap-extended\">\n\t\t\t\t\t<div class=\"elementor-column elementor-col-100 elementor-top-column elementor-element elementor-element-3d298161 sc_content_align_inherit sc_layouts_column_icons_position_left sc_fly_static\" data-id=\"3d298161\" data-element_type=\"column\" data-e-type=\"column\">\n\t\t\t<div class=\"elementor-widget-wrap elementor-element-populated\">\n\t\t\t\t\t\t<div class=\"elementor-element elementor-element-07c0dd7 sc_height_medium sc_fly_static elementor-widget elementor-widget-spacer\" data-id=\"07c0dd7\" data-element_type=\"widget\" data-e-type=\"widget\" data-widget_type=\"spacer.default\">\n\t\t\t\t<div class=\"elementor-widget-container\">\n\t\t\t\t\t\t\t<div class=\"elementor-spacer\">\n\t\t\t<div class=\"elementor-spacer-inner\"><\/div>\n\t\t<\/div>\n\t\t\t\t\t\t<\/div>\n\t\t\t\t<\/div>\n\t\t\t\t<div class=\"elementor-element elementor-element-5dc7d02 sc_fly_static elementor-widget elementor-widget-trx_sc_skills\" data-id=\"5dc7d02\" data-element_type=\"widget\" data-e-type=\"widget\" data-widget_type=\"trx_sc_skills.default\">\n\t\t\t\t<div class=\"elementor-widget-container\">\n\t\t\t\t\t<div\t\tclass=\"sc_skills sc_skills_counter_extra sc_skills_counter_style_odometer sc_align_center\"\n\t\t\t\tdata-type=\"counter\" ><div class=\"sc_skills_columns sc_item_columns trx_addons_columns_wrap columns_padding_bottom columns_in_single_row\"><div class=\"sc_skills_column trx_addons_column-1_4 trx_addons_column-1_2-mobile\"><div class=\"sc_skills_item_wrap sc_skills_item_icon_position_top\"><div class=\"sc_skills_item_title\">Sourires partag\u00e9s<\/div><div class=\"sc_skills_item\"><div class=\"sc_skills_total\" data-start=\"0\" data-stop=\"3932\" data-step=\"39.32\" data-max=\"6278\" data-speed=\"15\" data-duration=\"1500\" data-ed=\"\" data-style=\"odometer\"><span class=\"sc_skills_digits\"><span class=\"sc_skills_digit\"><span class=\"sc_skills_digit_placeholder\">8<\/span><span class=\"sc_skills_digit_wrap\"><span class=\"sc_skills_digit_ribbon\"><span class=\"sc_skills_digit_value\">0<\/span><\/span><\/span><\/span><span class=\"sc_skills_digit\"><span class=\"sc_skills_digit_placeholder\">8<\/span><span class=\"sc_skills_digit_wrap\"><span class=\"sc_skills_digit_ribbon\"><span class=\"sc_skills_digit_value\">0<\/span><\/span><\/span><\/span><span class=\"sc_skills_digit\"><span class=\"sc_skills_digit_placeholder\">8<\/span><span class=\"sc_skills_digit_wrap\"><span class=\"sc_skills_digit_ribbon\"><span class=\"sc_skills_digit_value\">0<\/span><\/span><\/span><\/span><span class=\"sc_skills_digit\"><span class=\"sc_skills_digit_placeholder\">8<\/span><span class=\"sc_skills_digit_wrap\"><span class=\"sc_skills_digit_ribbon\"><span class=\"sc_skills_digit_value\">0<\/span><\/span><\/span><\/span><\/span><\/div><\/div><\/div><\/div><div class=\"sc_skills_column trx_addons_column-1_4 trx_addons_column-1_2-mobile\"><div class=\"sc_skills_item_wrap sc_skills_item_icon_position_top\"><div class=\"sc_skills_item_title\">Bretzels frais<\/div><div class=\"sc_skills_item\"><div class=\"sc_skills_total\" data-start=\"0\" data-stop=\"6278\" data-step=\"62.78\" data-max=\"6278\" data-speed=\"15\" data-duration=\"1500\" data-ed=\"\" data-style=\"odometer\"><span class=\"sc_skills_digits\"><span class=\"sc_skills_digit\"><span class=\"sc_skills_digit_placeholder\">8<\/span><span class=\"sc_skills_digit_wrap\"><span class=\"sc_skills_digit_ribbon\"><span class=\"sc_skills_digit_value\">0<\/span><\/span><\/span><\/span><span class=\"sc_skills_digit\"><span class=\"sc_skills_digit_placeholder\">8<\/span><span class=\"sc_skills_digit_wrap\"><span class=\"sc_skills_digit_ribbon\"><span class=\"sc_skills_digit_value\">0<\/span><\/span><\/span><\/span><span class=\"sc_skills_digit\"><span class=\"sc_skills_digit_placeholder\">8<\/span><span class=\"sc_skills_digit_wrap\"><span class=\"sc_skills_digit_ribbon\"><span class=\"sc_skills_digit_value\">0<\/span><\/span><\/span><\/span><span class=\"sc_skills_digit\"><span class=\"sc_skills_digit_placeholder\">8<\/span><span class=\"sc_skills_digit_wrap\"><span class=\"sc_skills_digit_ribbon\"><span class=\"sc_skills_digit_value\">0<\/span><\/span><\/span><\/span><\/span><\/div><\/div><\/div><\/div><div class=\"sc_skills_column trx_addons_column-1_4 trx_addons_column-1_2-mobile\"><div class=\"sc_skills_item_wrap sc_skills_item_icon_position_top\"><div class=\"sc_skills_item_title\">Bretzels tordus<\/div><div class=\"sc_skills_item\"><div class=\"sc_skills_total\" data-start=\"0\" data-stop=\"3811\" data-step=\"38.11\" data-max=\"6278\" data-speed=\"15\" data-duration=\"1500\" data-ed=\"\" data-style=\"odometer\"><span class=\"sc_skills_digits\"><span class=\"sc_skills_digit\"><span class=\"sc_skills_digit_placeholder\">8<\/span><span class=\"sc_skills_digit_wrap\"><span class=\"sc_skills_digit_ribbon\"><span class=\"sc_skills_digit_value\">0<\/span><\/span><\/span><\/span><span class=\"sc_skills_digit\"><span class=\"sc_skills_digit_placeholder\">8<\/span><span class=\"sc_skills_digit_wrap\"><span class=\"sc_skills_digit_ribbon\"><span class=\"sc_skills_digit_value\">0<\/span><\/span><\/span><\/span><span class=\"sc_skills_digit\"><span class=\"sc_skills_digit_placeholder\">8<\/span><span class=\"sc_skills_digit_wrap\"><span class=\"sc_skills_digit_ribbon\"><span class=\"sc_skills_digit_value\">0<\/span><\/span><\/span><\/span><span class=\"sc_skills_digit\"><span class=\"sc_skills_digit_placeholder\">8<\/span><span class=\"sc_skills_digit_wrap\"><span class=\"sc_skills_digit_ribbon\"><span class=\"sc_skills_digit_value\">0<\/span><\/span><\/span><\/span><\/span><\/div><\/div><\/div><\/div><div class=\"sc_skills_column trx_addons_column-1_4 trx_addons_column-1_2-mobile\"><div class=\"sc_skills_item_wrap sc_skills_item_icon_position_top\"><div class=\"sc_skills_item_title\">Bouch\u00e9es cuites<\/div><div class=\"sc_skills_item\"><div class=\"sc_skills_total\" data-start=\"0\" data-stop=\"2395\" data-step=\"23.95\" data-max=\"6278\" data-speed=\"15\" data-duration=\"1500\" data-ed=\"\" data-style=\"odometer\"><span class=\"sc_skills_digits\"><span class=\"sc_skills_digit\"><span class=\"sc_skills_digit_placeholder\">8<\/span><span class=\"sc_skills_digit_wrap\"><span class=\"sc_skills_digit_ribbon\"><span class=\"sc_skills_digit_value\">0<\/span><\/span><\/span><\/span><span class=\"sc_skills_digit\"><span class=\"sc_skills_digit_placeholder\">8<\/span><span class=\"sc_skills_digit_wrap\"><span class=\"sc_skills_digit_ribbon\"><span class=\"sc_skills_digit_value\">0<\/span><\/span><\/span><\/span><span class=\"sc_skills_digit\"><span class=\"sc_skills_digit_placeholder\">8<\/span><span class=\"sc_skills_digit_wrap\"><span class=\"sc_skills_digit_ribbon\"><span class=\"sc_skills_digit_value\">0<\/span><\/span><\/span><\/span><span class=\"sc_skills_digit\"><span class=\"sc_skills_digit_placeholder\">8<\/span><span class=\"sc_skills_digit_wrap\"><span class=\"sc_skills_digit_ribbon\"><span class=\"sc_skills_digit_value\">0<\/span><\/span><\/span><\/span><\/span><\/div><\/div><\/div><\/div><\/div><\/div>\t\t\t\t<\/div>\n\t\t\t\t<\/div>\n\t\t\t\t<div class=\"elementor-element elementor-element-b5c74d4 sc_height_medium sc_fly_static elementor-widget elementor-widget-spacer\" data-id=\"b5c74d4\" data-element_type=\"widget\" data-e-type=\"widget\" data-widget_type=\"spacer.default\">\n\t\t\t\t<div class=\"elementor-widget-container\">\n\t\t\t\t\t\t\t<div class=\"elementor-spacer\">\n\t\t\t<div class=\"elementor-spacer-inner\"><\/div>\n\t\t<\/div>\n\t\t\t\t\t\t<\/div>\n\t\t\t\t<\/div>\n\t\t\t\t\t<\/div>\n\t\t<\/div>\n\t\t\t\t\t<\/div>\n\t\t<\/section>\n\t\t\t\t<\/div>\n\t\t","protected":false},"excerpt":{"rendered":"<p>Des bretzels de renomm\u00e9e mondiale, servis avec une touche locale \u00e0 Vieux-Terrebonne A propos Mr Pretzels La l\u00e9gende du bretzel parfait L&rsquo;aventure Mr. Pretzels a commenc\u00e9 en 1994, et&hellip;<\/p>\n","protected":false},"author":1,"featured_media":0,"parent":0,"menu_order":0,"comment_status":"closed","ping_status":"closed","template":"","meta":{"footnotes":""},"class_list":["post-53998","page","type-page","status-publish","hentry"],"_links":{"self":[{"href":"https:\/\/magasingeneralterrebonne.com\/fr\/wp-json\/wp\/v2\/pages\/53998","targetHints":{"allow":["GET"]}}],"collection":[{"href":"https:\/\/magasingeneralterrebonne.com\/fr\/wp-json\/wp\/v2\/pages"}],"about":[{"href":"https:\/\/magasingeneralterrebonne.com\/fr\/wp-json\/wp\/v2\/types\/page"}],"author":[{"embeddable":true,"href":"https:\/\/magasingeneralterrebonne.com\/fr\/wp-json\/wp\/v2\/users\/1"}],"replies":[{"embeddable":true,"href":"https:\/\/magasingeneralterrebonne.com\/fr\/wp-json\/wp\/v2\/comments?post=53998"}],"version-history":[{"count":20,"href":"https:\/\/magasingeneralterrebonne.com\/fr\/wp-json\/wp\/v2\/pages\/53998\/revisions"}],"predecessor-version":[{"id":54715,"href":"https:\/\/magasingeneralterrebonne.com\/fr\/wp-json\/wp\/v2\/pages\/53998\/revisions\/54715"}],"wp:attachment":[{"href":"https:\/\/magasingeneralterrebonne.com\/fr\/wp-json\/wp\/v2\/media?parent=53998"}],"curies":[{"name":"wp","href":"https:\/\/api.w.org\/{rel}","templated":true}]}}