{"id":54072,"date":"2023-09-04T14:43:32","date_gmt":"2023-09-04T14:43:32","guid":{"rendered":"https:\/\/magasingeneralterrebonne.com\/contact\/"},"modified":"2026-03-06T13:02:32","modified_gmt":"2026-03-06T13:02:32","slug":"contact","status":"publish","type":"page","link":"https:\/\/magasingeneralterrebonne.com\/fr\/contact\/","title":{"rendered":"Contact"},"content":{"rendered":"\t\t<div data-elementor-type=\"wp-page\" data-elementor-id=\"54072\" class=\"elementor elementor-54072 elementor-12224\">\n\t\t\t\t\t\t<section class=\"elementor-section elementor-top-section elementor-element elementor-element-b29a142 elementor-section-boxed elementor-section-height-default elementor-section-height-default sc_fly_static\" data-id=\"b29a142\" data-element_type=\"section\" data-e-type=\"section\">\n\t\t\t\t\t\t<div class=\"elementor-container elementor-column-gap-extended\">\n\t\t\t\t\t<div class=\"elementor-column elementor-col-100 elementor-top-column elementor-element elementor-element-807cfdd sc_content_align_inherit sc_layouts_column_icons_position_left sc_fly_static\" data-id=\"807cfdd\" data-element_type=\"column\" data-e-type=\"column\">\n\t\t\t<div class=\"elementor-widget-wrap elementor-element-populated\">\n\t\t\t\t\t\t<div class=\"elementor-element elementor-element-7b91621 sc_height_huge sc_fly_static elementor-widget elementor-widget-spacer\" data-id=\"7b91621\" data-element_type=\"widget\" data-e-type=\"widget\" data-widget_type=\"spacer.default\">\n\t\t\t\t<div class=\"elementor-widget-container\">\n\t\t\t\t\t\t\t<div class=\"elementor-spacer\">\n\t\t\t<div class=\"elementor-spacer-inner\"><\/div>\n\t\t<\/div>\n\t\t\t\t\t\t<\/div>\n\t\t\t\t<\/div>\n\t\t\t\t\t<\/div>\n\t\t<\/div>\n\t\t\t\t\t<\/div>\n\t\t<\/section>\n\t\t\t\t<section class=\"elementor-section elementor-top-section elementor-element elementor-element-64cad1c scheme_cream-light elementor-section-boxed elementor-section-height-default elementor-section-height-default sc_fly_static\" data-id=\"64cad1c\" data-element_type=\"section\" data-e-type=\"section\">\n\t\t\t\t\t\t<div class=\"elementor-container elementor-column-gap-extended\">\n\t\t\t\t\t<div class=\"elementor-column elementor-col-50 elementor-top-column elementor-element elementor-element-efad60d sc_content_align_inherit sc_layouts_column_icons_position_left sc_fly_static\" data-id=\"efad60d\" data-element_type=\"column\" data-e-type=\"column\">\n\t\t\t<div class=\"elementor-widget-wrap elementor-element-populated\">\n\t\t\t\t\t\t<div class=\"elementor-element elementor-element-3b7c59b5 sc_fly_static elementor-widget elementor-widget-trx_sc_title\" data-id=\"3b7c59b5\" data-element_type=\"widget\" data-e-type=\"widget\" data-widget_type=\"trx_sc_title.default\">\n\t\t\t\t<div class=\"elementor-widget-container\">\n\t\t\t\t\t<div\t\tclass=\"sc_title sc_title_default\" ><h2 class=\"sc_item_title sc_title_title sc_item_title_style_default sc_item_title_tag\"\n\t\t\t><span class=\"sc_item_title_text\">Planifiez votre visite dans le Vieux Terrebonne<\/span><\/h2><div class=\"sc_item_descr sc_title_descr\"><p>Venez pour le go\u00fbt, restez pour l'ambiance. Ne vous contentez pas d'en lire la description, venez en faire l'exp\u00e9rience. Au Magasin G\u00e9n\u00e9ral, nous croyons que la meilleure fa\u00e7on de savourer nos cr\u00e9ations culinaires est ici m\u00eame, au c\u0153ur du Vieux Terrebonne. Que ce soit pour un lunch rapide ou pour passer l'apr\u00e8s-midi \u00e0 explorer notre collection d'antiquit\u00e9s sans cesse renouvel\u00e9e, nous sommes pr\u00eats \u00e0 vous accueillir.  <\/p>\n<\/div><\/div>\t\t\t\t<\/div>\n\t\t\t\t<\/div>\n\t\t\t\t<div class=\"elementor-element elementor-element-5bcbce8 sc_fly_static elementor-widget elementor-widget-trx_sc_icons\" data-id=\"5bcbce8\" data-element_type=\"widget\" data-e-type=\"widget\" data-widget_type=\"trx_sc_icons.default\">\n\t\t\t\t<div class=\"elementor-widget-container\">\n\t\t\t\t\t<div \tclass=\"sc_icons sc_icons_bordered sc_icons_size_small sc_align_none\" ><div class=\"sc_icons_item sc_icons_item_linked\"><div class=\"sc_icons_icon sc_icon_type_ icon-facebook\" ><span class=\"sc_icon_type_ icon-facebook\"><\/span><\/div><div class=\"sc_icons_item_details\"><h4 class=\"sc_icons_item_title\"><a href=\"https:\/\/www.facebook.com\/people\/Magasin-G%C3%A9n%C3%A9ral-La-Quincaillerie-des-Saveurs\/61580212434800\/#\" target=\"_blank\" rel=\"noopener\">\n                                    Suivez-nous sur Facebook                                    <\/a><\/h4><a href=\"https:\/\/www.facebook.com\/people\/Magasin-G%C3%A9n%C3%A9ral-La-Quincaillerie-des-Saveurs\/61580212434800\/#\" class=\"sc_icons_item_link\" target=\"_blank\" rel=\"noopener\">\n                        <\/a><\/div><\/div><div class=\"sc_icons_item sc_icons_item_linked\"><div class=\"sc_icons_icon sc_icon_type_ icon-instagram\" ><span class=\"sc_icon_type_ icon-instagram\"><\/span><\/div><div class=\"sc_icons_item_details\"><h4 class=\"sc_icons_item_title\"><a href=\"https:\/\/www.instagram.com\/magasin.general.terrebonne\" target=\"_blank\" rel=\"noopener\">\n                                    Suivez-nous sur Instagram                                    <\/a><\/h4><a href=\"https:\/\/www.instagram.com\/magasin.general.terrebonne\" class=\"sc_icons_item_link\" target=\"_blank\" rel=\"noopener\">\n                        <\/a><\/div><\/div><\/div><!-- \/.sc_icons -->\t\t\t\t<\/div>\n\t\t\t\t<\/div>\n\t\t\t\t\t<\/div>\n\t\t<\/div>\n\t\t\t\t<div class=\"elementor-column elementor-col-50 elementor-top-column elementor-element elementor-element-8ced5c9 sc_content_align_inherit sc_layouts_column_icons_position_left sc_fly_static\" data-id=\"8ced5c9\" data-element_type=\"column\" data-e-type=\"column\">\n\t\t\t<div class=\"elementor-widget-wrap elementor-element-populated\">\n\t\t\t\t\t\t<div class=\"elementor-element elementor-element-4dd34d20 sc_height_large sc_fly_static elementor-widget elementor-widget-spacer\" data-id=\"4dd34d20\" data-element_type=\"widget\" data-e-type=\"widget\" data-widget_type=\"spacer.default\">\n\t\t\t\t<div class=\"elementor-widget-container\">\n\t\t\t\t\t\t\t<div class=\"elementor-spacer\">\n\t\t\t<div class=\"elementor-spacer-inner\"><\/div>\n\t\t<\/div>\n\t\t\t\t\t\t<\/div>\n\t\t\t\t<\/div>\n\t\t\t\t<div data-animation-type=\"block\" class=\"elementor-element elementor-element-26a44de7 animated-fast animation_type_block sc_fly_static elementor-invisible elementor-widget elementor-widget-trx_sc_icons\" data-id=\"26a44de7\" data-element_type=\"widget\" data-e-type=\"widget\" data-settings=\"{&quot;_animation&quot;:&quot;ta_under_strips&quot;,&quot;_animation_delay&quot;:0}\" data-widget_type=\"trx_sc_icons.default\">\n\t\t\t\t<div class=\"elementor-widget-container\">\n\t\t\t\t\t<div \tclass=\"sc_icons sc_icons_bordered sc_icons_size_small sc_align_none\" ><h2 class=\"sc_item_title sc_icons_title sc_item_title_style_default\"\n\t\t\t><span class=\"sc_item_title_text\">Nos coordonn\u00e9es<\/span><\/h2><div class=\"sc_item_descr sc_icons_descr\"><p><a href=\"mailto:info@magasingeneralterrebonne.com\"><\/a><\/p>\n<\/div><div class=\"sc_icons_item\"><div class=\"sc_icons_icon sc_icon_type_ icon-marker\" ><span class=\"sc_icon_type_ icon-marker\"><\/span><\/div><div class=\"sc_icons_item_details\"><h4 class=\"sc_icons_item_title\"><span>Notre adresse<\/span><\/h4><div class=\"sc_icons_item_description\"><span>191 Rue St Andr\u00e9, Terrebonne, QC J6W 3C4<\/span><\/div><\/div><\/div><div class=\"sc_icons_item sc_icons_item_linked with_more\"><div class=\"sc_icons_icon sc_icon_type_ trx_addons_icon-telephone\" ><span class=\"sc_icon_type_ trx_addons_icon-telephone\"><\/span><\/div><div class=\"sc_icons_item_details\"><h4 class=\"sc_icons_item_title\"><a href=\"tel:4509613377\">\n                                    Appelez-nous                                    <\/a><\/h4><a href=\"tel:4509613377\" class=\"sc_icons_item_more_link\">\n                        <span class=\"link_text\">450-961-3377<\/span><span class=\"link_icon\"><\/span>\n                        <\/a><a href=\"tel:4509613377\"\n                        class=\"sc_icons_item_link\">\n                        <\/a><\/div><\/div><div class=\"sc_icons_item sc_icons_item_linked\"><div class=\"sc_icons_icon sc_icon_type_ icon-email\" ><span class=\"sc_icon_type_ icon-email\"><\/span><\/div><div class=\"sc_icons_item_details\"><h4 class=\"sc_icons_item_title\"><a href=\"mailto:info@magasingeneralterrebonne.com\">\n                                    Contact                                    <\/a><\/h4><div class=\"sc_icons_item_description\"><span><a href=\"mailto:info@magasingeneralterrebonne.com\">info@magasing\u00e9n\u00e9ralterrebonne.com<\/a><\/span><\/div><a href=\"mailto:info@magasingeneralterrebonne.com\"\n                        class=\"sc_icons_item_link\">\n                        <\/a><\/div><\/div><\/div><!-- \/.sc_icons -->\t\t\t\t<\/div>\n\t\t\t\t<\/div>\n\t\t\t\t\t<\/div>\n\t\t<\/div>\n\t\t\t\t\t<\/div>\n\t\t<\/section>\n\t\t\t\t<section class=\"elementor-section elementor-top-section elementor-element elementor-element-dac684a scheme_light elementor-section-boxed elementor-section-height-default elementor-section-height-default sc_fly_static\" data-id=\"dac684a\" data-element_type=\"section\" data-e-type=\"section\" data-settings=\"{&quot;background_background&quot;:&quot;classic&quot;}\">\n\t\t\t\t\t\t<div class=\"elementor-container elementor-column-gap-extended\">\n\t\t\t\t\t<div class=\"elementor-column elementor-col-100 elementor-top-column elementor-element elementor-element-0a4c085 sc_content_align_inherit sc_layouts_column_icons_position_left sc_fly_static\" data-id=\"0a4c085\" data-element_type=\"column\" data-e-type=\"column\">\n\t\t\t<div class=\"elementor-widget-wrap elementor-element-populated\">\n\t\t\t\t\t\t<div class=\"elementor-element elementor-element-4590752 sc_height_medium sc_fly_static elementor-widget elementor-widget-spacer\" data-id=\"4590752\" data-element_type=\"widget\" data-e-type=\"widget\" data-widget_type=\"spacer.default\">\n\t\t\t\t<div class=\"elementor-widget-container\">\n\t\t\t\t\t\t\t<div class=\"elementor-spacer\">\n\t\t\t<div class=\"elementor-spacer-inner\"><\/div>\n\t\t<\/div>\n\t\t\t\t\t\t<\/div>\n\t\t\t\t<\/div>\n\t\t\t\t<div class=\"elementor-element elementor-element-344eb6f sc_fly_static elementor-widget elementor-widget-trx_sc_skills\" data-id=\"344eb6f\" data-element_type=\"widget\" data-e-type=\"widget\" data-widget_type=\"trx_sc_skills.default\">\n\t\t\t\t<div class=\"elementor-widget-container\">\n\t\t\t\t\t<div\t\tclass=\"sc_skills sc_skills_counter_extra sc_skills_counter_style_odometer sc_align_center\"\n\t\t\t\tdata-type=\"counter\" ><div class=\"sc_skills_columns sc_item_columns trx_addons_columns_wrap columns_padding_bottom columns_in_single_row\"><div class=\"sc_skills_column trx_addons_column-1_4 trx_addons_column-1_2-mobile\"><div class=\"sc_skills_item_wrap sc_skills_item_icon_position_top\"><div class=\"sc_skills_item_title\">Sourires<\/div><div class=\"sc_skills_item\"><div class=\"sc_skills_total\" data-start=\"0\" data-stop=\"2877\" data-step=\"28.77\" data-max=\"2877\" data-speed=\"15\" data-duration=\"1500\" data-ed=\"\" data-style=\"odometer\"><span class=\"sc_skills_digits\"><span class=\"sc_skills_digit\"><span class=\"sc_skills_digit_placeholder\">8<\/span><span class=\"sc_skills_digit_wrap\"><span class=\"sc_skills_digit_ribbon\"><span class=\"sc_skills_digit_value\">0<\/span><\/span><\/span><\/span><span class=\"sc_skills_digit\"><span class=\"sc_skills_digit_placeholder\">8<\/span><span class=\"sc_skills_digit_wrap\"><span class=\"sc_skills_digit_ribbon\"><span class=\"sc_skills_digit_value\">0<\/span><\/span><\/span><\/span><span class=\"sc_skills_digit\"><span class=\"sc_skills_digit_placeholder\">8<\/span><span class=\"sc_skills_digit_wrap\"><span class=\"sc_skills_digit_ribbon\"><span class=\"sc_skills_digit_value\">0<\/span><\/span><\/span><\/span><span class=\"sc_skills_digit\"><span class=\"sc_skills_digit_placeholder\">8<\/span><span class=\"sc_skills_digit_wrap\"><span class=\"sc_skills_digit_ribbon\"><span class=\"sc_skills_digit_value\">0<\/span><\/span><\/span><\/span><\/span><\/div><\/div><\/div><\/div><div class=\"sc_skills_column trx_addons_column-1_4 trx_addons_column-1_2-mobile\"><div class=\"sc_skills_item_wrap sc_skills_item_icon_position_top\"><div class=\"sc_skills_item_title\">Espressos servis<\/div><div class=\"sc_skills_item\"><div class=\"sc_skills_total\" data-start=\"0\" data-stop=\"1543\" data-step=\"15.43\" data-max=\"2877\" data-speed=\"15\" data-duration=\"1500\" data-ed=\"\" data-style=\"odometer\"><span class=\"sc_skills_digits\"><span class=\"sc_skills_digit\"><span class=\"sc_skills_digit_placeholder\">8<\/span><span class=\"sc_skills_digit_wrap\"><span class=\"sc_skills_digit_ribbon\"><span class=\"sc_skills_digit_value\">0<\/span><\/span><\/span><\/span><span class=\"sc_skills_digit\"><span class=\"sc_skills_digit_placeholder\">8<\/span><span class=\"sc_skills_digit_wrap\"><span class=\"sc_skills_digit_ribbon\"><span class=\"sc_skills_digit_value\">0<\/span><\/span><\/span><\/span><span class=\"sc_skills_digit\"><span class=\"sc_skills_digit_placeholder\">8<\/span><span class=\"sc_skills_digit_wrap\"><span class=\"sc_skills_digit_ribbon\"><span class=\"sc_skills_digit_value\">0<\/span><\/span><\/span><\/span><span class=\"sc_skills_digit\"><span class=\"sc_skills_digit_placeholder\">8<\/span><span class=\"sc_skills_digit_wrap\"><span class=\"sc_skills_digit_ribbon\"><span class=\"sc_skills_digit_value\">0<\/span><\/span><\/span><\/span><\/span><\/div><\/div><\/div><\/div><div class=\"sc_skills_column trx_addons_column-1_4 trx_addons_column-1_2-mobile\"><div class=\"sc_skills_item_wrap sc_skills_item_icon_position_top\"><div class=\"sc_skills_item_title\">Bretzels tordus<\/div><div class=\"sc_skills_item\"><div class=\"sc_skills_total\" data-start=\"0\" data-stop=\"1935\" data-step=\"19.35\" data-max=\"2877\" data-speed=\"15\" data-duration=\"1500\" data-ed=\"\" data-style=\"odometer\"><span class=\"sc_skills_digits\"><span class=\"sc_skills_digit\"><span class=\"sc_skills_digit_placeholder\">8<\/span><span class=\"sc_skills_digit_wrap\"><span class=\"sc_skills_digit_ribbon\"><span class=\"sc_skills_digit_value\">0<\/span><\/span><\/span><\/span><span class=\"sc_skills_digit\"><span class=\"sc_skills_digit_placeholder\">8<\/span><span class=\"sc_skills_digit_wrap\"><span class=\"sc_skills_digit_ribbon\"><span class=\"sc_skills_digit_value\">0<\/span><\/span><\/span><\/span><span class=\"sc_skills_digit\"><span class=\"sc_skills_digit_placeholder\">8<\/span><span class=\"sc_skills_digit_wrap\"><span class=\"sc_skills_digit_ribbon\"><span class=\"sc_skills_digit_value\">0<\/span><\/span><\/span><\/span><span class=\"sc_skills_digit\"><span class=\"sc_skills_digit_placeholder\">8<\/span><span class=\"sc_skills_digit_wrap\"><span class=\"sc_skills_digit_ribbon\"><span class=\"sc_skills_digit_value\">0<\/span><\/span><\/span><\/span><\/span><\/div><\/div><\/div><\/div><div class=\"sc_skills_column trx_addons_column-1_4 trx_addons_column-1_2-mobile\"><div class=\"sc_skills_item_wrap sc_skills_item_icon_position_top\"><div class=\"sc_skills_item_title\">Boules de cr\u00e8me glac\u00e9e servies<\/div><div class=\"sc_skills_item\"><div class=\"sc_skills_total\" data-start=\"0\" data-stop=\"724\" data-step=\"7.24\" data-max=\"2877\" data-speed=\"15\" data-duration=\"1500\" data-ed=\"\" data-style=\"odometer\"><span class=\"sc_skills_digits\"><span class=\"sc_skills_digit\"><span class=\"sc_skills_digit_placeholder\">8<\/span><span class=\"sc_skills_digit_wrap\"><span class=\"sc_skills_digit_ribbon\"><span class=\"sc_skills_digit_value\">0<\/span><\/span><\/span><\/span><span class=\"sc_skills_digit\"><span class=\"sc_skills_digit_placeholder\">8<\/span><span class=\"sc_skills_digit_wrap\"><span class=\"sc_skills_digit_ribbon\"><span class=\"sc_skills_digit_value\">0<\/span><\/span><\/span><\/span><span class=\"sc_skills_digit\"><span class=\"sc_skills_digit_placeholder\">8<\/span><span class=\"sc_skills_digit_wrap\"><span class=\"sc_skills_digit_ribbon\"><span class=\"sc_skills_digit_value\">0<\/span><\/span><\/span><\/span><\/span><\/div><\/div><\/div><\/div><\/div><\/div>\t\t\t\t<\/div>\n\t\t\t\t<\/div>\n\t\t\t\t<div class=\"elementor-element elementor-element-9aca5fd sc_height_medium sc_fly_static elementor-widget elementor-widget-spacer\" data-id=\"9aca5fd\" data-element_type=\"widget\" data-e-type=\"widget\" data-widget_type=\"spacer.default\">\n\t\t\t\t<div class=\"elementor-widget-container\">\n\t\t\t\t\t\t\t<div class=\"elementor-spacer\">\n\t\t\t<div class=\"elementor-spacer-inner\"><\/div>\n\t\t<\/div>\n\t\t\t\t\t\t<\/div>\n\t\t\t\t<\/div>\n\t\t\t\t\t<\/div>\n\t\t<\/div>\n\t\t\t\t\t<\/div>\n\t\t<\/section>\n\t\t\t\t<\/div>\n\t\t","protected":false},"excerpt":{"rendered":"<p>Planifiez votre visite dans le Vieux Terrebonne Venez pour le go\u00fbt, restez pour l&rsquo;ambiance. Ne vous contentez pas d&rsquo;en lire la description, venez en faire l&rsquo;exp\u00e9rience. Au Magasin G\u00e9n\u00e9ral,&hellip;<\/p>\n","protected":false},"author":1,"featured_media":0,"parent":0,"menu_order":0,"comment_status":"closed","ping_status":"closed","template":"","meta":{"footnotes":""},"class_list":["post-54072","page","type-page","status-publish","hentry"],"_links":{"self":[{"href":"https:\/\/magasingeneralterrebonne.com\/fr\/wp-json\/wp\/v2\/pages\/54072","targetHints":{"allow":["GET"]}}],"collection":[{"href":"https:\/\/magasingeneralterrebonne.com\/fr\/wp-json\/wp\/v2\/pages"}],"about":[{"href":"https:\/\/magasingeneralterrebonne.com\/fr\/wp-json\/wp\/v2\/types\/page"}],"author":[{"embeddable":true,"href":"https:\/\/magasingeneralterrebonne.com\/fr\/wp-json\/wp\/v2\/users\/1"}],"replies":[{"embeddable":true,"href":"https:\/\/magasingeneralterrebonne.com\/fr\/wp-json\/wp\/v2\/comments?post=54072"}],"version-history":[{"count":3,"href":"https:\/\/magasingeneralterrebonne.com\/fr\/wp-json\/wp\/v2\/pages\/54072\/revisions"}],"predecessor-version":[{"id":54075,"href":"https:\/\/magasingeneralterrebonne.com\/fr\/wp-json\/wp\/v2\/pages\/54072\/revisions\/54075"}],"wp:attachment":[{"href":"https:\/\/magasingeneralterrebonne.com\/fr\/wp-json\/wp\/v2\/media?parent=54072"}],"curies":[{"name":"wp","href":"https:\/\/api.w.org\/{rel}","templated":true}]}}