{"id":54083,"date":"2023-09-11T05:43:03","date_gmt":"2023-09-11T05:43:03","guid":{"rendered":"https:\/\/magasingeneralterrebonne.com\/notre-histoire\/"},"modified":"2026-03-06T15:39:51","modified_gmt":"2026-03-06T15:39:51","slug":"notre-histoire","status":"publish","type":"page","link":"https:\/\/magasingeneralterrebonne.com\/fr\/notre-histoire\/","title":{"rendered":"Notre histoire"},"content":{"rendered":"\t\t<div data-elementor-type=\"wp-page\" data-elementor-id=\"54083\" class=\"elementor elementor-54083 elementor-26574\">\n\t\t\t\t\t\t<section class=\"elementor-section elementor-top-section elementor-element elementor-element-0c248c8 elementor-section-boxed elementor-section-height-default elementor-section-height-default sc_fly_static\" data-id=\"0c248c8\" data-element_type=\"section\" data-e-type=\"section\">\n\t\t\t\t\t\t<div class=\"elementor-container elementor-column-gap-extended\">\n\t\t\t\t\t<div class=\"elementor-column elementor-col-100 elementor-top-column elementor-element elementor-element-8a7b92e sc_content_align_inherit sc_layouts_column_icons_position_left sc_fly_static\" data-id=\"8a7b92e\" data-element_type=\"column\" data-e-type=\"column\">\n\t\t\t<div class=\"elementor-widget-wrap elementor-element-populated\">\n\t\t\t\t\t\t<div class=\"elementor-element elementor-element-16e0784 sc_height_huge sc_fly_static elementor-widget elementor-widget-spacer\" data-id=\"16e0784\" data-element_type=\"widget\" data-e-type=\"widget\" data-widget_type=\"spacer.default\">\n\t\t\t\t<div class=\"elementor-widget-container\">\n\t\t\t\t\t\t\t<div class=\"elementor-spacer\">\n\t\t\t<div class=\"elementor-spacer-inner\"><\/div>\n\t\t<\/div>\n\t\t\t\t\t\t<\/div>\n\t\t\t\t<\/div>\n\t\t\t\t\t<\/div>\n\t\t<\/div>\n\t\t\t\t\t<\/div>\n\t\t<\/section>\n\t\t\t\t<section class=\"elementor-section elementor-top-section elementor-element elementor-element-57df5c30 elementor-section-boxed elementor-section-height-default elementor-section-height-default sc_fly_static\" data-id=\"57df5c30\" data-element_type=\"section\" data-e-type=\"section\">\n\t\t\t\t\t\t<div class=\"elementor-container elementor-column-gap-extended\">\n\t\t\t\t\t<div class=\"elementor-column elementor-col-50 elementor-top-column elementor-element elementor-element-5c6a6f7e sc_content_align_inherit sc_layouts_column_icons_position_left sc_fly_static\" data-id=\"5c6a6f7e\" data-element_type=\"column\" data-e-type=\"column\">\n\t\t\t<div class=\"elementor-widget-wrap elementor-element-populated\">\n\t\t\t\t\t\t<div class=\"elementor-element elementor-element-7393ad71 sc_fly_static elementor-widget elementor-widget-trx_sc_title\" data-id=\"7393ad71\" data-element_type=\"widget\" data-e-type=\"widget\" data-widget_type=\"trx_sc_title.default\">\n\t\t\t\t<div class=\"elementor-widget-container\">\n\t\t\t\t\t<div\t\tclass=\"sc_title sc_title_default\" ><h1 class=\"sc_item_title sc_title_title sc_item_title_style_default sc_item_title_tag\"\n\t\t\t><span class=\"sc_item_title_text\">Plongez dans l'histoire, savourez l'instant : L\u00e0 o\u00f9 le charme d'autrefois rencontre les saveurs d'aujourd'hui.<\/span><\/h1><\/div>\t\t\t\t<\/div>\n\t\t\t\t<\/div>\n\t\t\t\t<div class=\"elementor-element elementor-element-7f2c7c4 sc_fly_static elementor-widget elementor-widget-spacer\" data-id=\"7f2c7c4\" data-element_type=\"widget\" data-e-type=\"widget\" data-widget_type=\"spacer.default\">\n\t\t\t\t<div class=\"elementor-widget-container\">\n\t\t\t\t\t\t\t<div class=\"elementor-spacer\">\n\t\t\t<div class=\"elementor-spacer-inner\"><\/div>\n\t\t<\/div>\n\t\t\t\t\t\t<\/div>\n\t\t\t\t<\/div>\n\t\t\t\t<div class=\"elementor-element elementor-element-089d1ca sc_fly_static elementor-widget elementor-widget-text-editor\" data-id=\"089d1ca\" data-element_type=\"widget\" data-e-type=\"widget\" data-widget_type=\"text-editor.default\">\n\t\t\t\t<div class=\"elementor-widget-container\">\n\t\t\t\t\t\t\t\t\t<h3 data-path-to-node=\"2\"><b>L\u2019histoire d\u2019un r\u00eave au Vieux-Terrebonne<\/b><\/h3><p data-path-to-node=\"3\">Bienvenue au Magasin G\u00e9n\u00e9ral la Quincaillerie des Saveurs ! Mon aventure a commenc\u00e9 par un profond coup de c\u0153ur pour l&rsquo;\u00e2me du Vieux-Terrebonne, une r\u00e9gion si riche d&rsquo;histoire et au charme incomparable. En trouvant ce local, nous ne l&rsquo;avons pas simplement achet\u00e9 pour son emplacement, mais par d\u00e9sir profond d&rsquo;en pr\u00e9server tout le caract\u00e8re historique.  <\/p><h3 data-path-to-node=\"4\"><b>Pr\u00e9server le pass\u00e9, le futur \u00e0 savourer<\/b><\/h3><p data-path-to-node=\"5\">Fond\u00e9e en 2025, notre entreprise a succ\u00e9d\u00e9 \u00e0 une ancienne boutique de cadeaux avec une mission pr\u00e9cise. Nous avons conserv\u00e9 tout le caract\u00e8re de la fa\u00e7ade originale, mais l&rsquo;int\u00e9rieur a subi une transformation compl\u00e8te. Je souhaitais ainsi allier le cachet historique des lieux \u00e0 un d\u00e9cor \u00e9pur\u00e9 et contemporain.  <\/p><p data-path-to-node=\"6\">Quand vous viendrez nous voir, prenez le temps d&rsquo;observer les d\u00e9tails. Nous avons pr\u00e9serv\u00e9 les poutres originales, le foyer antique et tout le cachet architectural des lieux, tout en am\u00e9nageant un environnement chaleureux o\u00f9 il fait bon relaxer.<\/p><h3 data-path-to-node=\"7\"><b>Bien plus qu&rsquo;un simple magasin<\/b><\/h3><p data-path-to-node=\"8\">Aujourd\u2019hui, je suis tellement fier de vous offrir bien plus qu\u2019un simple magasin ; c\u2019est une escale gourmande. J\u2019ai voulu cr\u00e9er un lieu o\u00f9 vous pouvez trouver : <\/p><ul data-path-to-node=\"9\"><li><p data-path-to-node=\"9,0,1\">Caf\u00e9 italien moderne et gelato artisanal : Pour une pause parfaite dans votre journ\u00e9e.<\/p><\/li><li><p data-path-to-node=\"9,1,1\">Le bar \u00e0 sandwichs \u00ab style Chopped \u00bb : Notre concept unique o\u00f9 les ingr\u00e9dients sont finement coup\u00e9s pour une bouch\u00e9e parfaite.<\/p><\/li><li><p data-path-to-node=\"9,2,0\">\u00c9picerie fine : Des produits d&rsquo;ici et d&rsquo;ailleurs.<\/p><\/li><li><p data-path-to-node=\"9,3,0\">Espace Mr. Pretzels : Savourez des bretzels chauds, pr\u00e9par\u00e9s et cuits sur place.<\/p><\/li><li><p data-path-to-node=\"9,4,0\">Antiquit\u00e9s : Des trouvailles uniques \u00e0 d\u00e9couvrir parmi nos d\u00e9lices gourmands. <\/p><\/li><\/ul>\t\t\t\t\t\t\t\t<\/div>\n\t\t\t\t<\/div>\n\t\t\t\t\t<\/div>\n\t\t<\/div>\n\t\t\t\t<div class=\"elementor-column elementor-col-50 elementor-top-column elementor-element elementor-element-2cac9cd sc_content_align_inherit sc_layouts_column_icons_position_left sc_fly_static\" data-id=\"2cac9cd\" data-element_type=\"column\" data-e-type=\"column\">\n\t\t\t<div class=\"elementor-widget-wrap elementor-element-populated\">\n\t\t\t\t\t\t<div class=\"elementor-element elementor-element-370d93b sc_fly_static elementor-widget elementor-widget-image\" data-id=\"370d93b\" data-element_type=\"widget\" data-e-type=\"widget\" data-widget_type=\"image.default\">\n\t\t\t\t<div class=\"elementor-widget-container\">\n\t\t\t\t\t\t\t\t\t\t\t\t\t\t\t<img fetchpriority=\"high\" decoding=\"async\" width=\"440\" height=\"463\" src=\"https:\/\/magasingeneralterrebonne.com\/wp-content\/uploads\/2026\/01\/Magasin-general-vieux-terrebonne-front-store-our-story.webp\" class=\"attachment-full size-full wp-image-54089\" alt=\"\" srcset=\"https:\/\/magasingeneralterrebonne.com\/wp-content\/uploads\/2026\/01\/Magasin-general-vieux-terrebonne-front-store-our-story.webp 440w, https:\/\/magasingeneralterrebonne.com\/wp-content\/uploads\/2026\/01\/Magasin-general-vieux-terrebonne-front-store-our-story-285x300.webp 285w, https:\/\/magasingeneralterrebonne.com\/wp-content\/uploads\/2026\/01\/Magasin-general-vieux-terrebonne-front-store-our-story-370x389.webp 370w, https:\/\/magasingeneralterrebonne.com\/wp-content\/uploads\/2026\/01\/Magasin-general-vieux-terrebonne-front-store-our-story-410x431.webp 410w, https:\/\/magasingeneralterrebonne.com\/wp-content\/uploads\/2026\/01\/Magasin-general-vieux-terrebonne-front-store-our-story-380x400.webp 380w\" sizes=\"(max-width: 600px) 100vw, 440px\" \/>\t\t\t\t\t\t\t\t\t\t\t\t\t\t\t<\/div>\n\t\t\t\t<\/div>\n\t\t\t\t<div class=\"elementor-element elementor-element-a133157 sc_fly_static elementor-widget elementor-widget-spacer\" data-id=\"a133157\" data-element_type=\"widget\" data-e-type=\"widget\" data-widget_type=\"spacer.default\">\n\t\t\t\t<div class=\"elementor-widget-container\">\n\t\t\t\t\t\t\t<div class=\"elementor-spacer\">\n\t\t\t<div class=\"elementor-spacer-inner\"><\/div>\n\t\t<\/div>\n\t\t\t\t\t\t<\/div>\n\t\t\t\t<\/div>\n\t\t\t\t<div class=\"elementor-element elementor-element-f934d8d sc_fly_static elementor-widget elementor-widget-text-editor\" data-id=\"f934d8d\" data-element_type=\"widget\" data-e-type=\"widget\" data-widget_type=\"text-editor.default\">\n\t\t\t\t<div class=\"elementor-widget-container\">\n\t\t\t\t\t\t\t\t\t<h3 data-path-to-node=\"10\"><b>Un message de la part du propri\u00e9taire<\/b><\/h3><p data-path-to-node=\"11\">Bonjour, je m&rsquo;appelle Valeria. Je voulais vous partager ma passion immense pour notre projet. Ma plus grande joie est de vous accueillir dans cet endroit unique du Vieux-Terrebonne.  <\/p><p data-path-to-node=\"12\">Pour moi, ce projet est beaucoup plus que d&rsquo;offrir du caf\u00e9 ou du gelato. Ce qui me passionne vraiment, c&rsquo;est de maintenir l&rsquo;\u00e2me ancestrale de ce superbe b\u00e2timent tout en le comblant de saveurs fines. Je souhaite que chaque visite soit, pour vous, un petit moment d&rsquo;\u00e9vasion historique et de pur plaisir gustatif.<\/p><p data-path-to-node=\"13\">Merci d&rsquo;\u00eatre au c\u0153ur de cette belle aventure. C&rsquo;est gr\u00e2ce \u00e0 vous que notre r\u00eave prend vie ! <\/p>\t\t\t\t\t\t\t\t<\/div>\n\t\t\t\t<\/div>\n\t\t\t\t\t<\/div>\n\t\t<\/div>\n\t\t\t\t\t<\/div>\n\t\t<\/section>\n\t\t\t\t<section class=\"elementor-section elementor-top-section elementor-element elementor-element-a00e869 elementor-section-boxed elementor-section-height-default elementor-section-height-default sc_fly_static\" data-id=\"a00e869\" data-element_type=\"section\" data-e-type=\"section\">\n\t\t\t\t\t\t<div class=\"elementor-container elementor-column-gap-extended\">\n\t\t\t\t\t<div class=\"elementor-column elementor-col-100 elementor-top-column elementor-element elementor-element-b0c4d9a sc_content_align_inherit sc_layouts_column_icons_position_left sc_fly_static\" data-id=\"b0c4d9a\" data-element_type=\"column\" data-e-type=\"column\">\n\t\t\t<div class=\"elementor-widget-wrap elementor-element-populated\">\n\t\t\t\t\t\t<div class=\"elementor-element elementor-element-659aaad sc_height_medium sc_fly_static elementor-widget elementor-widget-spacer\" data-id=\"659aaad\" data-element_type=\"widget\" data-e-type=\"widget\" data-widget_type=\"spacer.default\">\n\t\t\t\t<div class=\"elementor-widget-container\">\n\t\t\t\t\t\t\t<div class=\"elementor-spacer\">\n\t\t\t<div class=\"elementor-spacer-inner\"><\/div>\n\t\t<\/div>\n\t\t\t\t\t\t<\/div>\n\t\t\t\t<\/div>\n\t\t\t\t\t<\/div>\n\t\t<\/div>\n\t\t\t\t\t<\/div>\n\t\t<\/section>\n\t\t\t\t<section class=\"elementor-section elementor-top-section elementor-element elementor-element-593f59e2 scheme_light elementor-section-boxed elementor-section-height-default elementor-section-height-default sc_fly_static\" data-id=\"593f59e2\" data-element_type=\"section\" data-e-type=\"section\" data-settings=\"{&quot;background_background&quot;:&quot;classic&quot;}\">\n\t\t\t\t\t\t<div class=\"elementor-container elementor-column-gap-extended\">\n\t\t\t\t\t<div class=\"elementor-column elementor-col-100 elementor-top-column elementor-element elementor-element-3d298161 sc_content_align_inherit sc_layouts_column_icons_position_left sc_fly_static\" data-id=\"3d298161\" data-element_type=\"column\" data-e-type=\"column\">\n\t\t\t<div class=\"elementor-widget-wrap elementor-element-populated\">\n\t\t\t\t\t\t<div class=\"elementor-element elementor-element-07c0dd7 sc_height_medium sc_fly_static elementor-widget elementor-widget-spacer\" data-id=\"07c0dd7\" data-element_type=\"widget\" data-e-type=\"widget\" data-widget_type=\"spacer.default\">\n\t\t\t\t<div class=\"elementor-widget-container\">\n\t\t\t\t\t\t\t<div class=\"elementor-spacer\">\n\t\t\t<div class=\"elementor-spacer-inner\"><\/div>\n\t\t<\/div>\n\t\t\t\t\t\t<\/div>\n\t\t\t\t<\/div>\n\t\t\t\t<div class=\"elementor-element elementor-element-5dc7d02 sc_fly_static elementor-widget elementor-widget-trx_sc_skills\" data-id=\"5dc7d02\" data-element_type=\"widget\" data-e-type=\"widget\" data-widget_type=\"trx_sc_skills.default\">\n\t\t\t\t<div class=\"elementor-widget-container\">\n\t\t\t\t\t<div\t\tclass=\"sc_skills sc_skills_counter_extra sc_skills_counter_style_odometer sc_align_center\"\n\t\t\t\tdata-type=\"counter\" ><div class=\"sc_skills_columns sc_item_columns trx_addons_columns_wrap columns_padding_bottom columns_in_single_row\"><div class=\"sc_skills_column trx_addons_column-1_4 trx_addons_column-1_2-mobile\"><div class=\"sc_skills_item_wrap sc_skills_item_icon_position_top\"><div class=\"sc_skills_item_title\">Sourires<\/div><div class=\"sc_skills_item\"><div class=\"sc_skills_total\" data-start=\"0\" data-stop=\"2877\" data-step=\"28.77\" data-max=\"2877\" data-speed=\"15\" data-duration=\"1500\" data-ed=\"\" data-style=\"odometer\"><span class=\"sc_skills_digits\"><span class=\"sc_skills_digit\"><span class=\"sc_skills_digit_placeholder\">8<\/span><span class=\"sc_skills_digit_wrap\"><span class=\"sc_skills_digit_ribbon\"><span class=\"sc_skills_digit_value\">0<\/span><\/span><\/span><\/span><span class=\"sc_skills_digit\"><span class=\"sc_skills_digit_placeholder\">8<\/span><span class=\"sc_skills_digit_wrap\"><span class=\"sc_skills_digit_ribbon\"><span class=\"sc_skills_digit_value\">0<\/span><\/span><\/span><\/span><span class=\"sc_skills_digit\"><span class=\"sc_skills_digit_placeholder\">8<\/span><span class=\"sc_skills_digit_wrap\"><span class=\"sc_skills_digit_ribbon\"><span class=\"sc_skills_digit_value\">0<\/span><\/span><\/span><\/span><span class=\"sc_skills_digit\"><span class=\"sc_skills_digit_placeholder\">8<\/span><span class=\"sc_skills_digit_wrap\"><span class=\"sc_skills_digit_ribbon\"><span class=\"sc_skills_digit_value\">0<\/span><\/span><\/span><\/span><\/span><\/div><\/div><\/div><\/div><div class=\"sc_skills_column trx_addons_column-1_4 trx_addons_column-1_2-mobile\"><div class=\"sc_skills_item_wrap sc_skills_item_icon_position_top\"><div class=\"sc_skills_item_title\">Espressos servis<\/div><div class=\"sc_skills_item\"><div class=\"sc_skills_total\" data-start=\"0\" data-stop=\"1543\" data-step=\"15.43\" data-max=\"2877\" data-speed=\"15\" data-duration=\"1500\" data-ed=\"\" data-style=\"odometer\"><span class=\"sc_skills_digits\"><span class=\"sc_skills_digit\"><span class=\"sc_skills_digit_placeholder\">8<\/span><span class=\"sc_skills_digit_wrap\"><span class=\"sc_skills_digit_ribbon\"><span class=\"sc_skills_digit_value\">0<\/span><\/span><\/span><\/span><span class=\"sc_skills_digit\"><span class=\"sc_skills_digit_placeholder\">8<\/span><span class=\"sc_skills_digit_wrap\"><span class=\"sc_skills_digit_ribbon\"><span class=\"sc_skills_digit_value\">0<\/span><\/span><\/span><\/span><span class=\"sc_skills_digit\"><span class=\"sc_skills_digit_placeholder\">8<\/span><span class=\"sc_skills_digit_wrap\"><span class=\"sc_skills_digit_ribbon\"><span class=\"sc_skills_digit_value\">0<\/span><\/span><\/span><\/span><span class=\"sc_skills_digit\"><span class=\"sc_skills_digit_placeholder\">8<\/span><span class=\"sc_skills_digit_wrap\"><span class=\"sc_skills_digit_ribbon\"><span class=\"sc_skills_digit_value\">0<\/span><\/span><\/span><\/span><\/span><\/div><\/div><\/div><\/div><div class=\"sc_skills_column trx_addons_column-1_4 trx_addons_column-1_2-mobile\"><div class=\"sc_skills_item_wrap sc_skills_item_icon_position_top\"><div class=\"sc_skills_item_title\">Bretzels tordus<\/div><div class=\"sc_skills_item\"><div class=\"sc_skills_total\" data-start=\"0\" data-stop=\"1935\" data-step=\"19.35\" data-max=\"2877\" data-speed=\"15\" data-duration=\"1500\" data-ed=\"\" data-style=\"odometer\"><span class=\"sc_skills_digits\"><span class=\"sc_skills_digit\"><span class=\"sc_skills_digit_placeholder\">8<\/span><span class=\"sc_skills_digit_wrap\"><span class=\"sc_skills_digit_ribbon\"><span class=\"sc_skills_digit_value\">0<\/span><\/span><\/span><\/span><span class=\"sc_skills_digit\"><span class=\"sc_skills_digit_placeholder\">8<\/span><span class=\"sc_skills_digit_wrap\"><span class=\"sc_skills_digit_ribbon\"><span class=\"sc_skills_digit_value\">0<\/span><\/span><\/span><\/span><span class=\"sc_skills_digit\"><span class=\"sc_skills_digit_placeholder\">8<\/span><span class=\"sc_skills_digit_wrap\"><span class=\"sc_skills_digit_ribbon\"><span class=\"sc_skills_digit_value\">0<\/span><\/span><\/span><\/span><span class=\"sc_skills_digit\"><span class=\"sc_skills_digit_placeholder\">8<\/span><span class=\"sc_skills_digit_wrap\"><span class=\"sc_skills_digit_ribbon\"><span class=\"sc_skills_digit_value\">0<\/span><\/span><\/span><\/span><\/span><\/div><\/div><\/div><\/div><div class=\"sc_skills_column trx_addons_column-1_4 trx_addons_column-1_2-mobile\"><div class=\"sc_skills_item_wrap sc_skills_item_icon_position_top\"><div class=\"sc_skills_item_title\">Boules de cr\u00e8me glac\u00e9e servies<\/div><div class=\"sc_skills_item\"><div class=\"sc_skills_total\" data-start=\"0\" data-stop=\"724\" data-step=\"7.24\" data-max=\"2877\" data-speed=\"15\" data-duration=\"1500\" data-ed=\"\" data-style=\"odometer\"><span class=\"sc_skills_digits\"><span class=\"sc_skills_digit\"><span class=\"sc_skills_digit_placeholder\">8<\/span><span class=\"sc_skills_digit_wrap\"><span class=\"sc_skills_digit_ribbon\"><span class=\"sc_skills_digit_value\">0<\/span><\/span><\/span><\/span><span class=\"sc_skills_digit\"><span class=\"sc_skills_digit_placeholder\">8<\/span><span class=\"sc_skills_digit_wrap\"><span class=\"sc_skills_digit_ribbon\"><span class=\"sc_skills_digit_value\">0<\/span><\/span><\/span><\/span><span class=\"sc_skills_digit\"><span class=\"sc_skills_digit_placeholder\">8<\/span><span class=\"sc_skills_digit_wrap\"><span class=\"sc_skills_digit_ribbon\"><span class=\"sc_skills_digit_value\">0<\/span><\/span><\/span><\/span><\/span><\/div><\/div><\/div><\/div><\/div><\/div>\t\t\t\t<\/div>\n\t\t\t\t<\/div>\n\t\t\t\t<div class=\"elementor-element elementor-element-b5c74d4 sc_height_medium sc_fly_static elementor-widget elementor-widget-spacer\" data-id=\"b5c74d4\" data-element_type=\"widget\" data-e-type=\"widget\" data-widget_type=\"spacer.default\">\n\t\t\t\t<div class=\"elementor-widget-container\">\n\t\t\t\t\t\t\t<div class=\"elementor-spacer\">\n\t\t\t<div class=\"elementor-spacer-inner\"><\/div>\n\t\t<\/div>\n\t\t\t\t\t\t<\/div>\n\t\t\t\t<\/div>\n\t\t\t\t\t<\/div>\n\t\t<\/div>\n\t\t\t\t\t<\/div>\n\t\t<\/section>\n\t\t\t\t<\/div>\n\t\t","protected":false},"excerpt":{"rendered":"<p>Plongez dans l&rsquo;histoire, savourez l&rsquo;instant : L\u00e0 o\u00f9 le charme d&rsquo;autrefois rencontre les saveurs d&rsquo;aujourd&rsquo;hui. L\u2019histoire d\u2019un r\u00eave au Vieux-Terrebonne Bienvenue au Magasin G\u00e9n\u00e9ral la Quincaillerie des Saveurs !&hellip;<\/p>\n","protected":false},"author":1,"featured_media":0,"parent":0,"menu_order":0,"comment_status":"closed","ping_status":"closed","template":"","meta":{"footnotes":""},"class_list":["post-54083","page","type-page","status-publish","hentry"],"_links":{"self":[{"href":"https:\/\/magasingeneralterrebonne.com\/fr\/wp-json\/wp\/v2\/pages\/54083","targetHints":{"allow":["GET"]}}],"collection":[{"href":"https:\/\/magasingeneralterrebonne.com\/fr\/wp-json\/wp\/v2\/pages"}],"about":[{"href":"https:\/\/magasingeneralterrebonne.com\/fr\/wp-json\/wp\/v2\/types\/page"}],"author":[{"embeddable":true,"href":"https:\/\/magasingeneralterrebonne.com\/fr\/wp-json\/wp\/v2\/users\/1"}],"replies":[{"embeddable":true,"href":"https:\/\/magasingeneralterrebonne.com\/fr\/wp-json\/wp\/v2\/comments?post=54083"}],"version-history":[{"count":3,"href":"https:\/\/magasingeneralterrebonne.com\/fr\/wp-json\/wp\/v2\/pages\/54083\/revisions"}],"predecessor-version":[{"id":54092,"href":"https:\/\/magasingeneralterrebonne.com\/fr\/wp-json\/wp\/v2\/pages\/54083\/revisions\/54092"}],"wp:attachment":[{"href":"https:\/\/magasingeneralterrebonne.com\/fr\/wp-json\/wp\/v2\/media?parent=54083"}],"curies":[{"name":"wp","href":"https:\/\/api.w.org\/{rel}","templated":true}]}}