{"id":54116,"date":"2025-12-18T14:38:00","date_gmt":"2025-12-18T14:38:00","guid":{"rendered":"https:\/\/magasingeneralterrebonne.com\/menu-sandwich\/"},"modified":"2026-04-06T17:10:29","modified_gmt":"2026-04-06T17:10:29","slug":"menu-sandwich","status":"publish","type":"page","link":"https:\/\/magasingeneralterrebonne.com\/fr\/menu-sandwich\/","title":{"rendered":"Sandwich"},"content":{"rendered":"\t\t<div data-elementor-type=\"wp-page\" data-elementor-id=\"54116\" class=\"elementor elementor-54116 elementor-51328\">\n\t\t\t\t\t\t<section class=\"elementor-section elementor-top-section elementor-element elementor-element-d29b6ac elementor-section-boxed elementor-section-height-default elementor-section-height-default sc_fly_static\" data-id=\"d29b6ac\" data-element_type=\"section\" data-e-type=\"section\">\n\t\t\t\t\t\t<div class=\"elementor-container elementor-column-gap-extended\">\n\t\t\t\t\t<div class=\"elementor-column elementor-col-100 elementor-top-column elementor-element elementor-element-4871bac sc_content_align_inherit sc_layouts_column_icons_position_left sc_fly_static\" data-id=\"4871bac\" data-element_type=\"column\" data-e-type=\"column\">\n\t\t\t<div class=\"elementor-widget-wrap elementor-element-populated\">\n\t\t\t\t\t\t<div class=\"elementor-element elementor-element-cfeaae0 sc_height_large sc_fly_static elementor-widget elementor-widget-spacer\" data-id=\"cfeaae0\" data-element_type=\"widget\" data-e-type=\"widget\" data-widget_type=\"spacer.default\">\n\t\t\t\t<div class=\"elementor-widget-container\">\n\t\t\t\t\t\t\t<div class=\"elementor-spacer\">\n\t\t\t<div class=\"elementor-spacer-inner\"><\/div>\n\t\t<\/div>\n\t\t\t\t\t\t<\/div>\n\t\t\t\t<\/div>\n\t\t\t\t\t<\/div>\n\t\t<\/div>\n\t\t\t\t\t<\/div>\n\t\t<\/section>\n\t\t\t\t<section class=\"elementor-section elementor-top-section elementor-element elementor-element-56dbbd24 elementor-section-boxed elementor-section-height-default elementor-section-height-default sc_fly_static\" data-id=\"56dbbd24\" data-element_type=\"section\" data-e-type=\"section\">\n\t\t\t\t\t\t<div class=\"elementor-container elementor-column-gap-no\">\n\t\t\t\t\t<div class=\"elementor-column elementor-col-50 elementor-top-column elementor-element elementor-element-63766ff0 sc_content_align_inherit sc_layouts_column_icons_position_left sc_fly_static\" data-id=\"63766ff0\" data-element_type=\"column\" data-e-type=\"column\">\n\t\t\t<div class=\"elementor-widget-wrap elementor-element-populated\">\n\t\t\t\t\t\t<div class=\"elementor-element elementor-element-028033a sc_fly_static elementor-widget elementor-widget-trx_sc_title\" data-id=\"028033a\" data-element_type=\"widget\" data-e-type=\"widget\" data-widget_type=\"trx_sc_title.default\">\n\t\t\t\t<div class=\"elementor-widget-container\">\n\t\t\t\t\t<div\t\tclass=\"sc_title sc_title_default\" ><h3 class=\"sc_item_title sc_title_title sc_item_title_style_default sc_item_title_tag\"\n\t\t\t><span class=\"sc_item_title_text\">Sandwichs hach\u00e9s<\/span><\/h3><\/div>\t\t\t\t<\/div>\n\t\t\t\t<\/div>\n\t\t\t\t<div class=\"elementor-element elementor-element-569da7d elementor-widget-divider--view-line sc_fly_static elementor-widget elementor-widget-divider\" data-id=\"569da7d\" data-element_type=\"widget\" data-e-type=\"widget\" data-widget_type=\"divider.default\">\n\t\t\t\t<div class=\"elementor-widget-container\">\n\t\t\t\t\t\t\t<div class=\"elementor-divider\">\n\t\t\t<span class=\"elementor-divider-separator\">\n\t\t\t\t\t\t<\/span>\n\t\t<\/div>\n\t\t\t\t\t\t<\/div>\n\t\t\t\t<\/div>\n\t\t\t\t<div class=\"elementor-element elementor-element-3d6e9292 sc_fly_static elementor-widget elementor-widget-spacer\" data-id=\"3d6e9292\" data-element_type=\"widget\" data-e-type=\"widget\" data-widget_type=\"spacer.default\">\n\t\t\t\t<div class=\"elementor-widget-container\">\n\t\t\t\t\t\t\t<div class=\"elementor-spacer\">\n\t\t\t<div class=\"elementor-spacer-inner\"><\/div>\n\t\t<\/div>\n\t\t\t\t\t\t<\/div>\n\t\t\t\t<\/div>\n\t\t\t\t<div class=\"elementor-element elementor-element-aa841d6 sc_fly_static elementor-widget elementor-widget-trx_sc_services\" data-id=\"aa841d6\" data-element_type=\"widget\" data-e-type=\"widget\" data-widget_type=\"trx_sc_services.default\">\n\t\t\t\t<div class=\"elementor-widget-container\">\n\t\t\t\t\t<div class=\"sc_services sc_services_qw-price sc_services_featured_left\"><div class=\"sc_services_content sc_item_content sc_item_posts_container sc_item_columns_1\"><div data-post-id=\"54120\" class=\"sc_services_item sc_item_container post_container no_links with_content with_number with_head post-54120 cpt_services type-cpt_services status-publish has-post-thumbnail hentry cpt_services_group-nos-sandwichs\" data-item-number=\"1\"\n>\n\n\t<div class=\"sc_services_item_head\"><span class=\"sc_services_item_number\">01<\/span><\/div>\n\t<div class=\"sc_services_item_info\">\n\t\t\t\t<div class=\"sc_services_item_header\">\n\t\t\t            <div class=\"sc_services_item_title_wrap\">\n                <h4 class=\"sc_services_item_title entry-title\">Beau, Bon, Jambon<\/h4>\n                <\/div>\t\t<\/div>\n\t\t\t\t\t\t\t<div class=\"sc_services_item_content\"><p>Un m\u00e9lange parfaitement \u00e9quilibr\u00e9 de de jambon, provolone et salade de chou croquante, relev\u00e9 de cornichons et d&rsquo;une sauce miel et dijon.<\/p>\n<\/div><\/div>\n<\/div>\n<div data-post-id=\"54121\" class=\"sc_services_item sc_item_container post_container no_links with_content with_number with_head post-54121 cpt_services type-cpt_services status-publish has-post-thumbnail hentry cpt_services_group-nos-sandwichs\" data-item-number=\"2\"\n>\n\n\t<div class=\"sc_services_item_head\"><span class=\"sc_services_item_number\">02<\/span><\/div>\n\t<div class=\"sc_services_item_info\">\n\t\t\t\t<div class=\"sc_services_item_header\">\n\t\t\t            <div class=\"sc_services_item_title_wrap\">\n                <h4 class=\"sc_services_item_title entry-title\">La Tomate Aromate<\/h4>\n                <\/div>\t\t<\/div>\n\t\t\t\t\t\t\t<div class=\"sc_services_item_content\"><p>Un m\u00e9lange frais de bruschetta de tomate, fromage mozzarella fior di latte, aubergines et l\u00e9gumes marin\u00e9s, roquette, sauce maison aux tomates s\u00e9ch\u00e9es et gla\u00e7age balsamique<\/p>\n<\/div><\/div>\n<\/div>\n<div data-post-id=\"54123\" class=\"sc_services_item sc_item_container post_container no_links with_content with_number with_head post-54123 cpt_services type-cpt_services status-publish has-post-thumbnail hentry cpt_services_group-nos-sandwichs\" data-item-number=\"3\"\n>\n\n\t<div class=\"sc_services_item_head\"><span class=\"sc_services_item_number\">03<\/span><\/div>\n\t<div class=\"sc_services_item_info\">\n\t\t\t\t<div class=\"sc_services_item_header\">\n\t\t\t            <div class=\"sc_services_item_title_wrap\">\n                <h4 class=\"sc_services_item_title entry-title\">Le D\u00e9lit Tout Compris<\/h4>\n                <\/div>\t\t<\/div>\n\t\t\t\t\t\t\t<div class=\"sc_services_item_content\"><p>Un savoureux m\u00e9lange de prosciutto cotto, salami, soppressata, fromage provolone, laitue iceberg, oignon rouge, tomate, l\u00e9gumes marin\u00e9s et notre sauce maison aux fines herbes italiennes.<\/p>\n<\/div><\/div>\n<\/div>\n<div data-post-id=\"54125\" class=\"sc_services_item sc_item_container post_container no_links with_content with_number with_head post-54125 cpt_services type-cpt_services status-publish has-post-thumbnail hentry cpt_services_group-nos-sandwichs\" data-item-number=\"4\"\n>\n\n\t<div class=\"sc_services_item_head\"><span class=\"sc_services_item_number\">04<\/span><\/div>\n\t<div class=\"sc_services_item_info\">\n\t\t\t\t<div class=\"sc_services_item_header\">\n\t\t\t            <div class=\"sc_services_item_title_wrap\">\n                <h4 class=\"sc_services_item_title entry-title\">Vivre \u00e0 Trois<\/h4>\n                <\/div>\t\t<\/div>\n\t\t\t\t\t\t\t<div class=\"sc_services_item_content\"><p>Une g\u00e9n\u00e9reuse combinaison de capicollo, prosciutto, salami, fromage provolone, poivrons r\u00f4tis, aubergines marin\u00e9es, tomate, roquette, sauce maison au pesto et fini avec un gla\u00e7age balsamique.<\/p>\n<\/div><\/div>\n<\/div>\n<\/div><\/div>\t\t\t\t<\/div>\n\t\t\t\t<\/div>\n\t\t\t\t\t<\/div>\n\t\t<\/div>\n\t\t\t\t<div class=\"elementor-column elementor-col-50 elementor-top-column elementor-element elementor-element-ab3886e sc_content_align_inherit sc_layouts_column_icons_position_left sc_fly_static\" data-id=\"ab3886e\" data-element_type=\"column\" data-e-type=\"column\" data-settings=\"{&quot;background_background&quot;:&quot;classic&quot;}\">\n\t\t\t<div class=\"elementor-widget-wrap elementor-element-populated\">\n\t\t\t\t\t\t<div class=\"elementor-element elementor-element-f848747 sc_fly_static elementor-widget elementor-widget-spacer\" data-id=\"f848747\" data-element_type=\"widget\" data-e-type=\"widget\" data-widget_type=\"spacer.default\">\n\t\t\t\t<div class=\"elementor-widget-container\">\n\t\t\t\t\t\t\t<div class=\"elementor-spacer\">\n\t\t\t<div class=\"elementor-spacer-inner\"><\/div>\n\t\t<\/div>\n\t\t\t\t\t\t<\/div>\n\t\t\t\t<\/div>\n\t\t\t\t<div class=\"elementor-element elementor-element-c2a07f2 sc_layouts_hide_on_mobile sc_fly_static elementor-widget elementor-widget-image\" data-id=\"c2a07f2\" data-element_type=\"widget\" data-e-type=\"widget\" data-widget_type=\"image.default\">\n\t\t\t\t<div class=\"elementor-widget-container\">\n\t\t\t\t\t\t\t\t\t\t\t\t\t\t\t<img fetchpriority=\"high\" decoding=\"async\" width=\"438\" height=\"443\" src=\"https:\/\/magasingeneralterrebonne.com\/wp-content\/uploads\/2026\/02\/magasin-general-terrebonne-Menu-sandwich-1.jpg\" class=\"attachment-full size-full wp-image-54117\" alt=\"Menu de sandwich hach\u00e9s avec charcuteries italiennes au Magasin G\u00e9n\u00e9ral Terrebonne.\" srcset=\"https:\/\/magasingeneralterrebonne.com\/wp-content\/uploads\/2026\/02\/magasin-general-terrebonne-Menu-sandwich-1.jpg 438w, https:\/\/magasingeneralterrebonne.com\/wp-content\/uploads\/2026\/02\/magasin-general-terrebonne-Menu-sandwich-1-297x300.jpg 297w, https:\/\/magasingeneralterrebonne.com\/wp-content\/uploads\/2026\/02\/magasin-general-terrebonne-Menu-sandwich-1-370x374.jpg 370w, https:\/\/magasingeneralterrebonne.com\/wp-content\/uploads\/2026\/02\/magasin-general-terrebonne-Menu-sandwich-1-120x120.jpg 120w, https:\/\/magasingeneralterrebonne.com\/wp-content\/uploads\/2026\/02\/magasin-general-terrebonne-Menu-sandwich-1-410x415.jpg 410w, https:\/\/magasingeneralterrebonne.com\/wp-content\/uploads\/2026\/02\/magasin-general-terrebonne-Menu-sandwich-1-395x400.jpg 395w\" sizes=\"(max-width: 600px) 100vw, 438px\" \/>\t\t\t\t\t\t\t\t\t\t\t\t\t\t\t<\/div>\n\t\t\t\t<\/div>\n\t\t\t\t\t<\/div>\n\t\t<\/div>\n\t\t\t\t\t<\/div>\n\t\t<\/section>\n\t\t\t\t<section class=\"elementor-section elementor-top-section elementor-element elementor-element-692840c sc_layouts_hide_on_mobile elementor-section-boxed elementor-section-height-default elementor-section-height-default sc_fly_static\" data-id=\"692840c\" data-element_type=\"section\" data-e-type=\"section\">\n\t\t\t\t\t\t<div class=\"elementor-container elementor-column-gap-extended\">\n\t\t\t\t\t<div class=\"elementor-column elementor-col-100 elementor-top-column elementor-element elementor-element-861b5e9 sc_content_align_inherit sc_layouts_column_icons_position_left sc_fly_static\" data-id=\"861b5e9\" data-element_type=\"column\" data-e-type=\"column\">\n\t\t\t<div class=\"elementor-widget-wrap elementor-element-populated\">\n\t\t\t\t\t\t<div class=\"elementor-element elementor-element-b914068 sc_height_large sc_fly_static elementor-widget elementor-widget-spacer\" data-id=\"b914068\" data-element_type=\"widget\" data-e-type=\"widget\" data-widget_type=\"spacer.default\">\n\t\t\t\t<div class=\"elementor-widget-container\">\n\t\t\t\t\t\t\t<div class=\"elementor-spacer\">\n\t\t\t<div class=\"elementor-spacer-inner\"><\/div>\n\t\t<\/div>\n\t\t\t\t\t\t<\/div>\n\t\t\t\t<\/div>\n\t\t\t\t\t<\/div>\n\t\t<\/div>\n\t\t\t\t\t<\/div>\n\t\t<\/section>\n\t\t\t\t<section class=\"elementor-section elementor-top-section elementor-element elementor-element-1a8b67ae elementor-section-full_width scheme_default elementor-section-height-default elementor-section-height-default sc_fly_static\" data-id=\"1a8b67ae\" data-element_type=\"section\" data-e-type=\"section\" data-settings=\"{&quot;background_background&quot;:&quot;classic&quot;}\">\n\t\t\t\t\t\t<div class=\"elementor-container elementor-column-gap-no\">\n\t\t\t\t\t<div class=\"elementor-column elementor-col-100 elementor-top-column elementor-element elementor-element-26e45af sc_content_align_inherit sc_layouts_column_icons_position_left sc_fly_static\" data-id=\"26e45af\" data-element_type=\"column\" data-e-type=\"column\">\n\t\t\t<div class=\"elementor-widget-wrap elementor-element-populated\">\n\t\t\t\t\t\t<div class=\"elementor-element elementor-element-1d60e40 sc_fly_static elementor-widget elementor-widget-trx_sc_services\" data-id=\"1d60e40\" data-element_type=\"widget\" data-e-type=\"widget\" data-widget_type=\"trx_sc_services.default\">\n\t\t\t\t<div class=\"elementor-widget-container\">\n\t\t\t\t\t<div class=\"sc_services sc_services_cool sc_services_featured_top\"><div class=\"sc_services_columns_wrap sc_item_columns sc_item_posts_container sc_item_columns_4 trx_addons_columns_wrap columns_padding_bottom columns_in_single_row\"><div class=\"trx_addons_column-1_4 trx_addons_column-1_2-tablet trx_addons_column-1_2-mobile\"><div data-post-id=\"54123\" class=\"sc_services_item sc_item_container post_container no_links without_content with_more with_image sc_services_item_featured_none post-54123 cpt_services type-cpt_services status-publish has-post-thumbnail hentry cpt_services_group-nos-sandwichs\">\n\t\t<div class=\"sc_services_item_content \" style=\"background-image: url(https:\/\/magasingeneralterrebonne.com\/wp-content\/uploads\/2024\/08\/magasin-general-terrebonne-Delit-tout-Compris.webp);\">\n\t\t\t\t<div class=\"sc_services_item_content_inner\"><div class=\"sc_services_item_content_inner_bottom\">\n                <h6 class=\"sc_services_item_title\">Le D\u00e9lit Tout Compris<\/h6>\n                <\/div><\/div><\/div><\/div><\/div><div class=\"trx_addons_column-1_4 trx_addons_column-1_2-tablet trx_addons_column-1_2-mobile\"><div data-post-id=\"54125\" class=\"sc_services_item sc_item_container post_container no_links without_content with_more with_image sc_services_item_featured_none post-54125 cpt_services type-cpt_services status-publish has-post-thumbnail hentry cpt_services_group-nos-sandwichs\">\n\t\t<div class=\"sc_services_item_content \" style=\"background-image: url(https:\/\/magasingeneralterrebonne.com\/wp-content\/uploads\/2024\/08\/magasin-general-terrebonne-Sandwich-Vivre-Trois.webp);\">\n\t\t\t\t<div class=\"sc_services_item_content_inner\"><div class=\"sc_services_item_content_inner_bottom\">\n                <h6 class=\"sc_services_item_title\">Vivre \u00e0 Trois<\/h6>\n                <\/div><\/div><\/div><\/div><\/div><div class=\"trx_addons_column-1_4 trx_addons_column-1_2-tablet trx_addons_column-1_2-mobile\"><div data-post-id=\"54120\" class=\"sc_services_item sc_item_container post_container no_links without_content with_more with_image sc_services_item_featured_none post-54120 cpt_services type-cpt_services status-publish has-post-thumbnail hentry cpt_services_group-nos-sandwichs\">\n\t\t<div class=\"sc_services_item_content \" style=\"background-image: url(https:\/\/magasingeneralterrebonne.com\/wp-content\/uploads\/2024\/08\/magasin-general-terrebonne-Sandwich-Beau-Bon-Jambon.webp);\">\n\t\t\t\t<div class=\"sc_services_item_content_inner\"><div class=\"sc_services_item_content_inner_bottom\">\n                <h6 class=\"sc_services_item_title\">Beau, Bon, Jambon<\/h6>\n                <\/div><\/div><\/div><\/div><\/div><div class=\"trx_addons_column-1_4 trx_addons_column-1_2-tablet trx_addons_column-1_2-mobile\"><div data-post-id=\"54121\" class=\"sc_services_item sc_item_container post_container no_links without_content with_more with_image sc_services_item_featured_none post-54121 cpt_services type-cpt_services status-publish has-post-thumbnail hentry cpt_services_group-nos-sandwichs\">\n\t\t<div class=\"sc_services_item_content \" style=\"background-image: url(https:\/\/magasingeneralterrebonne.com\/wp-content\/uploads\/2024\/08\/magasin-general-terrebonne-Sandwich-Tomate-Aromate.webp);\">\n\t\t\t\t<div class=\"sc_services_item_content_inner\"><div class=\"sc_services_item_content_inner_bottom\">\n                <h6 class=\"sc_services_item_title\">La Tomate Aromate<\/h6>\n                <\/div><\/div><\/div><\/div><\/div><\/div><\/div>\t\t\t\t<\/div>\n\t\t\t\t<\/div>\n\t\t\t\t<div class=\"elementor-element elementor-element-77bb2d0 sc_height_tiny sc_fly_static elementor-widget elementor-widget-spacer\" data-id=\"77bb2d0\" data-element_type=\"widget\" data-e-type=\"widget\" data-widget_type=\"spacer.default\">\n\t\t\t\t<div class=\"elementor-widget-container\">\n\t\t\t\t\t\t\t<div class=\"elementor-spacer\">\n\t\t\t<div class=\"elementor-spacer-inner\"><\/div>\n\t\t<\/div>\n\t\t\t\t\t\t<\/div>\n\t\t\t\t<\/div>\n\t\t\t\t\t<\/div>\n\t\t<\/div>\n\t\t\t\t\t<\/div>\n\t\t<\/section>\n\t\t\t\t<section class=\"elementor-section elementor-top-section elementor-element elementor-element-8e038c1 elementor-section-content-middle scheme_dark elementor-section-boxed elementor-section-height-default elementor-section-height-default sc_fly_static\" data-id=\"8e038c1\" data-element_type=\"section\" data-e-type=\"section\" data-settings=\"{&quot;background_background&quot;:&quot;classic&quot;}\">\n\t\t\t\t\t\t<div class=\"elementor-container elementor-column-gap-extended\">\n\t\t\t\t\t<div class=\"elementor-column elementor-col-50 elementor-top-column elementor-element elementor-element-853c1a5 sc_content_align_inherit sc_layouts_column_icons_position_left sc_fly_static\" data-id=\"853c1a5\" data-element_type=\"column\" data-e-type=\"column\">\n\t\t\t<div class=\"elementor-widget-wrap elementor-element-populated\">\n\t\t\t\t\t\t<div class=\"elementor-element elementor-element-fb6305e sc_fly_static elementor-widget elementor-widget-trx_sc_title\" data-id=\"fb6305e\" data-element_type=\"widget\" data-e-type=\"widget\" data-widget_type=\"trx_sc_title.default\">\n\t\t\t\t<div class=\"elementor-widget-container\">\n\t\t\t\t\t<div\t\tclass=\"sc_title sc_title_default\" ><h3 class=\"sc_item_title sc_title_title sc_align_center sc_item_title_style_default sc_item_title_tag\"\n\t\t\t><span class=\"sc_item_title_text\">D\u00e9couvrez nos sandwichs hach\u00e9s uniques<\/span><\/h3><\/div>\t\t\t\t<\/div>\n\t\t\t\t<\/div>\n\t\t\t\t\t<\/div>\n\t\t<\/div>\n\t\t\t\t<div class=\"elementor-column elementor-col-50 elementor-top-column elementor-element elementor-element-27e96eb sc_layouts_column_align_right sc_layouts_column sc-mobile_layouts_column_align_left sc_layouts_column sc_content_align_inherit sc_layouts_column_icons_position_left sc_fly_static\" data-id=\"27e96eb\" data-element_type=\"column\" data-e-type=\"column\">\n\t\t\t<div class=\"elementor-widget-wrap elementor-element-populated\">\n\t\t\t\t\t\t<div class=\"elementor-element elementor-element-5faf770 sc_fly_static elementor-widget elementor-widget-trx_sc_button\" data-id=\"5faf770\" data-element_type=\"widget\" data-e-type=\"widget\" data-widget_type=\"trx_sc_button.default\">\n\t\t\t\t<div class=\"elementor-widget-container\">\n\t\t\t\t\t<div\tclass=\"sc_item_button sc_button_wrap\" ><a href=\"https:\/\/www.ubereats.com\/ca\/store\/la-quincaillerie-des-saveurs-191-rue-saint-andre\/Egs2azPyX6aw42-PIOiw_w?diningMode=PICKUP&#038;pl=JTdCJTIyYWRkcmVzcyUyMiUzQSUyMjExOSUyMFJ1ZSUyMFN0JTIwQW5kciVDMyVBOSUyMiUyQyUyMnJlZmVyZW5jZSUyMiUzQSUyMkVqRXhNVGtnVW5WbElGTjBJRUZ1WkhMRHFTd2dWR1Z5Y21WaWIyNXVaU3dnVVVNZ1NqWlhJRE5ETWl3Z1EyRnVZV1JoSWpBU0xnb1VDaElKclp3RVkwYmV5RXdSWGFoR2pJSkplMG9RZHlvVUNoSUpMd3NwblViZXlFd1JrV2VqdWx4LVU5RSUyMiUyQyUyMnJlZmVyZW5jZVR5cGUlMjIlM0ElMjJnb29nbGVfcGxhY2VzJTIyJTJDJTIybGF0aXR1ZGUlMjIlM0E0NS42OTIwMzk0JTJDJTIybG9uZ2l0dWRlJTIyJTNBLTczLjYzMzc1OTMlN0Q%3D\" class=\"sc_button sc_button_slant sc_button_size_normal sc_button_icon_left color_style_dark\" target=\"_blank\" rel=\"noopener\"><span class=\"sc_button_text\"><span class=\"sc_button_title\">Commandez ici<\/span><\/span><\/a><\/div>\t\t\t\t<\/div>\n\t\t\t\t<\/div>\n\t\t\t\t\t<\/div>\n\t\t<\/div>\n\t\t\t\t\t<\/div>\n\t\t<\/section>\n\t\t\t\t<section class=\"elementor-section elementor-top-section elementor-element elementor-element-07c9cea elementor-section-boxed elementor-section-height-default elementor-section-height-default sc_fly_static\" data-id=\"07c9cea\" data-element_type=\"section\" data-e-type=\"section\" data-settings=\"{&quot;background_background&quot;:&quot;classic&quot;}\">\n\t\t\t\t\t\t<div class=\"elementor-container elementor-column-gap-extended\">\n\t\t\t\t\t<div class=\"elementor-column elementor-col-100 elementor-top-column elementor-element elementor-element-ae1b10b sc_content_align_inherit sc_layouts_column_icons_position_left sc_fly_static\" data-id=\"ae1b10b\" data-element_type=\"column\" data-e-type=\"column\">\n\t\t\t<div class=\"elementor-widget-wrap elementor-element-populated\">\n\t\t\t\t\t\t<div class=\"elementor-element elementor-element-eaa6939 sc_height_tiny sc_fly_static elementor-widget elementor-widget-spacer\" data-id=\"eaa6939\" data-element_type=\"widget\" data-e-type=\"widget\" data-widget_type=\"spacer.default\">\n\t\t\t\t<div class=\"elementor-widget-container\">\n\t\t\t\t\t\t\t<div class=\"elementor-spacer\">\n\t\t\t<div class=\"elementor-spacer-inner\"><\/div>\n\t\t<\/div>\n\t\t\t\t\t\t<\/div>\n\t\t\t\t<\/div>\n\t\t\t\t\t<\/div>\n\t\t<\/div>\n\t\t\t\t\t<\/div>\n\t\t<\/section>\n\t\t\t\t<\/div>\n\t\t","protected":false},"excerpt":{"rendered":"<p>Sandwichs hach\u00e9s 01 Le D\u00e9lit Tout Compris A savory mix of prosciutto cotto, salami, soppressata, provolone cheese, iceberg lettuce, red onion, tomato, marinated vegetables, homemade italian herb sauce 02&hellip;<\/p>\n","protected":false},"author":1,"featured_media":54124,"parent":0,"menu_order":0,"comment_status":"closed","ping_status":"closed","template":"","meta":{"footnotes":""},"class_list":["post-54116","page","type-page","status-publish","has-post-thumbnail","hentry"],"_links":{"self":[{"href":"https:\/\/magasingeneralterrebonne.com\/fr\/wp-json\/wp\/v2\/pages\/54116","targetHints":{"allow":["GET"]}}],"collection":[{"href":"https:\/\/magasingeneralterrebonne.com\/fr\/wp-json\/wp\/v2\/pages"}],"about":[{"href":"https:\/\/magasingeneralterrebonne.com\/fr\/wp-json\/wp\/v2\/types\/page"}],"author":[{"embeddable":true,"href":"https:\/\/magasingeneralterrebonne.com\/fr\/wp-json\/wp\/v2\/users\/1"}],"replies":[{"embeddable":true,"href":"https:\/\/magasingeneralterrebonne.com\/fr\/wp-json\/wp\/v2\/comments?post=54116"}],"version-history":[{"count":25,"href":"https:\/\/magasingeneralterrebonne.com\/fr\/wp-json\/wp\/v2\/pages\/54116\/revisions"}],"predecessor-version":[{"id":54743,"href":"https:\/\/magasingeneralterrebonne.com\/fr\/wp-json\/wp\/v2\/pages\/54116\/revisions\/54743"}],"wp:featuredmedia":[{"embeddable":true,"href":"https:\/\/magasingeneralterrebonne.com\/fr\/wp-json\/wp\/v2\/media\/54124"}],"wp:attachment":[{"href":"https:\/\/magasingeneralterrebonne.com\/fr\/wp-json\/wp\/v2\/media?parent=54116"}],"curies":[{"name":"wp","href":"https:\/\/api.w.org\/{rel}","templated":true}]}}