{"id":54173,"date":"2025-12-18T14:49:35","date_gmt":"2025-12-18T14:49:35","guid":{"rendered":"https:\/\/magasingeneralterrebonne.com\/menu-gelato\/"},"modified":"2026-03-09T17:42:12","modified_gmt":"2026-03-09T17:42:12","slug":"menu-gelato","status":"publish","type":"page","link":"https:\/\/magasingeneralterrebonne.com\/fr\/menu-gelato\/","title":{"rendered":"Gelato"},"content":{"rendered":"\t\t<div data-elementor-type=\"wp-page\" data-elementor-id=\"54173\" class=\"elementor elementor-54173 elementor-51340\">\n\t\t\t\t\t\t<section class=\"elementor-section elementor-top-section elementor-element elementor-element-d29b6ac elementor-section-boxed elementor-section-height-default elementor-section-height-default sc_fly_static\" data-id=\"d29b6ac\" data-element_type=\"section\" data-e-type=\"section\">\n\t\t\t\t\t\t<div class=\"elementor-container elementor-column-gap-extended\">\n\t\t\t\t\t<div class=\"elementor-column elementor-col-100 elementor-top-column elementor-element elementor-element-4871bac sc_content_align_inherit sc_layouts_column_icons_position_left sc_fly_static\" data-id=\"4871bac\" data-element_type=\"column\" data-e-type=\"column\">\n\t\t\t<div class=\"elementor-widget-wrap elementor-element-populated\">\n\t\t\t\t\t\t<div class=\"elementor-element elementor-element-cfeaae0 sc_height_large sc_fly_static elementor-widget elementor-widget-spacer\" data-id=\"cfeaae0\" data-element_type=\"widget\" data-e-type=\"widget\" data-widget_type=\"spacer.default\">\n\t\t\t\t<div class=\"elementor-widget-container\">\n\t\t\t\t\t\t\t<div class=\"elementor-spacer\">\n\t\t\t<div class=\"elementor-spacer-inner\"><\/div>\n\t\t<\/div>\n\t\t\t\t\t\t<\/div>\n\t\t\t\t<\/div>\n\t\t\t\t\t<\/div>\n\t\t<\/div>\n\t\t\t\t\t<\/div>\n\t\t<\/section>\n\t\t\t\t<section class=\"elementor-section elementor-top-section elementor-element elementor-element-56dbbd24 elementor-section-boxed elementor-section-height-default elementor-section-height-default sc_fly_static\" data-id=\"56dbbd24\" data-element_type=\"section\" data-e-type=\"section\">\n\t\t\t\t\t\t<div class=\"elementor-container elementor-column-gap-no\">\n\t\t\t\t\t<div class=\"elementor-column elementor-col-50 elementor-top-column elementor-element elementor-element-63766ff0 sc_content_align_inherit sc_layouts_column_icons_position_left sc_fly_static\" data-id=\"63766ff0\" data-element_type=\"column\" data-e-type=\"column\">\n\t\t\t<div class=\"elementor-widget-wrap elementor-element-populated\">\n\t\t\t\t\t\t<div class=\"elementor-element elementor-element-028033a sc_fly_static elementor-widget elementor-widget-trx_sc_title\" data-id=\"028033a\" data-element_type=\"widget\" data-e-type=\"widget\" data-widget_type=\"trx_sc_title.default\">\n\t\t\t\t<div class=\"elementor-widget-container\">\n\t\t\t\t\t<div\t\tclass=\"sc_title sc_title_default\" ><span class=\"sc_item_subtitle sc_title_subtitle sc_item_subtitle_above sc_item_title_style_default\">La collection chocolat et noix<\/span><h3 class=\"sc_item_title sc_title_title sc_item_title_style_default sc_item_title_tag\"\n\t\t\t><span class=\"sc_item_title_text\">Gelatos<\/span><\/h3><\/div>\t\t\t\t<\/div>\n\t\t\t\t<\/div>\n\t\t\t\t<div class=\"elementor-element elementor-element-569da7d elementor-widget-divider--view-line sc_fly_static elementor-widget elementor-widget-divider\" data-id=\"569da7d\" data-element_type=\"widget\" data-e-type=\"widget\" data-widget_type=\"divider.default\">\n\t\t\t\t<div class=\"elementor-widget-container\">\n\t\t\t\t\t\t\t<div class=\"elementor-divider\">\n\t\t\t<span class=\"elementor-divider-separator\">\n\t\t\t\t\t\t<\/span>\n\t\t<\/div>\n\t\t\t\t\t\t<\/div>\n\t\t\t\t<\/div>\n\t\t\t\t<div class=\"elementor-element elementor-element-3d6e9292 sc_fly_static elementor-widget elementor-widget-spacer\" data-id=\"3d6e9292\" data-element_type=\"widget\" data-e-type=\"widget\" data-widget_type=\"spacer.default\">\n\t\t\t\t<div class=\"elementor-widget-container\">\n\t\t\t\t\t\t\t<div class=\"elementor-spacer\">\n\t\t\t<div class=\"elementor-spacer-inner\"><\/div>\n\t\t<\/div>\n\t\t\t\t\t\t<\/div>\n\t\t\t\t<\/div>\n\t\t\t\t<div class=\"elementor-element elementor-element-aa841d6 sc_fly_static elementor-widget elementor-widget-trx_sc_services\" data-id=\"aa841d6\" data-element_type=\"widget\" data-e-type=\"widget\" data-widget_type=\"trx_sc_services.default\">\n\t\t\t\t<div class=\"elementor-widget-container\">\n\t\t\t\t\t<div class=\"sc_services sc_services_qw-price sc_services_featured_left\"><div class=\"sc_services_content sc_item_content sc_item_posts_container sc_item_columns_1\"><div data-post-id=\"54195\" class=\"sc_services_item sc_item_container post_container no_links with_content with_number with_head post-54195 cpt_services type-cpt_services status-publish has-post-thumbnail hentry cpt_services_group-gelato\" data-item-number=\"1\"\n>\n\n\t<div class=\"sc_services_item_head\"><span class=\"sc_services_item_number\">01<\/span><\/div>\n\t<div class=\"sc_services_item_info\">\n\t\t\t\t<div class=\"sc_services_item_header\">\n\t\t\t            <div class=\"sc_services_item_title_wrap\">\n                <h4 class=\"sc_services_item_title entry-title\">Fudge au chocolat<\/h4>\n                <\/div>\t\t<\/div>\n\t\t\t\t\t\t\t<div class=\"sc_services_item_content\"><p>Un gelato au chocolat cr\u00e9meux et ses morceaux de fudge gourmands. Une g\u00e2terie pur plaisir \u00e0 chaque bouch\u00e9e. <\/p>\n<\/div><\/div>\n<\/div>\n<div data-post-id=\"54193\" class=\"sc_services_item sc_item_container post_container no_links with_content with_number with_head post-54193 cpt_services type-cpt_services status-publish has-post-thumbnail hentry cpt_services_group-gelato\" data-item-number=\"2\"\n>\n\n\t<div class=\"sc_services_item_head\"><span class=\"sc_services_item_number\">02<\/span><\/div>\n\t<div class=\"sc_services_item_info\">\n\t\t\t\t<div class=\"sc_services_item_header\">\n\t\t\t            <div class=\"sc_services_item_title_wrap\">\n                <h4 class=\"sc_services_item_title entry-title\">Nutella<\/h4>\n                <\/div>\t\t<\/div>\n\t\t\t\t\t\t\t<div class=\"sc_services_item_content\"><p>Laissez-vous tenter par notre gelato cr\u00e9meux et d\u00e9licieux au Nutella, qui ravivera vos plus beaux souvenirs d&rsquo;enfance.<\/p>\n<\/div><\/div>\n<\/div>\n<div data-post-id=\"54191\" class=\"sc_services_item sc_item_container post_container no_links with_content with_number with_head post-54191 cpt_services type-cpt_services status-publish has-post-thumbnail hentry cpt_services_group-gelato\" data-item-number=\"3\"\n>\n\n\t<div class=\"sc_services_item_head\"><span class=\"sc_services_item_number\">03<\/span><\/div>\n\t<div class=\"sc_services_item_info\">\n\t\t\t\t<div class=\"sc_services_item_header\">\n\t\t\t            <div class=\"sc_services_item_title_wrap\">\n                <h4 class=\"sc_services_item_title entry-title\">Pistache<\/h4>\n                <\/div>\t\t<\/div>\n\t\t\t\t\t\t\t<div class=\"sc_services_item_content\"><p>Un petit bijou cr\u00e9meux ! Notre gelato \u00e0 la pistache est une joie, riche et onctueuse, offrant le go\u00fbt authentique des meilleures noix. <\/p>\n<\/div><\/div>\n<\/div>\n<div data-post-id=\"54183\" class=\"sc_services_item sc_item_container post_container no_links with_content with_number with_head post-54183 cpt_services type-cpt_services status-publish has-post-thumbnail hentry cpt_services_group-gelato\" data-item-number=\"4\"\n>\n\n\t<div class=\"sc_services_item_head\"><span class=\"sc_services_item_number\">04<\/span><\/div>\n\t<div class=\"sc_services_item_info\">\n\t\t\t\t<div class=\"sc_services_item_header\">\n\t\t\t            <div class=\"sc_services_item_title_wrap\">\n                <h4 class=\"sc_services_item_title entry-title\">Espresso<\/h4>\n                <\/div>\t\t<\/div>\n\t\t\t\t\t\t\t<div class=\"sc_services_item_content\"><p>Notre gelato riche et frais rencontre un espresso cors\u00e9 et puissant. l&rsquo;\u00e9quilibre parfait entre le plaisir d&rsquo;un caf\u00e9 de sp\u00e9cialit\u00e9 et la fra\u00eecheur d&rsquo;une douceur glac\u00e9e. <\/p>\n<\/div><\/div>\n<\/div>\n<\/div><\/div>\t\t\t\t<\/div>\n\t\t\t\t<\/div>\n\t\t\t\t\t<\/div>\n\t\t<\/div>\n\t\t\t\t<div class=\"elementor-column elementor-col-50 elementor-top-column elementor-element elementor-element-528442c sc_content_align_inherit sc_layouts_column_icons_position_left sc_fly_static\" data-id=\"528442c\" data-element_type=\"column\" data-e-type=\"column\" data-settings=\"{&quot;background_background&quot;:&quot;classic&quot;}\">\n\t\t\t<div class=\"elementor-widget-wrap elementor-element-populated\">\n\t\t\t\t\t\t<div class=\"elementor-element elementor-element-2385a43 sc_layouts_hide_on_mobile sc_fly_static elementor-widget elementor-widget-image\" data-id=\"2385a43\" data-element_type=\"widget\" data-e-type=\"widget\" data-widget_type=\"image.default\">\n\t\t\t\t<div class=\"elementor-widget-container\">\n\t\t\t\t\t\t\t\t\t\t\t\t\t\t\t<img fetchpriority=\"high\" decoding=\"async\" width=\"500\" height=\"336\" src=\"https:\/\/magasingeneralterrebonne.com\/wp-content\/uploads\/2026\/02\/Magasin-General-gelato-fridge-1.jpg\" class=\"attachment-full size-full wp-image-54174\" alt=\"\" srcset=\"https:\/\/magasingeneralterrebonne.com\/wp-content\/uploads\/2026\/02\/Magasin-General-gelato-fridge-1.jpg 500w, https:\/\/magasingeneralterrebonne.com\/wp-content\/uploads\/2026\/02\/Magasin-General-gelato-fridge-1-300x202.jpg 300w, https:\/\/magasingeneralterrebonne.com\/wp-content\/uploads\/2026\/02\/Magasin-General-gelato-fridge-1-370x249.jpg 370w, https:\/\/magasingeneralterrebonne.com\/wp-content\/uploads\/2026\/02\/Magasin-General-gelato-fridge-1-410x276.jpg 410w, https:\/\/magasingeneralterrebonne.com\/wp-content\/uploads\/2026\/02\/Magasin-General-gelato-fridge-1-400x269.jpg 400w\" sizes=\"(max-width: 600px) 100vw, 500px\" \/>\t\t\t\t\t\t\t\t\t\t\t\t\t\t\t<\/div>\n\t\t\t\t<\/div>\n\t\t\t\t\t<\/div>\n\t\t<\/div>\n\t\t\t\t\t<\/div>\n\t\t<\/section>\n\t\t\t\t<section class=\"elementor-section elementor-top-section elementor-element elementor-element-692840c elementor-section-boxed elementor-section-height-default elementor-section-height-default sc_fly_static\" data-id=\"692840c\" data-element_type=\"section\" data-e-type=\"section\">\n\t\t\t\t\t\t<div class=\"elementor-container elementor-column-gap-extended\">\n\t\t\t\t\t<div class=\"elementor-column elementor-col-100 elementor-top-column elementor-element elementor-element-861b5e9 sc_content_align_inherit sc_layouts_column_icons_position_left sc_fly_static\" data-id=\"861b5e9\" data-element_type=\"column\" data-e-type=\"column\">\n\t\t\t<div class=\"elementor-widget-wrap elementor-element-populated\">\n\t\t\t\t\t\t<div class=\"elementor-element elementor-element-b914068 sc_height_large sc_fly_static elementor-widget elementor-widget-spacer\" data-id=\"b914068\" data-element_type=\"widget\" data-e-type=\"widget\" data-widget_type=\"spacer.default\">\n\t\t\t\t<div class=\"elementor-widget-container\">\n\t\t\t\t\t\t\t<div class=\"elementor-spacer\">\n\t\t\t<div class=\"elementor-spacer-inner\"><\/div>\n\t\t<\/div>\n\t\t\t\t\t\t<\/div>\n\t\t\t\t<\/div>\n\t\t\t\t\t<\/div>\n\t\t<\/div>\n\t\t\t\t\t<\/div>\n\t\t<\/section>\n\t\t\t\t<section class=\"elementor-section elementor-top-section elementor-element elementor-element-a187351 elementor-section-full_width scheme_default elementor-section-height-default elementor-section-height-default sc_fly_static\" data-id=\"a187351\" data-element_type=\"section\" data-e-type=\"section\" data-settings=\"{&quot;background_background&quot;:&quot;classic&quot;}\">\n\t\t\t\t\t\t<div class=\"elementor-container elementor-column-gap-no\">\n\t\t\t\t\t<div class=\"elementor-column elementor-col-100 elementor-top-column elementor-element elementor-element-50d98d9 sc_content_align_inherit sc_layouts_column_icons_position_left sc_fly_static\" data-id=\"50d98d9\" data-element_type=\"column\" data-e-type=\"column\">\n\t\t\t<div class=\"elementor-widget-wrap elementor-element-populated\">\n\t\t\t\t\t\t<div class=\"elementor-element elementor-element-3d7a419 sc_fly_static elementor-widget elementor-widget-trx_sc_services\" data-id=\"3d7a419\" data-element_type=\"widget\" data-e-type=\"widget\" data-widget_type=\"trx_sc_services.default\">\n\t\t\t\t<div class=\"elementor-widget-container\">\n\t\t\t\t\t<div class=\"sc_services sc_services_cool sc_services_featured_top\"><div class=\"sc_services_columns_wrap sc_item_columns sc_item_posts_container sc_item_columns_4 trx_addons_columns_wrap columns_padding_bottom columns_in_single_row\"><div class=\"trx_addons_column-1_4 trx_addons_column-1_2-tablet trx_addons_column-1_2-mobile\"><div data-post-id=\"54195\" class=\"sc_services_item sc_item_container post_container no_links without_content with_more with_image sc_services_item_featured_none post-54195 cpt_services type-cpt_services status-publish has-post-thumbnail hentry cpt_services_group-gelato\">\n\t\t<div class=\"sc_services_item_content \" style=\"background-image: url(https:\/\/magasingeneralterrebonne.com\/wp-content\/uploads\/2024\/07\/Magasin-general-vieux-terrebonne-gelato-fudge.webp);\">\n\t\t\t\t<div class=\"sc_services_item_content_inner\"><div class=\"sc_services_item_content_inner_bottom\">\n                <h6 class=\"sc_services_item_title\">Fudge au chocolat<\/h6>\n                <\/div><\/div><\/div><\/div><\/div><div class=\"trx_addons_column-1_4 trx_addons_column-1_2-tablet trx_addons_column-1_2-mobile\"><div data-post-id=\"54193\" class=\"sc_services_item sc_item_container post_container no_links without_content with_more with_image sc_services_item_featured_none post-54193 cpt_services type-cpt_services status-publish has-post-thumbnail hentry cpt_services_group-gelato\">\n\t\t<div class=\"sc_services_item_content \" style=\"background-image: url(https:\/\/magasingeneralterrebonne.com\/wp-content\/uploads\/2024\/07\/Magasin-general-vieux-terrebonne-gelato-nutella.webp);\">\n\t\t\t\t<div class=\"sc_services_item_content_inner\"><div class=\"sc_services_item_content_inner_bottom\">\n                <h6 class=\"sc_services_item_title\">Nutella<\/h6>\n                <\/div><\/div><\/div><\/div><\/div><div class=\"trx_addons_column-1_4 trx_addons_column-1_2-tablet trx_addons_column-1_2-mobile\"><div data-post-id=\"54191\" class=\"sc_services_item sc_item_container post_container no_links without_content with_more with_image sc_services_item_featured_none post-54191 cpt_services type-cpt_services status-publish has-post-thumbnail hentry cpt_services_group-gelato\">\n\t\t<div class=\"sc_services_item_content \" style=\"background-image: url(https:\/\/magasingeneralterrebonne.com\/wp-content\/uploads\/2024\/07\/Magasin-general-vieux-terrebonne-gelato-pistache.jpg);\">\n\t\t\t\t<div class=\"sc_services_item_content_inner\"><div class=\"sc_services_item_content_inner_bottom\">\n                <h6 class=\"sc_services_item_title\">Pistache<\/h6>\n                <\/div><\/div><\/div><\/div><\/div><div class=\"trx_addons_column-1_4 trx_addons_column-1_2-tablet trx_addons_column-1_2-mobile\"><div data-post-id=\"54183\" class=\"sc_services_item sc_item_container post_container no_links without_content with_more with_image sc_services_item_featured_none post-54183 cpt_services type-cpt_services status-publish has-post-thumbnail hentry cpt_services_group-gelato\">\n\t\t<div class=\"sc_services_item_content \" style=\"background-image: url(https:\/\/magasingeneralterrebonne.com\/wp-content\/uploads\/2024\/07\/Magasin-general-vieux-terrebonne-gelato-Espresso.jpg);\">\n\t\t\t\t<div class=\"sc_services_item_content_inner\"><div class=\"sc_services_item_content_inner_bottom\">\n                <h6 class=\"sc_services_item_title\">Espresso<\/h6>\n                <\/div><\/div><\/div><\/div><\/div><\/div><\/div>\t\t\t\t<\/div>\n\t\t\t\t<\/div>\n\t\t\t\t\t<\/div>\n\t\t<\/div>\n\t\t\t\t\t<\/div>\n\t\t<\/section>\n\t\t\t\t<section class=\"elementor-section elementor-top-section elementor-element elementor-element-8954a82 elementor-section-boxed elementor-section-height-default elementor-section-height-default sc_fly_static\" data-id=\"8954a82\" data-element_type=\"section\" data-e-type=\"section\" data-settings=\"{&quot;background_background&quot;:&quot;classic&quot;}\">\n\t\t\t\t\t\t<div class=\"elementor-container elementor-column-gap-extended\">\n\t\t\t\t\t<div class=\"elementor-column elementor-col-100 elementor-top-column elementor-element elementor-element-049a8a5 sc_content_align_inherit sc_layouts_column_icons_position_left sc_fly_static\" data-id=\"049a8a5\" data-element_type=\"column\" data-e-type=\"column\">\n\t\t\t<div class=\"elementor-widget-wrap elementor-element-populated\">\n\t\t\t\t\t\t<div class=\"elementor-element elementor-element-73becc3 sc_height_medium sc_fly_static elementor-widget elementor-widget-spacer\" data-id=\"73becc3\" data-element_type=\"widget\" data-e-type=\"widget\" data-widget_type=\"spacer.default\">\n\t\t\t\t<div class=\"elementor-widget-container\">\n\t\t\t\t\t\t\t<div class=\"elementor-spacer\">\n\t\t\t<div class=\"elementor-spacer-inner\"><\/div>\n\t\t<\/div>\n\t\t\t\t\t\t<\/div>\n\t\t\t\t<\/div>\n\t\t\t\t\t<\/div>\n\t\t<\/div>\n\t\t\t\t\t<\/div>\n\t\t<\/section>\n\t\t\t\t<section class=\"elementor-section elementor-top-section elementor-element elementor-element-85ff40f scheme_default elementor-section-boxed elementor-section-height-default elementor-section-height-default sc_fly_static\" data-id=\"85ff40f\" data-element_type=\"section\" data-e-type=\"section\" data-settings=\"{&quot;background_background&quot;:&quot;classic&quot;}\">\n\t\t\t\t\t\t<div class=\"elementor-container elementor-column-gap-no\">\n\t\t\t\t\t<div data-animation-type=\"block\" class=\"elementor-column elementor-col-50 elementor-top-column elementor-element elementor-element-3934cf6 sc_layouts_hide_on_mobile sc_content_align_inherit sc_layouts_column_icons_position_left sc_fly_static\" data-id=\"3934cf6\" data-element_type=\"column\" data-e-type=\"column\" data-settings=\"{&quot;background_background&quot;:&quot;classic&quot;,&quot;animation&quot;:&quot;none&quot;}\">\n\t\t\t<div class=\"elementor-widget-wrap elementor-element-populated\">\n\t\t\t\t\t\t<div class=\"elementor-element elementor-element-28960b2 sc_fly_static elementor-widget elementor-widget-spacer\" data-id=\"28960b2\" data-element_type=\"widget\" data-e-type=\"widget\" data-widget_type=\"spacer.default\">\n\t\t\t\t<div class=\"elementor-widget-container\">\n\t\t\t\t\t\t\t<div class=\"elementor-spacer\">\n\t\t\t<div class=\"elementor-spacer-inner\"><\/div>\n\t\t<\/div>\n\t\t\t\t\t\t<\/div>\n\t\t\t\t<\/div>\n\t\t\t\t\t<\/div>\n\t\t<\/div>\n\t\t\t\t<div class=\"elementor-column elementor-col-50 elementor-top-column elementor-element elementor-element-cfee03b sc_content_align_inherit sc_layouts_column_icons_position_left sc_fly_static\" data-id=\"cfee03b\" data-element_type=\"column\" data-e-type=\"column\">\n\t\t\t<div class=\"elementor-widget-wrap elementor-element-populated\">\n\t\t\t\t\t\t<div class=\"elementor-element elementor-element-d25ce86 sc_height_small sc_fly_static elementor-widget elementor-widget-spacer\" data-id=\"d25ce86\" data-element_type=\"widget\" data-e-type=\"widget\" data-widget_type=\"spacer.default\">\n\t\t\t\t<div class=\"elementor-widget-container\">\n\t\t\t\t\t\t\t<div class=\"elementor-spacer\">\n\t\t\t<div class=\"elementor-spacer-inner\"><\/div>\n\t\t<\/div>\n\t\t\t\t\t\t<\/div>\n\t\t\t\t<\/div>\n\t\t\t\t<div class=\"elementor-element elementor-element-4bd5aaa sc_fly_static elementor-widget elementor-widget-trx_sc_title\" data-id=\"4bd5aaa\" data-element_type=\"widget\" data-e-type=\"widget\" data-widget_type=\"trx_sc_title.default\">\n\t\t\t\t<div class=\"elementor-widget-container\">\n\t\t\t\t\t<div\t\tclass=\"sc_title sc_title_default\" ><h3 class=\"sc_item_title sc_title_title sc_item_title_style_default sc_item_title_tag\"\n\t\t\t><span class=\"sc_item_title_text\">La s\u00e9lection du coin gourmand<\/span><\/h3><\/div>\t\t\t\t<\/div>\n\t\t\t\t<\/div>\n\t\t\t\t<div class=\"elementor-element elementor-element-56af239 sc_fly_static elementor-widget elementor-widget-spacer\" data-id=\"56af239\" data-element_type=\"widget\" data-e-type=\"widget\" data-widget_type=\"spacer.default\">\n\t\t\t\t<div class=\"elementor-widget-container\">\n\t\t\t\t\t\t\t<div class=\"elementor-spacer\">\n\t\t\t<div class=\"elementor-spacer-inner\"><\/div>\n\t\t<\/div>\n\t\t\t\t\t\t<\/div>\n\t\t\t\t<\/div>\n\t\t\t\t<div class=\"elementor-element elementor-element-a852276 elementor-widget-divider--view-line sc_fly_static elementor-widget elementor-widget-divider\" data-id=\"a852276\" data-element_type=\"widget\" data-e-type=\"widget\" data-widget_type=\"divider.default\">\n\t\t\t\t<div class=\"elementor-widget-container\">\n\t\t\t\t\t\t\t<div class=\"elementor-divider\">\n\t\t\t<span class=\"elementor-divider-separator\">\n\t\t\t\t\t\t<\/span>\n\t\t<\/div>\n\t\t\t\t\t\t<\/div>\n\t\t\t\t<\/div>\n\t\t\t\t<div class=\"elementor-element elementor-element-f1cb1a1 sc_fly_static elementor-widget elementor-widget-spacer\" data-id=\"f1cb1a1\" data-element_type=\"widget\" data-e-type=\"widget\" data-widget_type=\"spacer.default\">\n\t\t\t\t<div class=\"elementor-widget-container\">\n\t\t\t\t\t\t\t<div class=\"elementor-spacer\">\n\t\t\t<div class=\"elementor-spacer-inner\"><\/div>\n\t\t<\/div>\n\t\t\t\t\t\t<\/div>\n\t\t\t\t<\/div>\n\t\t\t\t<div class=\"elementor-element elementor-element-059d52b sc_fly_static elementor-widget elementor-widget-trx_sc_services\" data-id=\"059d52b\" data-element_type=\"widget\" data-e-type=\"widget\" data-widget_type=\"trx_sc_services.default\">\n\t\t\t\t<div class=\"elementor-widget-container\">\n\t\t\t\t\t<div class=\"sc_services sc_services_qw-price sc_services_featured_left\"><div class=\"sc_services_content sc_item_content sc_item_posts_container sc_item_columns_1\"><div data-post-id=\"54199\" class=\"sc_services_item sc_item_container post_container no_links with_content with_number with_head post-54199 cpt_services type-cpt_services status-publish hentry cpt_services_group-gelato-fruit\" data-item-number=\"1\"\n>\n\n\t<div class=\"sc_services_item_head\"><span class=\"sc_services_item_number\">01<\/span><\/div>\n\t<div class=\"sc_services_item_info\">\n\t\t\t\t<div class=\"sc_services_item_header\">\n\t\t\t            <div class=\"sc_services_item_title_wrap\">\n                <h4 class=\"sc_services_item_title entry-title\">Vanille<\/h4>\n                <\/div>\t\t<\/div>\n\t\t\t\t\t\t\t<div class=\"sc_services_item_content\"><p>Un plaisir tout simple ! Notre gelato \u00e0 la vanille est riche, cr\u00e9meux et r\u00e9confortant. Un r\u00e9gal pour les petits et les grands.  <\/p>\n<\/div><\/div>\n<\/div>\n<div data-post-id=\"54198\" class=\"sc_services_item sc_item_container post_container no_links with_content with_number with_head post-54198 cpt_services type-cpt_services status-publish hentry cpt_services_group-gelato-fruit\" data-item-number=\"2\"\n>\n\n\t<div class=\"sc_services_item_head\"><span class=\"sc_services_item_number\">02<\/span><\/div>\n\t<div class=\"sc_services_item_info\">\n\t\t\t\t<div class=\"sc_services_item_header\">\n\t\t\t            <div class=\"sc_services_item_title_wrap\">\n                <h4 class=\"sc_services_item_title entry-title\">Mango<\/h4>\n                <\/div>\t\t<\/div>\n\t\t\t\t\t\t\t<div class=\"sc_services_item_content\"><p>Fra\u00eecheur tropicale ! Notre gelato est l\u00e9ger et tr\u00e8s frais, capturant toute la douceur de la mangue. Un petit go\u00fbt de vacances \u00e0 chaque bouch\u00e9e.  <\/p>\n<\/div><\/div>\n<\/div>\n<div data-post-id=\"54197\" class=\"sc_services_item sc_item_container post_container no_links with_content with_number with_head post-54197 cpt_services type-cpt_services status-publish hentry cpt_services_group-gelato-fruit\" data-item-number=\"3\"\n>\n\n\t<div class=\"sc_services_item_head\"><span class=\"sc_services_item_number\">03<\/span><\/div>\n\t<div class=\"sc_services_item_info\">\n\t\t\t\t<div class=\"sc_services_item_header\">\n\t\t\t            <div class=\"sc_services_item_title_wrap\">\n                <h4 class=\"sc_services_item_title entry-title\">Granita<\/h4>\n                <\/div>\t\t<\/div>\n\t\t\t\t\t\t\t<div class=\"sc_services_item_content\"><p>Fra\u00eecheur intense ! Une granita fruit\u00e9e et savoureuse qui d\u00e9borde de go\u00fbt. C\u2019est la g\u00e2terie id\u00e9ale pour se rafra\u00eechir lors d&rsquo;une chaude journ\u00e9e.  <\/p>\n<\/div><\/div>\n<\/div>\n<\/div><\/div>\t\t\t\t<\/div>\n\t\t\t\t<\/div>\n\t\t\t\t\t<\/div>\n\t\t<\/div>\n\t\t\t\t\t<\/div>\n\t\t<\/section>\n\t\t\t\t<section class=\"elementor-section elementor-top-section elementor-element elementor-element-07c9cea elementor-section-boxed elementor-section-height-default elementor-section-height-default sc_fly_static\" data-id=\"07c9cea\" data-element_type=\"section\" data-e-type=\"section\" data-settings=\"{&quot;background_background&quot;:&quot;classic&quot;}\">\n\t\t\t\t\t\t<div class=\"elementor-container elementor-column-gap-extended\">\n\t\t\t\t\t<div class=\"elementor-column elementor-col-100 elementor-top-column elementor-element elementor-element-ae1b10b sc_content_align_inherit sc_layouts_column_icons_position_left sc_fly_static\" data-id=\"ae1b10b\" data-element_type=\"column\" data-e-type=\"column\">\n\t\t\t<div class=\"elementor-widget-wrap elementor-element-populated\">\n\t\t\t\t\t\t<div class=\"elementor-element elementor-element-eaa6939 sc_height_medium sc_fly_static elementor-widget elementor-widget-spacer\" data-id=\"eaa6939\" data-element_type=\"widget\" data-e-type=\"widget\" data-widget_type=\"spacer.default\">\n\t\t\t\t<div class=\"elementor-widget-container\">\n\t\t\t\t\t\t\t<div class=\"elementor-spacer\">\n\t\t\t<div class=\"elementor-spacer-inner\"><\/div>\n\t\t<\/div>\n\t\t\t\t\t\t<\/div>\n\t\t\t\t<\/div>\n\t\t\t\t\t<\/div>\n\t\t<\/div>\n\t\t\t\t\t<\/div>\n\t\t<\/section>\n\t\t\t\t<\/div>\n\t\t","protected":false},"excerpt":{"rendered":"<p>La collection chocolat et noix Gelatos 01 Fudge au chocolat Un gelato au chocolat cr\u00e9meux et ses morceaux de fudge gourmands. Une g\u00e2terie pur plaisir \u00e0 chaque bouch\u00e9e. 02&hellip;<\/p>\n","protected":false},"author":1,"featured_media":0,"parent":0,"menu_order":0,"comment_status":"closed","ping_status":"closed","template":"","meta":{"footnotes":""},"class_list":["post-54173","page","type-page","status-publish","hentry"],"_links":{"self":[{"href":"https:\/\/magasingeneralterrebonne.com\/fr\/wp-json\/wp\/v2\/pages\/54173","targetHints":{"allow":["GET"]}}],"collection":[{"href":"https:\/\/magasingeneralterrebonne.com\/fr\/wp-json\/wp\/v2\/pages"}],"about":[{"href":"https:\/\/magasingeneralterrebonne.com\/fr\/wp-json\/wp\/v2\/types\/page"}],"author":[{"embeddable":true,"href":"https:\/\/magasingeneralterrebonne.com\/fr\/wp-json\/wp\/v2\/users\/1"}],"replies":[{"embeddable":true,"href":"https:\/\/magasingeneralterrebonne.com\/fr\/wp-json\/wp\/v2\/comments?post=54173"}],"version-history":[{"count":9,"href":"https:\/\/magasingeneralterrebonne.com\/fr\/wp-json\/wp\/v2\/pages\/54173\/revisions"}],"predecessor-version":[{"id":54202,"href":"https:\/\/magasingeneralterrebonne.com\/fr\/wp-json\/wp\/v2\/pages\/54173\/revisions\/54202"}],"wp:attachment":[{"href":"https:\/\/magasingeneralterrebonne.com\/fr\/wp-json\/wp\/v2\/media?parent=54173"}],"curies":[{"name":"wp","href":"https:\/\/api.w.org\/{rel}","templated":true}]}}