{"id":54203,"date":"2025-12-18T16:09:08","date_gmt":"2025-12-18T16:09:08","guid":{"rendered":"https:\/\/magasingeneralterrebonne.com\/menu-traiteur\/"},"modified":"2026-03-09T20:40:12","modified_gmt":"2026-03-09T20:40:12","slug":"service-traiteur","status":"publish","type":"page","link":"https:\/\/magasingeneralterrebonne.com\/fr\/service-traiteur\/","title":{"rendered":"Service traiteur"},"content":{"rendered":"\t\t<div data-elementor-type=\"wp-page\" data-elementor-id=\"54203\" class=\"elementor elementor-54203 elementor-51357\">\n\t\t\t\t\t\t<section class=\"elementor-section elementor-top-section elementor-element elementor-element-0c248c8 elementor-section-boxed elementor-section-height-default elementor-section-height-default sc_fly_static\" data-id=\"0c248c8\" data-element_type=\"section\" data-e-type=\"section\">\n\t\t\t\t\t\t<div class=\"elementor-container elementor-column-gap-extended\">\n\t\t\t\t\t<div class=\"elementor-column elementor-col-100 elementor-top-column elementor-element elementor-element-8a7b92e sc_content_align_inherit sc_layouts_column_icons_position_left sc_fly_static\" data-id=\"8a7b92e\" data-element_type=\"column\" data-e-type=\"column\">\n\t\t\t<div class=\"elementor-widget-wrap elementor-element-populated\">\n\t\t\t\t\t\t<div class=\"elementor-element elementor-element-16e0784 sc_height_large sc_fly_static elementor-widget elementor-widget-spacer\" data-id=\"16e0784\" data-element_type=\"widget\" data-e-type=\"widget\" data-widget_type=\"spacer.default\">\n\t\t\t\t<div class=\"elementor-widget-container\">\n\t\t\t\t\t\t\t<div class=\"elementor-spacer\">\n\t\t\t<div class=\"elementor-spacer-inner\"><\/div>\n\t\t<\/div>\n\t\t\t\t\t\t<\/div>\n\t\t\t\t<\/div>\n\t\t\t\t\t<\/div>\n\t\t<\/div>\n\t\t\t\t\t<\/div>\n\t\t<\/section>\n\t\t\t\t<section class=\"elementor-section elementor-top-section elementor-element elementor-element-57df5c30 elementor-section-boxed elementor-section-height-default elementor-section-height-default sc_fly_static\" data-id=\"57df5c30\" data-element_type=\"section\" data-e-type=\"section\">\n\t\t\t\t\t\t<div class=\"elementor-container elementor-column-gap-extended\">\n\t\t\t\t\t<div class=\"elementor-column elementor-col-50 elementor-top-column elementor-element elementor-element-5c6a6f7e sc_content_align_inherit sc_layouts_column_icons_position_left sc_fly_static\" data-id=\"5c6a6f7e\" data-element_type=\"column\" data-e-type=\"column\">\n\t\t\t<div class=\"elementor-widget-wrap elementor-element-populated\">\n\t\t\t\t\t\t<div class=\"elementor-element elementor-element-7393ad71 sc_fly_static elementor-widget elementor-widget-trx_sc_title\" data-id=\"7393ad71\" data-element_type=\"widget\" data-e-type=\"widget\" data-widget_type=\"trx_sc_title.default\">\n\t\t\t\t<div class=\"elementor-widget-container\">\n\t\t\t\t\t<div\t\tclass=\"sc_title sc_title_default\" ><span class=\"sc_item_subtitle sc_title_subtitle sc_item_subtitle_above sc_item_title_style_default\">Service traiteur et \u00e9v\u00e9nements : la touche Magasin G\u00e9n\u00e9ral<\/span><h2 class=\"sc_item_title sc_title_title sc_item_title_style_default sc_item_title_tag\"\n\t\t\t><span class=\"sc_item_title_text\">Catering & Events: The Magasin G\u00e9n\u00e9ral Touch<\/span><\/h2><\/div>\t\t\t\t<\/div>\n\t\t\t\t<\/div>\n\t\t\t\t<div class=\"elementor-element elementor-element-089d1ca sc_fly_static elementor-widget elementor-widget-text-editor\" data-id=\"089d1ca\" data-element_type=\"widget\" data-e-type=\"widget\" data-widget_type=\"text-editor.default\">\n\t\t\t\t<div class=\"elementor-widget-container\">\n\t\t\t\t\t\t\t\t\t<h5 data-path-to-node=\"2\">Votre \u00e9v\u00e9nement, votre menu au Magasin G\u00e9n\u00e9ral Quincaillerie des Saveurs<\/h5><p data-path-to-node=\"6\">Nous ne croyons pas aux solutions \u00ab taille unique \u00bb. Chaque rassemblement est unique, et votre menu devrait l&rsquo;\u00eatre aussi. Que vous organisiez une r\u00e9union matinale ou une c\u00e9l\u00e9bration en soir\u00e9e, nous travaillons avec vous individuellement pour cr\u00e9er l&rsquo;exp\u00e9rience culinaire parfaite pour vos invit\u00e9s.  <\/p><h5 data-path-to-node=\"4\">Ce que nous vous proposons<\/h5><p data-path-to-node=\"8\">Le go\u00fbt de notre boutique historique, directement \u00e0 votre \u00e9v\u00e9nement. Nous offrons une s\u00e9lection de produits frais et savoureux, parfaitement adapt\u00e9s pour le partage et la convivialit\u00e9. <\/p><p data-path-to-node=\"9,0,1\">Plateaux de sandwichs \u00ab Nouveau Concept \u00bb Nos sandwichs signatures mettent en vedette des ingr\u00e9dients finement hach\u00e9s et m\u00e9lang\u00e9s \u00e0 la perfection. C\u2019est une fa\u00e7on propre et savoureuse de nourrir vos invit\u00e9s, sans aucun d\u00e9g\u00e2t !<\/p><p data-path-to-node=\"9,1,0\">Nos fameux bretzels Mr. Pretzels Offrez \u00e0 vos invit\u00e9s le plaisir de nos bretzels tendres, version sal\u00e9e ou sucr\u00e9e. Fra\u00eechement pr\u00e9par\u00e9s, ils sont le compl\u00e9ment parfait pour une r\u00e9ception r\u00e9ussie.<\/p><p data-path-to-node=\"9,2,1\">Pause caf\u00e9 et desserts Savourez notre caf\u00e9 italien authentique accompagn\u00e9 d&rsquo;un assortiment de p\u00e2tisseries ou de nos gelatos artisanaux. La touche finale parfaite pour vos invit\u00e9s.<\/p><h5 data-path-to-node=\"4\">Vos \u00e9v\u00e9nements, notre passion<\/h5><p data-path-to-node=\"10\">Chaque commande est unique et s&rsquo;adapte \u00e0 vos besoins. Voici quelques exemples d&rsquo;occasions o\u00f9 notre menu saura faire toute la diff\u00e9rence : <\/p><ul><li data-path-to-node=\"11,0,0\"><b data-path-to-node=\"11,0,0\" data-index-in-node=\"3\">D\u00eeners d\u2019affaires et r\u00e9unions de bureau<\/b><\/li><li data-path-to-node=\"11,0,0\"><b data-path-to-node=\"11,1,0\" data-index-in-node=\"3\">F\u00eates d&rsquo;anniversaire (les enfants adorent les bretzels !)<\/b><\/li><li data-path-to-node=\"11,2,0\"><b data-path-to-node=\"11,2,0\" data-index-in-node=\"3\">5 \u00e0 7 et cocktails<\/b><\/li><li data-path-to-node=\"11,3,0\"><b data-path-to-node=\"11,3,0\" data-index-in-node=\"3\">R\u00e9unions de famille et rassemblements priv\u00e9s<\/b><\/li><li data-path-to-node=\"11,4,0\"><b data-path-to-node=\"11,4,0\" data-index-in-node=\"3\">F\u00eates de fin d&rsquo;ann\u00e9e<\/b><\/li><\/ul>\t\t\t\t\t\t\t\t<\/div>\n\t\t\t\t<\/div>\n\t\t\t\t\t<\/div>\n\t\t<\/div>\n\t\t\t\t<div class=\"elementor-column elementor-col-50 elementor-top-column elementor-element elementor-element-6f320012 sc_content_align_inherit sc_layouts_column_icons_position_left sc_fly_static\" data-id=\"6f320012\" data-element_type=\"column\" data-e-type=\"column\">\n\t\t\t<div class=\"elementor-widget-wrap elementor-element-populated\">\n\t\t\t\t\t\t<div class=\"elementor-element elementor-element-f3d051d sc_fly_static elementor-widget elementor-widget-image\" data-id=\"f3d051d\" data-element_type=\"widget\" data-e-type=\"widget\" data-widget_type=\"image.default\">\n\t\t\t\t<div class=\"elementor-widget-container\">\n\t\t\t\t\t\t\t\t\t\t\t\t\t\t\t<img fetchpriority=\"high\" decoding=\"async\" width=\"500\" height=\"585\" src=\"https:\/\/magasingeneralterrebonne.com\/wp-content\/uploads\/2026\/01\/magasin-general-terrebonne-pretzel-bites-platter.webp\" class=\"attachment-full size-full wp-image-54204\" alt=\"\" srcset=\"https:\/\/magasingeneralterrebonne.com\/wp-content\/uploads\/2026\/01\/magasin-general-terrebonne-pretzel-bites-platter.webp 500w, https:\/\/magasingeneralterrebonne.com\/wp-content\/uploads\/2026\/01\/magasin-general-terrebonne-pretzel-bites-platter-256x300.webp 256w, https:\/\/magasingeneralterrebonne.com\/wp-content\/uploads\/2026\/01\/magasin-general-terrebonne-pretzel-bites-platter-370x433.webp 370w, https:\/\/magasingeneralterrebonne.com\/wp-content\/uploads\/2026\/01\/magasin-general-terrebonne-pretzel-bites-platter-410x480.webp 410w, https:\/\/magasingeneralterrebonne.com\/wp-content\/uploads\/2026\/01\/magasin-general-terrebonne-pretzel-bites-platter-427x500.webp 427w, https:\/\/magasingeneralterrebonne.com\/wp-content\/uploads\/2026\/01\/magasin-general-terrebonne-pretzel-bites-platter-342x400.webp 342w\" sizes=\"(max-width: 600px) 100vw, 500px\" \/>\t\t\t\t\t\t\t\t\t\t\t\t\t\t\t<\/div>\n\t\t\t\t<\/div>\n\t\t\t\t<div class=\"elementor-element elementor-element-7d3a20ca sc_fly_static elementor-widget elementor-widget-spacer\" data-id=\"7d3a20ca\" data-element_type=\"widget\" data-e-type=\"widget\" data-widget_type=\"spacer.default\">\n\t\t\t\t<div class=\"elementor-widget-container\">\n\t\t\t\t\t\t\t<div class=\"elementor-spacer\">\n\t\t\t<div class=\"elementor-spacer-inner\"><\/div>\n\t\t<\/div>\n\t\t\t\t\t\t<\/div>\n\t\t\t\t<\/div>\n\t\t\t\t<div class=\"elementor-element elementor-element-40f93894 sc_fly_static elementor-widget elementor-widget-text-editor\" data-id=\"40f93894\" data-element_type=\"widget\" data-e-type=\"widget\" data-widget_type=\"text-editor.default\">\n\t\t\t\t<div class=\"elementor-widget-container\">\n\t\t\t\t\t\t\t\t\t<h3 data-path-to-node=\"10\">Planifions votre menu ensemble<\/h3><p data-path-to-node=\"12\">Puisque notre service est enti\u00e8rement sur mesure, nous voulons vous entendre. Parlez-nous de votre \u00e9v\u00e9nement, la date, le nombre d&rsquo;invit\u00e9s et l&rsquo;ambiance recherch\u00e9e et nous vous proposerons une solution personnalis\u00e9e qui respecte votre budget. <\/p><p data-path-to-node=\"13\"><span data-path-to-node=\"13,0\"><b data-path-to-node=\"13,0\" data-index-in-node=\"0\">Contactez-nous pour une soumission :<\/b> <\/span><\/p><p data-path-to-node=\"13\"><span data-path-to-node=\"13,0\"><b data-path-to-node=\"13,0\" data-index-in-node=\"27\">Appelez-nous : 450-961-3377<\/b><\/span><\/p><p data-path-to-node=\"13\"><span data-path-to-node=\"13,0\"><b data-path-to-node=\"13,0\" data-index-in-node=\"27\">Email: <a href=\"mailto:Info@MagasinGeneralTerrebonne.com\">Info@MagasinGeneralTerrebonne.com<\/a><\/b><\/span><\/p><p data-path-to-node=\"13\"> <span data-path-to-node=\"13,2\"><span class=\"citation-46\">Venez nous rencontrer en magasin :<\/span><span class=\"citation-46\"><br><\/span><\/span><span data-path-to-node=\"13,2\"><span class=\"citation-46\">191 Rue St Andr\u00e9, Vieux-Terrebonne, QC<\/span><\/span><\/p>\t\t\t\t\t\t\t\t<\/div>\n\t\t\t\t<\/div>\n\t\t\t\t\t<\/div>\n\t\t<\/div>\n\t\t\t\t\t<\/div>\n\t\t<\/section>\n\t\t\t\t<section class=\"elementor-section elementor-top-section elementor-element elementor-element-a00e869 elementor-section-boxed elementor-section-height-default elementor-section-height-default sc_fly_static\" data-id=\"a00e869\" data-element_type=\"section\" data-e-type=\"section\">\n\t\t\t\t\t\t<div class=\"elementor-container elementor-column-gap-extended\">\n\t\t\t\t\t<div class=\"elementor-column elementor-col-100 elementor-top-column elementor-element elementor-element-b0c4d9a sc_content_align_inherit sc_layouts_column_icons_position_left sc_fly_static\" data-id=\"b0c4d9a\" data-element_type=\"column\" data-e-type=\"column\">\n\t\t\t<div class=\"elementor-widget-wrap elementor-element-populated\">\n\t\t\t\t\t\t<div class=\"elementor-element elementor-element-659aaad sc_height_medium sc_fly_static elementor-widget elementor-widget-spacer\" data-id=\"659aaad\" data-element_type=\"widget\" data-e-type=\"widget\" data-widget_type=\"spacer.default\">\n\t\t\t\t<div class=\"elementor-widget-container\">\n\t\t\t\t\t\t\t<div class=\"elementor-spacer\">\n\t\t\t<div class=\"elementor-spacer-inner\"><\/div>\n\t\t<\/div>\n\t\t\t\t\t\t<\/div>\n\t\t\t\t<\/div>\n\t\t\t\t\t<\/div>\n\t\t<\/div>\n\t\t\t\t\t<\/div>\n\t\t<\/section>\n\t\t\t\t<\/div>\n\t\t","protected":false},"excerpt":{"rendered":"<p>Service traiteur et \u00e9v\u00e9nements : la touche Magasin G\u00e9n\u00e9ral Catering &#038; Events: The Magasin G\u00e9n\u00e9ral Touch Votre \u00e9v\u00e9nement, votre menu au Magasin G\u00e9n\u00e9ral Quincaillerie des Saveurs Nous ne croyons&hellip;<\/p>\n","protected":false},"author":1,"featured_media":0,"parent":0,"menu_order":0,"comment_status":"closed","ping_status":"closed","template":"","meta":{"footnotes":""},"class_list":["post-54203","page","type-page","status-publish","hentry"],"_links":{"self":[{"href":"https:\/\/magasingeneralterrebonne.com\/fr\/wp-json\/wp\/v2\/pages\/54203","targetHints":{"allow":["GET"]}}],"collection":[{"href":"https:\/\/magasingeneralterrebonne.com\/fr\/wp-json\/wp\/v2\/pages"}],"about":[{"href":"https:\/\/magasingeneralterrebonne.com\/fr\/wp-json\/wp\/v2\/types\/page"}],"author":[{"embeddable":true,"href":"https:\/\/magasingeneralterrebonne.com\/fr\/wp-json\/wp\/v2\/users\/1"}],"replies":[{"embeddable":true,"href":"https:\/\/magasingeneralterrebonne.com\/fr\/wp-json\/wp\/v2\/comments?post=54203"}],"version-history":[{"count":5,"href":"https:\/\/magasingeneralterrebonne.com\/fr\/wp-json\/wp\/v2\/pages\/54203\/revisions"}],"predecessor-version":[{"id":54229,"href":"https:\/\/magasingeneralterrebonne.com\/fr\/wp-json\/wp\/v2\/pages\/54203\/revisions\/54229"}],"wp:attachment":[{"href":"https:\/\/magasingeneralterrebonne.com\/fr\/wp-json\/wp\/v2\/media?parent=54203"}],"curies":[{"name":"wp","href":"https:\/\/api.w.org\/{rel}","templated":true}]}}