{"id":54581,"date":"2026-03-12T15:32:42","date_gmt":"2026-03-12T15:32:42","guid":{"rendered":"https:\/\/magasingeneralterrebonne.com\/menu-croissant\/"},"modified":"2026-03-24T20:54:58","modified_gmt":"2026-03-24T20:54:58","slug":"menu-croissant","status":"publish","type":"page","link":"https:\/\/magasingeneralterrebonne.com\/fr\/menu-croissant\/","title":{"rendered":"Croissant"},"content":{"rendered":"\t\t<div data-elementor-type=\"wp-page\" data-elementor-id=\"54581\" class=\"elementor elementor-54581 elementor-54525\">\n\t\t\t\t\t\t<section class=\"elementor-section elementor-top-section elementor-element elementor-element-d29b6ac elementor-section-boxed elementor-section-height-default elementor-section-height-default sc_fly_static\" data-id=\"d29b6ac\" data-element_type=\"section\" data-e-type=\"section\">\n\t\t\t\t\t\t<div class=\"elementor-container elementor-column-gap-extended\">\n\t\t\t\t\t<div class=\"elementor-column elementor-col-100 elementor-top-column elementor-element elementor-element-4871bac sc_content_align_inherit sc_layouts_column_icons_position_left sc_fly_static\" data-id=\"4871bac\" data-element_type=\"column\" data-e-type=\"column\">\n\t\t\t<div class=\"elementor-widget-wrap elementor-element-populated\">\n\t\t\t\t\t\t<div class=\"elementor-element elementor-element-cfeaae0 sc_height_large sc_fly_static elementor-widget elementor-widget-spacer\" data-id=\"cfeaae0\" data-element_type=\"widget\" data-e-type=\"widget\" data-widget_type=\"spacer.default\">\n\t\t\t\t<div class=\"elementor-widget-container\">\n\t\t\t\t\t\t\t<div class=\"elementor-spacer\">\n\t\t\t<div class=\"elementor-spacer-inner\"><\/div>\n\t\t<\/div>\n\t\t\t\t\t\t<\/div>\n\t\t\t\t<\/div>\n\t\t\t\t\t<\/div>\n\t\t<\/div>\n\t\t\t\t\t<\/div>\n\t\t<\/section>\n\t\t\t\t<section class=\"elementor-section elementor-top-section elementor-element elementor-element-56dbbd24 elementor-section-boxed elementor-section-height-default elementor-section-height-default sc_fly_static\" data-id=\"56dbbd24\" data-element_type=\"section\" data-e-type=\"section\">\n\t\t\t\t\t\t<div class=\"elementor-container elementor-column-gap-no\">\n\t\t\t\t\t<div class=\"elementor-column elementor-col-50 elementor-top-column elementor-element elementor-element-63766ff0 sc_content_align_inherit sc_layouts_column_icons_position_left sc_fly_static\" data-id=\"63766ff0\" data-element_type=\"column\" data-e-type=\"column\">\n\t\t\t<div class=\"elementor-widget-wrap elementor-element-populated\">\n\t\t\t\t\t\t<div class=\"elementor-element elementor-element-028033a sc_fly_static elementor-widget elementor-widget-trx_sc_title\" data-id=\"028033a\" data-element_type=\"widget\" data-e-type=\"widget\" data-widget_type=\"trx_sc_title.default\">\n\t\t\t\t<div class=\"elementor-widget-container\">\n\t\t\t\t\t<div\t\tclass=\"sc_title sc_title_default\" ><h3 class=\"sc_item_title sc_title_title sc_item_title_style_default sc_item_title_tag\"\n\t\t\t><span class=\"sc_item_title_text\">Croissant<\/span><\/h3><\/div>\t\t\t\t<\/div>\n\t\t\t\t<\/div>\n\t\t\t\t<div class=\"elementor-element elementor-element-569da7d elementor-widget-divider--view-line sc_fly_static elementor-widget elementor-widget-divider\" data-id=\"569da7d\" data-element_type=\"widget\" data-e-type=\"widget\" data-widget_type=\"divider.default\">\n\t\t\t\t<div class=\"elementor-widget-container\">\n\t\t\t\t\t\t\t<div class=\"elementor-divider\">\n\t\t\t<span class=\"elementor-divider-separator\">\n\t\t\t\t\t\t<\/span>\n\t\t<\/div>\n\t\t\t\t\t\t<\/div>\n\t\t\t\t<\/div>\n\t\t\t\t<div class=\"elementor-element elementor-element-3d6e9292 sc_fly_static elementor-widget elementor-widget-spacer\" data-id=\"3d6e9292\" data-element_type=\"widget\" data-e-type=\"widget\" data-widget_type=\"spacer.default\">\n\t\t\t\t<div class=\"elementor-widget-container\">\n\t\t\t\t\t\t\t<div class=\"elementor-spacer\">\n\t\t\t<div class=\"elementor-spacer-inner\"><\/div>\n\t\t<\/div>\n\t\t\t\t\t\t<\/div>\n\t\t\t\t<\/div>\n\t\t\t\t<div class=\"elementor-element elementor-element-aa841d6 sc_fly_static elementor-widget elementor-widget-trx_sc_services\" data-id=\"aa841d6\" data-element_type=\"widget\" data-e-type=\"widget\" data-widget_type=\"trx_sc_services.default\">\n\t\t\t\t<div class=\"elementor-widget-container\">\n\t\t\t\t\t<div class=\"sc_services sc_services_qw-price sc_services_featured_left\"><div class=\"sc_services_content sc_item_content sc_item_posts_container sc_item_columns_1\"><div data-post-id=\"54586\" class=\"sc_services_item sc_item_container post_container no_links with_content with_number with_head post-54586 cpt_services type-cpt_services status-publish has-post-thumbnail hentry cpt_services_group-croissant-fr\" data-item-number=\"1\"\n>\n\n\t<div class=\"sc_services_item_head\"><span class=\"sc_services_item_number\">01<\/span><\/div>\n\t<div class=\"sc_services_item_info\">\n\t\t\t\t<div class=\"sc_services_item_header\">\n\t\t\t            <div class=\"sc_services_item_title_wrap\">\n                <h4 class=\"sc_services_item_title entry-title\">Croissant D\u00e9jeuner<\/h4>\n                <\/div>\t\t<\/div>\n\t\t\t\t\t\t\t<div class=\"sc_services_item_content\"><p>\u0152uf, jambon, fromage provolone, laitue et tomate avec notre savoureuse sauce maison, le tout servi dans un croissant frais pur beurre.<\/p>\n<\/div><\/div>\n<\/div>\n<div data-post-id=\"54588\" class=\"sc_services_item sc_item_container post_container no_links with_content with_number with_head post-54588 cpt_services type-cpt_services status-publish has-post-thumbnail hentry cpt_services_group-croissant-fr\" data-item-number=\"2\"\n>\n\n\t<div class=\"sc_services_item_head\"><span class=\"sc_services_item_number\">02<\/span><\/div>\n\t<div class=\"sc_services_item_info\">\n\t\t\t\t<div class=\"sc_services_item_header\">\n\t\t\t            <div class=\"sc_services_item_title_wrap\">\n                <h4 class=\"sc_services_item_title entry-title\">Nutella<\/h4>\n                <\/div>\t\t<\/div>\n\t\t\t\t\t\t\t<div class=\"sc_services_item_content\"><p>Un croissant dor\u00e9 au four, c\u0153ur fondant au Nutella, garni d&rsquo;un nuage de sucre \u00e0 glacer. <\/p>\n<\/div><\/div>\n<\/div>\n<div data-post-id=\"54590\" class=\"sc_services_item sc_item_container post_container no_links with_content with_number with_head post-54590 cpt_services type-cpt_services status-publish has-post-thumbnail hentry cpt_services_group-croissant-fr\" data-item-number=\"3\"\n>\n\n\t<div class=\"sc_services_item_head\"><span class=\"sc_services_item_number\">03<\/span><\/div>\n\t<div class=\"sc_services_item_info\">\n\t\t\t\t<div class=\"sc_services_item_header\">\n\t\t\t            <div class=\"sc_services_item_title_wrap\">\n                <h4 class=\"sc_services_item_title entry-title\">Fraise et Vanille<\/h4>\n                <\/div>\t\t<\/div>\n\t\t\t\t\t\t\t<div class=\"sc_services_item_content\"><p>D\u00e9couvrez notre version fruit\u00e9e du croissant classique : un c\u0153ur fondant \u00e0 la vanille et aux fraises dans une p\u00e2te feuillet\u00e9e dor\u00e9e \u00e0 souhait. <\/p>\n<\/div><\/div>\n<\/div>\n<div data-post-id=\"54592\" class=\"sc_services_item sc_item_container post_container no_links with_content with_number with_head post-54592 cpt_services type-cpt_services status-publish has-post-thumbnail hentry cpt_services_group-croissant-fr\" data-item-number=\"4\"\n>\n\n\t<div class=\"sc_services_item_head\"><span class=\"sc_services_item_number\">04<\/span><\/div>\n\t<div class=\"sc_services_item_info\">\n\t\t\t\t<div class=\"sc_services_item_header\">\n\t\t\t            <div class=\"sc_services_item_title_wrap\">\n                <h4 class=\"sc_services_item_title entry-title\">Caramel<\/h4>\n                <\/div>\t\t<\/div>\n\t\t\t\t\t\t\t<div class=\"sc_services_item_content\"><p>Un croissant dor\u00e9 pur beurre, g\u00e9n\u00e9reusement garni d&rsquo;un caramel riche et onctueux. Une pure dose de bonheur sucr\u00e9 dans chaque bouch\u00e9e croustillante. <\/p>\n<\/div><\/div>\n<\/div>\n<div data-post-id=\"54594\" class=\"sc_services_item sc_item_container post_container no_links with_content with_number with_head post-54594 cpt_services type-cpt_services status-publish has-post-thumbnail hentry cpt_services_group-croissant-fr\" data-item-number=\"5\"\n>\n\n\t<div class=\"sc_services_item_head\"><span class=\"sc_services_item_number\">05<\/span><\/div>\n\t<div class=\"sc_services_item_info\">\n\t\t\t\t<div class=\"sc_services_item_header\">\n\t\t\t            <div class=\"sc_services_item_title_wrap\">\n                <h4 class=\"sc_services_item_title entry-title\">Caramel Sal\u00e9<\/h4>\n                <\/div>\t\t<\/div>\n\t\t\t\t\t\t\t<div class=\"sc_services_item_content\"><p>Un croissant dor\u00e9 et croustillant, garni d&rsquo;un caramel sal\u00e9 onctueux et d\u00e9cadent. L&rsquo;\u00e9quilibre parfait entre la douceur du sucre et une fine touche savoureuse. <\/p>\n<\/div><\/div>\n<\/div>\n<\/div><\/div>\t\t\t\t<\/div>\n\t\t\t\t<\/div>\n\t\t\t\t\t<\/div>\n\t\t<\/div>\n\t\t\t\t<div class=\"elementor-column elementor-col-50 elementor-top-column elementor-element elementor-element-ab3886e sc_content_align_inherit sc_layouts_column_icons_position_left sc_fly_static\" data-id=\"ab3886e\" data-element_type=\"column\" data-e-type=\"column\" data-settings=\"{&quot;background_background&quot;:&quot;classic&quot;}\">\n\t\t\t<div class=\"elementor-widget-wrap elementor-element-populated\">\n\t\t\t\t\t\t<div class=\"elementor-element elementor-element-f848747 sc_fly_static elementor-widget elementor-widget-spacer\" data-id=\"f848747\" data-element_type=\"widget\" data-e-type=\"widget\" data-widget_type=\"spacer.default\">\n\t\t\t\t<div class=\"elementor-widget-container\">\n\t\t\t\t\t\t\t<div class=\"elementor-spacer\">\n\t\t\t<div class=\"elementor-spacer-inner\"><\/div>\n\t\t<\/div>\n\t\t\t\t\t\t<\/div>\n\t\t\t\t<\/div>\n\t\t\t\t<div class=\"elementor-element elementor-element-c2a07f2 sc_layouts_hide_on_mobile sc_fly_static elementor-widget elementor-widget-image\" data-id=\"c2a07f2\" data-element_type=\"widget\" data-e-type=\"widget\" data-widget_type=\"image.default\">\n\t\t\t\t<div class=\"elementor-widget-container\">\n\t\t\t\t\t\t\t\t\t\t\t\t\t\t\t<img fetchpriority=\"high\" decoding=\"async\" width=\"450\" height=\"441\" src=\"https:\/\/magasingeneralterrebonne.com\/wp-content\/uploads\/2026\/03\/Magasin-general-vieux-terrebonne-croissant-table.jpg\" class=\"attachment-full size-full wp-image-54580\" alt=\"\" srcset=\"https:\/\/magasingeneralterrebonne.com\/wp-content\/uploads\/2026\/03\/Magasin-general-vieux-terrebonne-croissant-table.jpg 450w, https:\/\/magasingeneralterrebonne.com\/wp-content\/uploads\/2026\/03\/Magasin-general-vieux-terrebonne-croissant-table-300x294.jpg 300w, https:\/\/magasingeneralterrebonne.com\/wp-content\/uploads\/2026\/03\/Magasin-general-vieux-terrebonne-croissant-table-370x363.jpg 370w, https:\/\/magasingeneralterrebonne.com\/wp-content\/uploads\/2026\/03\/Magasin-general-vieux-terrebonne-croissant-table-410x402.jpg 410w, https:\/\/magasingeneralterrebonne.com\/wp-content\/uploads\/2026\/03\/Magasin-general-vieux-terrebonne-croissant-table-400x392.jpg 400w\" sizes=\"(max-width: 600px) 100vw, 450px\" \/>\t\t\t\t\t\t\t\t\t\t\t\t\t\t\t<\/div>\n\t\t\t\t<\/div>\n\t\t\t\t\t<\/div>\n\t\t<\/div>\n\t\t\t\t\t<\/div>\n\t\t<\/section>\n\t\t\t\t<section class=\"elementor-section elementor-top-section elementor-element elementor-element-692840c sc_layouts_hide_on_mobile elementor-section-boxed elementor-section-height-default elementor-section-height-default sc_fly_static\" data-id=\"692840c\" data-element_type=\"section\" data-e-type=\"section\">\n\t\t\t\t\t\t<div class=\"elementor-container elementor-column-gap-extended\">\n\t\t\t\t\t<div class=\"elementor-column elementor-col-100 elementor-top-column elementor-element elementor-element-861b5e9 sc_content_align_inherit sc_layouts_column_icons_position_left sc_fly_static\" data-id=\"861b5e9\" data-element_type=\"column\" data-e-type=\"column\">\n\t\t\t<div class=\"elementor-widget-wrap elementor-element-populated\">\n\t\t\t\t\t\t<div class=\"elementor-element elementor-element-b914068 sc_height_large sc_fly_static elementor-widget elementor-widget-spacer\" data-id=\"b914068\" data-element_type=\"widget\" data-e-type=\"widget\" data-widget_type=\"spacer.default\">\n\t\t\t\t<div class=\"elementor-widget-container\">\n\t\t\t\t\t\t\t<div class=\"elementor-spacer\">\n\t\t\t<div class=\"elementor-spacer-inner\"><\/div>\n\t\t<\/div>\n\t\t\t\t\t\t<\/div>\n\t\t\t\t<\/div>\n\t\t\t\t\t<\/div>\n\t\t<\/div>\n\t\t\t\t\t<\/div>\n\t\t<\/section>\n\t\t\t\t<section class=\"elementor-section elementor-top-section elementor-element elementor-element-1a8b67ae elementor-section-full_width scheme_default elementor-section-height-default elementor-section-height-default sc_fly_static\" data-id=\"1a8b67ae\" data-element_type=\"section\" data-e-type=\"section\" data-settings=\"{&quot;background_background&quot;:&quot;classic&quot;}\">\n\t\t\t\t\t\t<div class=\"elementor-container elementor-column-gap-no\">\n\t\t\t\t\t<div class=\"elementor-column elementor-col-100 elementor-top-column elementor-element elementor-element-26e45af sc_content_align_inherit sc_layouts_column_icons_position_left sc_fly_static\" data-id=\"26e45af\" data-element_type=\"column\" data-e-type=\"column\">\n\t\t\t<div class=\"elementor-widget-wrap elementor-element-populated\">\n\t\t\t\t\t\t<div class=\"elementor-element elementor-element-1d60e40 sc_fly_static elementor-widget elementor-widget-trx_sc_services\" data-id=\"1d60e40\" data-element_type=\"widget\" data-e-type=\"widget\" data-widget_type=\"trx_sc_services.default\">\n\t\t\t\t<div class=\"elementor-widget-container\">\n\t\t\t\t\t<div class=\"sc_services sc_services_cool sc_services_featured_top\"><div class=\"sc_services_columns_wrap sc_item_columns sc_item_posts_container sc_item_columns_5 trx_addons_columns_wrap columns_padding_bottom columns_in_single_row\"><div class=\"trx_addons_column-1_5 trx_addons_column-1_2-tablet trx_addons_column-1_2-mobile\"><div data-post-id=\"54590\" class=\"sc_services_item sc_item_container post_container no_links without_content with_more with_image sc_services_item_featured_none post-54590 cpt_services type-cpt_services status-publish has-post-thumbnail hentry cpt_services_group-croissant-fr\">\n\t\t<div class=\"sc_services_item_content \" style=\"background-image: url(https:\/\/magasingeneralterrebonne.com\/wp-content\/uploads\/2026\/03\/Magasin-General-terrebonne-croissant-strawberry-vanilla.webp);\">\n\t\t\t\t<div class=\"sc_services_item_content_inner\"><div class=\"sc_services_item_content_inner_bottom\">\n                <h6 class=\"sc_services_item_title\">Fraise et Vanille<\/h6>\n                <\/div><\/div><\/div><\/div><\/div><div class=\"trx_addons_column-1_5 trx_addons_column-1_2-tablet trx_addons_column-1_2-mobile\"><div data-post-id=\"54592\" class=\"sc_services_item sc_item_container post_container no_links without_content with_more with_image sc_services_item_featured_none post-54592 cpt_services type-cpt_services status-publish has-post-thumbnail hentry cpt_services_group-croissant-fr\">\n\t\t<div class=\"sc_services_item_content \" style=\"background-image: url(https:\/\/magasingeneralterrebonne.com\/wp-content\/uploads\/2026\/03\/Magasin-General-terrebonne-croissant-caramel.webp);\">\n\t\t\t\t<div class=\"sc_services_item_content_inner\"><div class=\"sc_services_item_content_inner_bottom\">\n                <h6 class=\"sc_services_item_title\">Caramel<\/h6>\n                <\/div><\/div><\/div><\/div><\/div><div class=\"trx_addons_column-1_5 trx_addons_column-1_2-tablet trx_addons_column-1_2-mobile\"><div data-post-id=\"54588\" class=\"sc_services_item sc_item_container post_container no_links without_content with_more with_image sc_services_item_featured_none post-54588 cpt_services type-cpt_services status-publish has-post-thumbnail hentry cpt_services_group-croissant-fr\">\n\t\t<div class=\"sc_services_item_content \" style=\"background-image: url(https:\/\/magasingeneralterrebonne.com\/wp-content\/uploads\/2026\/03\/Magasin-General-terrebonne-croissant-Nutella.webp);\">\n\t\t\t\t<div class=\"sc_services_item_content_inner\"><div class=\"sc_services_item_content_inner_bottom\">\n                <h6 class=\"sc_services_item_title\">Nutella<\/h6>\n                <\/div><\/div><\/div><\/div><\/div><div class=\"trx_addons_column-1_5 trx_addons_column-1_2-tablet trx_addons_column-1_2-mobile\"><div data-post-id=\"54586\" class=\"sc_services_item sc_item_container post_container no_links without_content with_more with_image sc_services_item_featured_none post-54586 cpt_services type-cpt_services status-publish has-post-thumbnail hentry cpt_services_group-croissant-fr\">\n\t\t<div class=\"sc_services_item_content \" style=\"background-image: url(https:\/\/magasingeneralterrebonne.com\/wp-content\/uploads\/2026\/03\/Magasin-General-terrebonne-croissant-breakfast.webp);\">\n\t\t\t\t<div class=\"sc_services_item_content_inner\"><div class=\"sc_services_item_content_inner_bottom\">\n                <h6 class=\"sc_services_item_title\">Croissant D\u00e9jeuner<\/h6>\n                <\/div><\/div><\/div><\/div><\/div><div class=\"trx_addons_column-1_5 trx_addons_column-1_2-tablet trx_addons_column-1_2-mobile\"><div data-post-id=\"54594\" class=\"sc_services_item sc_item_container post_container no_links without_content with_more with_image sc_services_item_featured_none post-54594 cpt_services type-cpt_services status-publish has-post-thumbnail hentry cpt_services_group-croissant-fr\">\n\t\t<div class=\"sc_services_item_content \" style=\"background-image: url(https:\/\/magasingeneralterrebonne.com\/wp-content\/uploads\/2026\/03\/Magasin-General-terrebonne-croissant-salted-caramel.webp);\">\n\t\t\t\t<div class=\"sc_services_item_content_inner\"><div class=\"sc_services_item_content_inner_bottom\">\n                <h6 class=\"sc_services_item_title\">Caramel Sal\u00e9<\/h6>\n                <\/div><\/div><\/div><\/div><\/div><\/div><\/div>\t\t\t\t<\/div>\n\t\t\t\t<\/div>\n\t\t\t\t<div class=\"elementor-element elementor-element-533296b sc_height_tiny sc_fly_static elementor-widget elementor-widget-spacer\" data-id=\"533296b\" data-element_type=\"widget\" data-e-type=\"widget\" data-widget_type=\"spacer.default\">\n\t\t\t\t<div class=\"elementor-widget-container\">\n\t\t\t\t\t\t\t<div class=\"elementor-spacer\">\n\t\t\t<div class=\"elementor-spacer-inner\"><\/div>\n\t\t<\/div>\n\t\t\t\t\t\t<\/div>\n\t\t\t\t<\/div>\n\t\t\t\t\t<\/div>\n\t\t<\/div>\n\t\t\t\t\t<\/div>\n\t\t<\/section>\n\t\t\t\t<section class=\"elementor-section elementor-top-section elementor-element elementor-element-01db6e4 elementor-section-content-middle scheme_dark elementor-section-boxed elementor-section-height-default elementor-section-height-default sc_fly_static\" data-id=\"01db6e4\" data-element_type=\"section\" data-e-type=\"section\" data-settings=\"{&quot;background_background&quot;:&quot;classic&quot;}\">\n\t\t\t\t\t\t<div class=\"elementor-container elementor-column-gap-extended\">\n\t\t\t\t\t<div class=\"elementor-column elementor-col-50 elementor-top-column elementor-element elementor-element-4a852e9 sc_content_align_inherit sc_layouts_column_icons_position_left sc_fly_static\" data-id=\"4a852e9\" data-element_type=\"column\" data-e-type=\"column\">\n\t\t\t<div class=\"elementor-widget-wrap elementor-element-populated\">\n\t\t\t\t\t\t<div class=\"elementor-element elementor-element-307df0f sc_fly_static elementor-widget elementor-widget-trx_sc_title\" data-id=\"307df0f\" data-element_type=\"widget\" data-e-type=\"widget\" data-widget_type=\"trx_sc_title.default\">\n\t\t\t\t<div class=\"elementor-widget-container\">\n\t\t\t\t\t<div\t\tclass=\"sc_title sc_title_default\" ><h3 class=\"sc_item_title sc_title_title sc_align_center sc_item_title_style_default sc_item_title_tag\"\n\t\t\t><span class=\"sc_item_title_text\">Commencez votre journ\u00e9e en toute fra\u00eecheur<\/span><\/h3><\/div>\t\t\t\t<\/div>\n\t\t\t\t<\/div>\n\t\t\t\t\t<\/div>\n\t\t<\/div>\n\t\t\t\t<div class=\"elementor-column elementor-col-50 elementor-top-column elementor-element elementor-element-1d2056c sc_layouts_column_align_right sc_layouts_column sc-mobile_layouts_column_align_left sc_layouts_column sc_content_align_inherit sc_layouts_column_icons_position_left sc_fly_static\" data-id=\"1d2056c\" data-element_type=\"column\" data-e-type=\"column\">\n\t\t\t<div class=\"elementor-widget-wrap elementor-element-populated\">\n\t\t\t\t\t\t<div class=\"elementor-element elementor-element-2565fe1 sc_fly_static elementor-widget elementor-widget-trx_sc_button\" data-id=\"2565fe1\" data-element_type=\"widget\" data-e-type=\"widget\" data-widget_type=\"trx_sc_button.default\">\n\t\t\t\t<div class=\"elementor-widget-container\">\n\t\t\t\t\t<div\tclass=\"sc_item_button sc_button_wrap\" ><a href=\"https:\/\/www.ubereats.com\/ca\/store\/la-quincaillerie-des-saveurs-191-rue-saint-andre\/Egs2azPyX6aw42-PIOiw_w?diningMode=PICKUP&#038;pl=JTdCJTIyYWRkcmVzcyUyMiUzQSUyMjExOSUyMFJ1ZSUyMFN0JTIwQW5kciVDMyVBOSUyMiUyQyUyMnJlZmVyZW5jZSUyMiUzQSUyMkVqRXhNVGtnVW5WbElGTjBJRUZ1WkhMRHFTd2dWR1Z5Y21WaWIyNXVaU3dnVVVNZ1NqWlhJRE5ETWl3Z1EyRnVZV1JoSWpBU0xnb1VDaElKclp3RVkwYmV5RXdSWGFoR2pJSkplMG9RZHlvVUNoSUpMd3NwblViZXlFd1JrV2VqdWx4LVU5RSUyMiUyQyUyMnJlZmVyZW5jZVR5cGUlMjIlM0ElMjJnb29nbGVfcGxhY2VzJTIyJTJDJTIybGF0aXR1ZGUlMjIlM0E0NS42OTIwMzk0JTJDJTIybG9uZ2l0dWRlJTIyJTNBLTczLjYzMzc1OTMlN0Q%3D\" class=\"sc_button sc_button_slant sc_button_size_normal sc_button_icon_left color_style_dark\" target=\"_blank\" rel=\"noopener\"><span class=\"sc_button_text\"><span class=\"sc_button_title\">Commandez ici<\/span><\/span><\/a><\/div>\t\t\t\t<\/div>\n\t\t\t\t<\/div>\n\t\t\t\t\t<\/div>\n\t\t<\/div>\n\t\t\t\t\t<\/div>\n\t\t<\/section>\n\t\t\t\t<section class=\"elementor-section elementor-top-section elementor-element elementor-element-375467d elementor-section-boxed elementor-section-height-default elementor-section-height-default sc_fly_static\" data-id=\"375467d\" data-element_type=\"section\" data-e-type=\"section\">\n\t\t\t\t\t\t<div class=\"elementor-container elementor-column-gap-extended\">\n\t\t\t\t\t<div class=\"elementor-column elementor-col-100 elementor-top-column elementor-element elementor-element-5089de4 sc_content_align_inherit sc_layouts_column_icons_position_left sc_fly_static\" data-id=\"5089de4\" data-element_type=\"column\" data-e-type=\"column\">\n\t\t\t<div class=\"elementor-widget-wrap elementor-element-populated\">\n\t\t\t\t\t\t<div class=\"elementor-element elementor-element-22f1a85 sc_height_tiny sc_fly_static elementor-widget elementor-widget-spacer\" data-id=\"22f1a85\" data-element_type=\"widget\" data-e-type=\"widget\" data-widget_type=\"spacer.default\">\n\t\t\t\t<div class=\"elementor-widget-container\">\n\t\t\t\t\t\t\t<div class=\"elementor-spacer\">\n\t\t\t<div class=\"elementor-spacer-inner\"><\/div>\n\t\t<\/div>\n\t\t\t\t\t\t<\/div>\n\t\t\t\t<\/div>\n\t\t\t\t\t<\/div>\n\t\t<\/div>\n\t\t\t\t\t<\/div>\n\t\t<\/section>\n\t\t\t\t<section class=\"elementor-section elementor-top-section elementor-element elementor-element-07c9cea elementor-section-boxed elementor-section-height-default elementor-section-height-default sc_fly_static\" data-id=\"07c9cea\" data-element_type=\"section\" data-e-type=\"section\" data-settings=\"{&quot;background_background&quot;:&quot;classic&quot;}\">\n\t\t\t\t\t\t<div class=\"elementor-container elementor-column-gap-extended\">\n\t\t\t\t\t<div class=\"elementor-column elementor-col-100 elementor-top-column elementor-element elementor-element-ae1b10b sc_content_align_inherit sc_layouts_column_icons_position_left sc_fly_static\" data-id=\"ae1b10b\" data-element_type=\"column\" data-e-type=\"column\">\n\t\t\t<div class=\"elementor-widget-wrap elementor-element-populated\">\n\t\t\t\t\t\t<div class=\"elementor-element elementor-element-eaa6939 sc_height_tiny sc_fly_static elementor-widget elementor-widget-spacer\" data-id=\"eaa6939\" data-element_type=\"widget\" data-e-type=\"widget\" data-widget_type=\"spacer.default\">\n\t\t\t\t<div class=\"elementor-widget-container\">\n\t\t\t\t\t\t\t<div class=\"elementor-spacer\">\n\t\t\t<div class=\"elementor-spacer-inner\"><\/div>\n\t\t<\/div>\n\t\t\t\t\t\t<\/div>\n\t\t\t\t<\/div>\n\t\t\t\t\t<\/div>\n\t\t<\/div>\n\t\t\t\t\t<\/div>\n\t\t<\/section>\n\t\t\t\t<\/div>\n\t\t","protected":false},"excerpt":{"rendered":"<p>Croissant 01 Breakfast Croissant Egg, ham, provolone cheese, lettuce, and tomato with our tasty house sauce, served on a fresh, buttery croissant. 02 Nutella A golden, flaky, all-butter croissant&hellip;<\/p>\n","protected":false},"author":1,"featured_media":0,"parent":0,"menu_order":0,"comment_status":"closed","ping_status":"closed","template":"","meta":{"footnotes":""},"class_list":["post-54581","page","type-page","status-publish","hentry"],"_links":{"self":[{"href":"https:\/\/magasingeneralterrebonne.com\/fr\/wp-json\/wp\/v2\/pages\/54581","targetHints":{"allow":["GET"]}}],"collection":[{"href":"https:\/\/magasingeneralterrebonne.com\/fr\/wp-json\/wp\/v2\/pages"}],"about":[{"href":"https:\/\/magasingeneralterrebonne.com\/fr\/wp-json\/wp\/v2\/types\/page"}],"author":[{"embeddable":true,"href":"https:\/\/magasingeneralterrebonne.com\/fr\/wp-json\/wp\/v2\/users\/1"}],"replies":[{"embeddable":true,"href":"https:\/\/magasingeneralterrebonne.com\/fr\/wp-json\/wp\/v2\/comments?post=54581"}],"version-history":[{"count":12,"href":"https:\/\/magasingeneralterrebonne.com\/fr\/wp-json\/wp\/v2\/pages\/54581\/revisions"}],"predecessor-version":[{"id":54692,"href":"https:\/\/magasingeneralterrebonne.com\/fr\/wp-json\/wp\/v2\/pages\/54581\/revisions\/54692"}],"wp:attachment":[{"href":"https:\/\/magasingeneralterrebonne.com\/fr\/wp-json\/wp\/v2\/media?parent=54581"}],"curies":[{"name":"wp","href":"https:\/\/api.w.org\/{rel}","templated":true}]}}